{"id":1143,"date":"2016-08-25T15:07:45","date_gmt":"2016-08-25T15:07:45","guid":{"rendered":"http:\/\/fppetanca.pt\/fpp\/?page_id=1143"},"modified":"2025-09-09T11:18:23","modified_gmt":"2025-09-09T11:18:23","slug":"orgaos-sociais-da-fpp-e-contactos","status":"publish","type":"page","link":"https:\/\/fppetanca.pt\/fpp\/institucional\/orgaos-sociais-da-fpp-e-contactos\/","title":{"rendered":"Org\u00e3os Sociais"},"content":{"rendered":"[et_pb_section fb_built=&#8221;1&#8243; admin_label=&#8221;section&#8221; _builder_version=&#8221;4.16&#8243; global_colors_info=&#8221;{}&#8221;][et_pb_row admin_label=&#8221;row&#8221; _builder_version=&#8221;4.16&#8243; background_size=&#8221;initial&#8221; background_position=&#8221;top_left&#8221; background_repeat=&#8221;repeat&#8221; global_colors_info=&#8221;{}&#8221;][et_pb_column type=&#8221;4_4&#8243; _builder_version=&#8221;4.16&#8243; custom_padding=&#8221;|||&#8221; global_colors_info=&#8221;{}&#8221; custom_padding__hover=&#8221;|||&#8221;][et_pb_text admin_label=&#8221;Text&#8221; _builder_version=&#8221;4.27.4&#8243; background_size=&#8221;initial&#8221; background_position=&#8221;top_left&#8221; background_repeat=&#8221;repeat&#8221; hover_enabled=&#8221;0&#8243; global_colors_info=&#8221;{}&#8221; sticky_enabled=&#8221;0&#8243;]<h1 style=\"text-align: center;\">FEDERA\u00c7\u00c3O PORTUGUESA DE PETANCA<\/h1>\n<h2 style=\"text-align: center;\">ORG\u00c3OS SOCIAIS<\/h2>\n<p style=\"text-align: center;\">Quadri\u00e9nio 2020-2024<\/p>\n<p>&nbsp;<\/p>\n<h3><strong>ASSEMBLEIA GERAL<\/strong><\/h3>\n<ul>\n<li>PRESIDENTE &#8211; CARLOS EDUARDO DE DEUS PEREIRA<\/li>\n<li>VICE-PRESIDENTE &#8211; ANDR\u00c9 FRANCISCO B\u00c1RBARA NUNES<\/li>\n<li>SECRET\u00c1RIO \u2013 JOANA DEOLINDA MENDES BR\u00c1Z<\/li>\n<\/ul>\n<p>&nbsp;<\/p>\n<hr \/>\n<p>&nbsp;<\/p>\n<h3><strong>PRESIDENTE<\/strong><\/h3>\n<ul>\n<li>MARIA CESALTINA DE JESUS CONCEI\u00c7\u00c3O<\/li>\n<\/ul>\n<p>&nbsp;<\/p>\n<hr \/>\n<p>&nbsp;<\/p>\n<h3><strong>DIRE\u00c7\u00c3O<\/strong><\/h3>\n<ul>\n<li>PRESIDENTE &#8211; MARIA CESALTINA DE JESUS CONCEI\u00c7\u00c3O<\/li>\n<li>VICE-PRESIDENTE &#8211; \u00c1LVARO JOAQUIM RAPOSO RIBEIRO<\/li>\n<li>VICE-PRESIDENTE &#8211; CARLOS MANUEL DA SILVA MONTEIRO<\/li>\n<li>VICE-PRESIDENTE &#8211; CARLOS ALBERTO DA SILVA FIGUEIRAS<\/li>\n<li>SECRET\u00c1RIO-GERAL &#8211; ANABELA DE F\u00c1TIMA QUIT\u00c9RIO RIBEIRO<\/li>\n<li>TESOUREIRO &#8211; VITORINO RODRIGUES GANH\u00c3O<\/li>\n<li>VOGAL &#8211; PEDRO MARTINS LIB\u00c2NIO DE LOPES BR\u00c1S<\/li>\n<li>VOGAL &#8211; TIAGO DO SACRAMENTO MONTEIRO<\/li>\n<li>VOGAL &#8211; NELSON FAISCA DE BRITO FLORO<\/li>\n<\/ul>\n<p>&nbsp;<\/p>\n<hr \/>\n<p>&nbsp;<\/p>\n<h3><strong>CONSELHO FISCAL<\/strong><\/h3>\n<ul>\n<li>PRESIDENTE &#8211; JO\u00c3O MIGUEL PINTO GALV\u00c3O<\/li>\n<li>JAQUELINA MARIA MENDES DE BRITO<\/li>\n<li>C\u00c1TIA GENOV\u00c9VA DE BRITO MENDES<\/li>\n<\/ul>\n<p>&nbsp;<\/p>\n<hr \/>\n<p>&nbsp;<\/p>\n<h3><strong>CONSELHO DE DISCIPLINA <\/strong><\/h3>\n<ul>\n<li>PRESIDENTE &#8211; JOS\u00c9 MOUZINHO DIAS NEVES EUS\u00c9BIO<\/li>\n<li>\u00a0JO\u00c3O MANUEL RODRIGUES GUERREIRO GRENHAS<\/li>\n<li>\u00a0\u00c2NGELA DE JESUS MARTINS AGOSTINHO<\/li>\n<\/ul>\n<p>&nbsp;<\/p>\n<hr \/>\n<p>&nbsp;<\/p>\n<h3><strong>CONSELHO DE JUSTI\u00c7A<\/strong><\/h3>\n<ul>\n<li>PRESIDENTE &#8211; FRANCISCO ANT\u00d3NIO GRADE DIAS NEVES<\/li>\n<li>\u00a0TOM\u00c1S MANUEL GOMES DA COSTA NUNES<\/li>\n<li>\u00a0BRUNO SOUSA COSTA<\/li>\n<\/ul>\n<p>&nbsp;<\/p>\n<hr \/>\n<p>&nbsp;<\/p>\n<h3><strong>CONSELHO DE ARBITRAGEM<\/strong><\/h3>\n<ul>\n<li>PRESIDENTE &#8211; FILIPE JOS\u00c9 DOS SANTOS SEMI\u00c3O<\/li>\n<li>\u00a0PAULO RENATO NUNES GOMES<\/li>\n<li>\u00a0DANIEL MADEIRA MENDES<\/li>\n<\/ul>\n<p>&nbsp;<\/p>\n<hr \/>\n<p>&nbsp;<\/p>\n<p>Documentos:<\/p>\n<p>&nbsp;<\/p>\n<p>\u00a0<\/p>\n<p><\/p>[\/et_pb_text][\/et_pb_column][\/et_pb_row][\/et_pb_section]","protected":false},"excerpt":{"rendered":"<p>FEDERA\u00c7\u00c3O PORTUGUESA DE PETANCA ORG\u00c3OS SOCIAIS Quadri\u00e9nio 2020-2024 &nbsp; ASSEMBLEIA GERAL PRESIDENTE &#8211; CARLOS EDUARDO DE DEUS PEREIRA VICE-PRESIDENTE &#8211; ANDR\u00c9 FRANCISCO B\u00c1RBARA NUNES SECRET\u00c1RIO \u2013 JOANA DEOLINDA MENDES BR\u00c1Z &nbsp; &nbsp; PRESIDENTE MARIA CESALTINA DE JESUS CONCEI\u00c7\u00c3O &nbsp; &nbsp; DIRE\u00c7\u00c3O PRESIDENTE &#8211; MARIA CESALTINA DE JESUS CONCEI\u00c7\u00c3O VICE-PRESIDENTE &#8211; \u00c1LVARO JOAQUIM RAPOSO RIBEIRO VICE-PRESIDENTE [&hellip;]<\/p>\n","protected":false},"author":1,"featured_media":0,"parent":14,"menu_order":3,"comment_status":"closed","ping_status":"closed","template":"","meta":{"_et_pb_use_builder":"on","_et_pb_old_content":"<p style=\"text-align: center;\">FEDERA\u00c7\u00c3O PORTUGUESA DE PETANCA<\/p>\n<p style=\"text-align: center;\">ORG\u00c3OS SOCIAIS<\/p>\n<p style=\"text-align: center;\">Quadri\u00e9nio 2020-2024<\/p>\n<p>&nbsp;<\/p>\n<p><strong>ASSEMBLEIA GERAL<\/strong><\/p>\n<ul>\n<li>PRESIDENTE - CARLOS EDUARDO DE DEUS PEREIRA<\/li>\n<li>VICE-PRESIDENTE - ANDR\u00c9 FRANCISCO B\u00c1RBARA NUNES<\/li>\n<li>SECRET\u00c1RIO \u2013 JOANA DEOLINDA MENDES BR\u00c1Z<\/li>\n<\/ul>\n<p>&nbsp;<\/p>\n<hr>\n<p>&nbsp;<\/p>\n<p><strong>PRESIDENTE<\/strong><\/p>\n<ul>\n<li>\n<p>MARIA CESALTINA DE JESUS CONCEI\u00c7\u00c3O<\/p>\n<\/li>\n<\/ul>\n<p>&nbsp;<\/p>\n<hr>\n<p>&nbsp;<\/p>\n<p><strong>DIRE\u00c7\u00c3O<\/strong><\/p>\n<ul>\n<li>PRESIDENTE - MARIA CESALTINA DE JESUS CONCEI\u00c7\u00c3O<\/li>\n<li>VICE-PRESIDENTE - \u00c1LVARO JOAQUIM RAPOSO RIBEIRO<\/li>\n<li>VICE-PRESIDENTE - CARLOS MANUEL DA SILVA MONTEIRO<\/li>\n<li>VICE-PRESIDENTE - CARLOS ALBERTO DA SILVA FIGUEIRAS<\/li>\n<li>SECRET\u00c1RIO-GERAL - ANABELA DE F\u00c1TIMA QUIT\u00c9RIO RIBEIRO<\/li>\n<li>TESOUREIRO - VITORINO RODRIGUES GANH\u00c3O<\/li>\n<li>VOGAL - PEDRO MARTINS LIB\u00c2NIO DE LOPES BR\u00c1S<\/li>\n<li>VOGAL - TIAGO DO SACRAMENTO MONTEIRO<\/li>\n<li>VOGAL - NELSON FAISCA DE BRITO FLORO<\/li>\n<\/ul>\n<p>&nbsp;<\/p>\n<hr>\n<p>&nbsp;<\/p>\n<p><strong>CONSELHO FISCAL<\/strong><\/p>\n<ul>\n<li>PRESIDENTE - JO\u00c3O MIGUEL PINTO GALV\u00c3O<\/li>\n<li>JAQUELINA MARIA MENDES DE BRITO<\/li>\n<li>C\u00c1TIA GENOV\u00c9VA DE BRITO MENDES<\/li>\n<\/ul>\n<p>&nbsp;<\/p>\n<hr>\n<p>&nbsp;<\/p>\n<p><strong>CONSELHO DE DISCIPLINA <\/strong><\/p>\n<ul>\n<li>PRESIDENTE - JOS\u00c9 MOUZINHO DIAS NEVES EUS\u00c9BIO<\/li>\n<li>&nbsp;JO\u00c3O MANUEL RODRIGUES GUERREIRO GRENHAS<\/li>\n<li>&nbsp;\u00c2NGELA DE JESUS MARTINS AGOSTINHO<\/li>\n<\/ul>\n<p>&nbsp;<\/p>\n<hr>\n<p>&nbsp;<\/p>\n<p><strong>CONSELHO DE JUSTI\u00c7A<\/strong><\/p>\n<ul>\n<li>PRESIDENTE - FRANCISCO ANT\u00d3NIO GRADE DIAS NEVES<\/li>\n<li>&nbsp;TOM\u00c1S MANUEL GOMES DA COSTA NUNES<\/li>\n<li>&nbsp;BRUNO SOUSA COSTA<\/li>\n<\/ul>\n<p>&nbsp;<\/p>\n<hr>\n<p>&nbsp;<\/p>\n<p><strong>CONSELHO DE ARBITRAGEM<\/strong><\/p>\n<ul>\n<li>PRESIDENTE - FILIPE JOS\u00c9 DOS SANTOS SEMI\u00c3O<\/li>\n<li>&nbsp;PAULO RENATO NUNES GOMES<\/li>\n<li>&nbsp;DANIEL MADEIRA MENDES<\/li>\n<\/ul>\n<p>&nbsp;<\/p>\n<hr>\n<p>&nbsp;<\/p>\n<p>Documentos:<\/p>\n<p>&nbsp;<\/p>\n\n<!-- wp:paragraph -->\n<p><\/p>\n<!-- \/wp:paragraph -->","_et_gb_content_width":"","ngg_post_thumbnail":0,"footnotes":""},"class_list":["post-1143","page","type-page","status-publish","hentry"],"_links":{"self":[{"href":"https:\/\/fppetanca.pt\/fpp\/wp-json\/wp\/v2\/pages\/1143","targetHints":{"allow":["GET"]}}],"collection":[{"href":"https:\/\/fppetanca.pt\/fpp\/wp-json\/wp\/v2\/pages"}],"about":[{"href":"https:\/\/fppetanca.pt\/fpp\/wp-json\/wp\/v2\/types\/page"}],"author":[{"embeddable":true,"href":"https:\/\/fppetanca.pt\/fpp\/wp-json\/wp\/v2\/users\/1"}],"replies":[{"embeddable":true,"href":"https:\/\/fppetanca.pt\/fpp\/wp-json\/wp\/v2\/comments?post=1143"}],"version-history":[{"count":13,"href":"https:\/\/fppetanca.pt\/fpp\/wp-json\/wp\/v2\/pages\/1143\/revisions"}],"predecessor-version":[{"id":2492,"href":"https:\/\/fppetanca.pt\/fpp\/wp-json\/wp\/v2\/pages\/1143\/revisions\/2492"}],"up":[{"embeddable":true,"href":"https:\/\/fppetanca.pt\/fpp\/wp-json\/wp\/v2\/pages\/14"}],"wp:attachment":[{"href":"https:\/\/fppetanca.pt\/fpp\/wp-json\/wp\/v2\/media?parent=1143"}],"curies":[{"name":"wp","href":"https:\/\/api.w.org\/{rel}","templated":true}]}}