{"id":1319,"date":"2017-01-24T13:50:26","date_gmt":"2017-01-24T13:50:26","guid":{"rendered":"http:\/\/fppetanca.pt\/fpp\/?page_id=1319"},"modified":"2025-09-09T11:15:21","modified_gmt":"2025-09-09T11:15:21","slug":"o-que-e-a-petanca","status":"publish","type":"page","link":"https:\/\/fppetanca.pt\/fpp\/institucional\/o-que-e-a-petanca\/","title":{"rendered":"O que \u00e9 a petanca?"},"content":{"rendered":"<p>[et_pb_section fb_built=&#8221;1&#8243; admin_label=&#8221;section&#8221; _builder_version=&#8221;4.16&#8243; global_colors_info=&#8221;{}&#8221;][et_pb_row admin_label=&#8221;row&#8221; _builder_version=&#8221;4.16&#8243; background_size=&#8221;initial&#8221; background_position=&#8221;top_left&#8221; background_repeat=&#8221;repeat&#8221; global_colors_info=&#8221;{}&#8221;][et_pb_column type=&#8221;4_4&#8243; _builder_version=&#8221;4.16&#8243; custom_padding=&#8221;|||&#8221; global_colors_info=&#8221;{}&#8221; custom_padding__hover=&#8221;|||&#8221;][et_pb_text admin_label=&#8221;Text&#8221; _builder_version=&#8221;4.16&#8243; background_size=&#8221;initial&#8221; background_position=&#8221;top_left&#8221; background_repeat=&#8221;repeat&#8221; global_colors_info=&#8221;{}&#8221;]<\/p>\n<h2><strong>O que \u00e9 a petanca? <\/strong><\/h2>\n<p>A petanca \u00e9 um jogo de origem francesa, criado no princ\u00edpio do s\u00e9culo XX. O seu nome deriva da express\u00e3o \u201cpieds tanqu\u00e9s\u201d, que significa p\u00e9s juntos. Jogada em todo o sul da Europa, a petanca foi trazida para Portugal na d\u00e9cada de 80 pelos emigrantes, e \u00e9 no Algarve, onde a pr\u00e1tica \u00e9 comum e bastante conhecida, que tem maior aceita\u00e7\u00e3o.<\/p>\n<p>Mais do que apenas um jogo, \u00e9 j\u00e1 considerada um desporto, e existem Federa\u00e7\u00f5es Nacionais que regulamentam a sua pr\u00e1tica. \u00c9 uma actividade de grupo, que se pratica em equipas de n\u00famero vari\u00e1vel de jogadores \u2013 triplas (3&#215;3, com 2 bolas cada um) e duplas (2&#215;2, com 3 bolas cada um) \u2013 ou individualmente (1&#215;1, com 3 bolas cada um). O jogo consiste no lan\u00e7amento de uma s\u00e9rie de bolas met\u00e1licas, com o objectivo de ficar o mais pr\u00f3ximo poss\u00edvel de uma pequena bola de madeira (cochonette), lan\u00e7ada previamente por um jogador.<\/p>\n<p>A petanca tem a vantagem de n\u00e3o ser uma actividade cara e de se poder praticar em qualquer terreno plano, de prefer\u00eancia arenoso, e por qualquer pessoa. Homens ou mulheres, velhos ou novos, fortes ou fracos, todas as pessoas podem \u201catirar as bolas\u201d. A petanca n\u00e3o conhece nem sexo, nem idade, nem estatuto social.<\/p>\n<p>Desporto simples, exercita, contudo, capacidades mentais e f\u00edsicas que v\u00e3o para al\u00e9m das exigidas num passatempo banal. Os praticantes desenvolvem concentra\u00e7\u00e3o, habilidade, intelig\u00eancia, paci\u00eancia, estrat\u00e9gia e resist\u00eancia muscular.<\/p>\n<p>[\/et_pb_text][\/et_pb_column][\/et_pb_row][\/et_pb_section]<\/p>\n","protected":false},"excerpt":{"rendered":"<p>O que \u00e9 a petanca? A petanca \u00e9 um jogo de origem francesa, criado no princ\u00edpio do s\u00e9culo XX. O seu nome deriva da express\u00e3o \u201cpieds tanqu\u00e9s\u201d, que significa p\u00e9s juntos. Jogada em todo o sul da Europa, a petanca foi trazida para Portugal na d\u00e9cada de 80 pelos emigrantes, e \u00e9 no Algarve, onde [&hellip;]<\/p>\n","protected":false},"author":1,"featured_media":0,"parent":14,"menu_order":0,"comment_status":"closed","ping_status":"closed","template":"","meta":{"_et_pb_use_builder":"on","_et_pb_old_content":"<strong>O que \u00e9 a petanca? <\/strong>\r\n\r\nA petanca \u00e9 um jogo de origem francesa, criado no princ\u00edpio do s\u00e9culo XX. O seu nome deriva da express\u00e3o \u201cpieds tanqu\u00e9s\u201d, que significa p\u00e9s juntos. Jogada em todo o sul da Europa, a petanca foi trazida para Portugal na d\u00e9cada de 80 pelos emigrantes, e \u00e9 no Algarve, onde a pr\u00e1tica \u00e9 comum e bastante conhecida, que tem maior aceita\u00e7\u00e3o.\r\n\r\nMais do que apenas um jogo, \u00e9 j\u00e1 considerada um desporto, e existem Federa\u00e7\u00f5es Nacionais que regulamentam a sua pr\u00e1tica. \u00c9 uma actividade de grupo, que se pratica em equipas de n\u00famero vari\u00e1vel de jogadores \u2013 triplas (3x3, com 2 bolas cada um) e duplas (2x2, com 3 bolas cada um) \u2013 ou individualmente (1x1, com 3 bolas cada um). O jogo consiste no lan\u00e7amento de uma s\u00e9rie de bolas met\u00e1licas, com o objectivo de ficar o mais pr\u00f3ximo poss\u00edvel de uma pequena bola de madeira (cochonette), lan\u00e7ada previamente por um jogador.\r\n\r\nA petanca tem a vantagem de n\u00e3o ser uma actividade cara e de se poder praticar em qualquer terreno plano, de prefer\u00eancia arenoso, e por qualquer pessoa. Homens ou mulheres, velhos ou novos, fortes ou fracos, todas as pessoas podem \u201catirar as bolas\u201d. A petanca n\u00e3o conhece nem sexo, nem idade, nem estatuto social.\r\n\r\nDesporto simples, exercita, contudo, capacidades mentais e f\u00edsicas que v\u00e3o para al\u00e9m das exigidas num passatempo banal. Os praticantes desenvolvem concentra\u00e7\u00e3o, habilidade, intelig\u00eancia, paci\u00eancia, estrat\u00e9gia e resist\u00eancia muscular.","_et_gb_content_width":"","ngg_post_thumbnail":0,"footnotes":""},"class_list":["post-1319","page","type-page","status-publish","hentry"],"_links":{"self":[{"href":"https:\/\/fppetanca.pt\/fpp\/wp-json\/wp\/v2\/pages\/1319","targetHints":{"allow":["GET"]}}],"collection":[{"href":"https:\/\/fppetanca.pt\/fpp\/wp-json\/wp\/v2\/pages"}],"about":[{"href":"https:\/\/fppetanca.pt\/fpp\/wp-json\/wp\/v2\/types\/page"}],"author":[{"embeddable":true,"href":"https:\/\/fppetanca.pt\/fpp\/wp-json\/wp\/v2\/users\/1"}],"replies":[{"embeddable":true,"href":"https:\/\/fppetanca.pt\/fpp\/wp-json\/wp\/v2\/comments?post=1319"}],"version-history":[{"count":3,"href":"https:\/\/fppetanca.pt\/fpp\/wp-json\/wp\/v2\/pages\/1319\/revisions"}],"predecessor-version":[{"id":2489,"href":"https:\/\/fppetanca.pt\/fpp\/wp-json\/wp\/v2\/pages\/1319\/revisions\/2489"}],"up":[{"embeddable":true,"href":"https:\/\/fppetanca.pt\/fpp\/wp-json\/wp\/v2\/pages\/14"}],"wp:attachment":[{"href":"https:\/\/fppetanca.pt\/fpp\/wp-json\/wp\/v2\/media?parent=1319"}],"curies":[{"name":"wp","href":"https:\/\/api.w.org\/{rel}","templated":true}]}}