{"id":1335,"date":"2017-01-25T15:11:25","date_gmt":"2017-01-25T15:11:25","guid":{"rendered":"http:\/\/fppetanca.pt\/fpp\/?page_id=1335"},"modified":"2025-12-20T10:04:49","modified_gmt":"2025-12-20T10:04:49","slug":"ipdj","status":"publish","type":"page","link":"https:\/\/fppetanca.pt\/fpp\/ipdj\/","title":{"rendered":"IPDJ"},"content":{"rendered":"<p>[et_pb_section fb_built=&#8221;1&#8243; _builder_version=&#8221;4.16&#8243; global_colors_info=&#8221;{}&#8221;][et_pb_row _builder_version=&#8221;4.16&#8243; background_size=&#8221;initial&#8221; background_position=&#8221;top_left&#8221; background_repeat=&#8221;repeat&#8221; global_colors_info=&#8221;{}&#8221;][et_pb_column type=&#8221;4_4&#8243; _builder_version=&#8221;4.16&#8243; custom_padding=&#8221;|||&#8221; global_colors_info=&#8221;{}&#8221; custom_padding__hover=&#8221;|||&#8221;][et_pb_text _builder_version=&#8221;4.27.4&#8243; _module_preset=&#8221;default&#8221; global_colors_info=&#8221;{}&#8221;]<\/p>\n<h2>Contratos \/ Programa de Desenvolvimento Desportivo<\/h2>\n<p>[\/et_pb_text][\/et_pb_column][\/et_pb_row][et_pb_row _builder_version=&#8221;4.27.4&#8243; _module_preset=&#8221;default&#8221; global_colors_info=&#8221;{}&#8221;][et_pb_column type=&#8221;4_4&#8243; _builder_version=&#8221;4.27.4&#8243; _module_preset=&#8221;default&#8221; global_colors_info=&#8221;{}&#8221;][et_pb_text _builder_version=&#8221;4.27.4&#8243; _module_preset=&#8221;default&#8221; global_colors_info=&#8221;{}&#8221;]<\/p>\n<p>Contratos \/ Programa de Desenvolvimento Desportivo celebrados entre o INSTITUTO PORTUGU\u00caS DO DESPORTO E JUVENTUDE, I. P. e a FEDERA\u00c7\u00c3O PORTUGUESA DE PETANCA<\/p>\n<p>[\/et_pb_text][et_pb_text _builder_version=&#8221;4.27.5&#8243; _module_preset=&#8221;default&#8221; hover_enabled=&#8221;0&#8243; sticky_enabled=&#8221;0&#8243;]<\/p>\n<p><strong>Planos Desenvolvimento Desportivo<\/strong><\/p>\n<ul>\n<li><a href=\"https:\/\/fppetanca.pt\/fpp\/wp-content\/uploads\/2025\/12\/Plano-Desenvolvimento-Desportivo-da-FPP-2025_2028.pdf\" rel=\"attachment wp-att-2515\">Plano Desenvolvimento Desportivo da FPP &#8211; 2025_2028<\/a><\/li>\n<\/ul>\n<p>[\/et_pb_text][et_pb_text _builder_version=&#8221;4.27.4&#8243; _module_preset=&#8221;default&#8221; global_colors_info=&#8221;{}&#8221;]<\/p>\n<p><strong>Contratos \/ Programa:<\/strong><\/p>\n<ul>\n<li><a id=\"wp-block-file--media-274cc988-bbf0-4d90-86a0-d80e118ea7f1\" href=\"https:\/\/fppetanca.pt\/fpp\/wp-content\/uploads\/2022\/11\/IDPJ_Contrato_Programa_2021.pdf\" target=\"_blank\" rel=\"noreferrer noopener\">2021 &#8211; Contrato Programa<\/a><\/li>\n<li><a id=\"wp-block-file--media-2d2f6b7f-8fcf-404a-b2fd-9b90e0a1f3c3\" href=\"https:\/\/fppetanca.pt\/fpp\/wp-content\/uploads\/2022\/11\/IDPJ_Contrato_Programa_2020.pdf\" target=\"_blank\" rel=\"noreferrer noopener\">2020 &#8211; Contrato_Programa<\/a><\/li>\n<li><a id=\"wp-block-file--media-2ac9a2f5-3b91-4f57-aa32-9e7a0e01072d\" href=\"https:\/\/fppetanca.pt\/fpp\/wp-content\/uploads\/2019\/12\/2019_idpj_RECURSOS-HUMANOS.pdf\" target=\"_blank\" rel=\"noreferrer noopener\">2019 &#8211; Contrato Programa &#8211; RECURSOS HUMANOS<\/a><\/li>\n<li><a id=\"wp-block-file--media-6fce406d-ca25-4059-b01e-ce2fc13b869a\" href=\"https:\/\/fppetanca.pt\/fpp\/wp-content\/uploads\/2019\/12\/2019_idpj_ATIVIDADES-REGULARES.pdf\" target=\"_blank\" rel=\"noreferrer noopener\">2019 &#8211; Contrato Programa &#8211; ATIVIDADES REGULARES<\/a><\/li>\n<li><a id=\"wp-block-file--media-d9a239e2-5785-4c2f-8723-854c110d5dc8\" href=\"https:\/\/fppetanca.pt\/fpp\/wp-content\/uploads\/2019\/06\/2019_CONTRATO_PROGRAMA_141-DDP-2019.pdf\" target=\"_blank\" rel=\"noreferrer noopener\">2019 &#8211; Contrato Programa 141-DDP-2019<\/a><\/li>\n<li><a id=\"wp-block-file--media-7e4565e3-52ea-47c2-a22e-7a8ef3e84603\" href=\"https:\/\/fppetanca.pt\/fpp\/wp-content\/uploads\/2017\/01\/Contrato-Programa-2016-1.pdf\" target=\"_blank\" rel=\"noreferrer noopener\">2016 &#8211; Contrato Programa<\/a><\/li>\n<li><a id=\"wp-block-file--media-edf44c8d-17e8-4429-806b-79f4be3b261a\" href=\"https:\/\/fppetanca.pt\/fpp\/wp-content\/uploads\/2016\/03\/CP-FORMA\u00c7\u00c3O-RECURSOS-HUMANOS.pdf\" target=\"_blank\" rel=\"noreferrer noopener\">2015 &#8211; CP &#8211; Forma\u00e7\u00e3o Recursos Humanos<\/a><\/li>\n<li><a id=\"wp-block-file--media-c92a45ad-c6ea-457c-9b10-43b936fb093f\" href=\"https:\/\/fppetanca.pt\/fpp\/wp-content\/uploads\/2016\/03\/CONTRATO-PROGRAMA-2015.pdf\" target=\"_blank\" rel=\"noreferrer noopener\">2015 &#8211; Contrato Programa<\/a><\/li>\n<\/ul>\n<p>[\/et_pb_text][\/et_pb_column][\/et_pb_row][\/et_pb_section]<\/p>\n","protected":false},"excerpt":{"rendered":"<p>Contratos \/ Programa de Desenvolvimento DesportivoContratos \/ Programa de Desenvolvimento Desportivo celebrados entre o INSTITUTO PORTUGU\u00caS DO DESPORTO E JUVENTUDE, I. P. e a FEDERA\u00c7\u00c3O PORTUGUESA DE PETANCAPlanos Desenvolvimento Desportivo Plano Desenvolvimento Desportivo da FPP &#8211; 2025_2028 Contratos \/ Programa: 2021 &#8211; Contrato Programa 2020 &#8211; Contrato_Programa 2019 &#8211; Contrato Programa &#8211; RECURSOS HUMANOS 2019 [&hellip;]<\/p>\n","protected":false},"author":1,"featured_media":0,"parent":0,"menu_order":6,"comment_status":"closed","ping_status":"closed","template":"","meta":{"_et_pb_use_builder":"on","_et_pb_old_content":"<!-- wp:paragraph {\"align\":\"left\"} -->\n<p class=\"has-text-align-left\">Contratos \/ Programa de Desenvolvimento Desportivo celebrados entre o<br> INSTITUTO PORTUGU\u00caS DO DESPORTO E JUVENTUDE, I. P. <br>e a FEDERA\u00c7\u00c3O PORTUGUESA DE PETANCA<\/p>\n<!-- \/wp:paragraph -->\n\n<!-- wp:paragraph -->\n<p>&nbsp;<\/p>\n<!-- \/wp:paragraph -->\n\n<!-- wp:paragraph {\"textColor\":\"black\",\"fontSize\":\"medium\"} -->\n<p class=\"has-black-color has-text-color has-medium-font-size\"><strong>Contratos \/ Programa:<\/strong><\/p>\n<!-- \/wp:paragraph -->\n\n<!-- wp:group {\"textColor\":\"black\",\"fontSize\":\"medium\",\"layout\":{\"type\":\"constrained\"}} -->\n<div class=\"wp-block-group has-black-color has-text-color has-medium-font-size\"><!-- wp:file {\"id\":1876,\"href\":\"https:\/\/fppetanca.pt\/fpp\/wp-content\/uploads\/2022\/11\/IDPJ_Contrato_Programa_2021.pdf\",\"displayPreview\":false} -->\n<div class=\"wp-block-file\"><a id=\"wp-block-file--media-274cc988-bbf0-4d90-86a0-d80e118ea7f1\" href=\"https:\/\/fppetanca.pt\/fpp\/wp-content\/uploads\/2022\/11\/IDPJ_Contrato_Programa_2021.pdf\" target=\"_blank\" rel=\"noreferrer noopener\">2021 - Contrato Programa<\/a><a href=\"https:\/\/fppetanca.pt\/fpp\/wp-content\/uploads\/2022\/11\/IDPJ_Contrato_Programa_2021.pdf\" class=\"wp-block-file__button wp-element-button\" download aria-describedby=\"wp-block-file--media-274cc988-bbf0-4d90-86a0-d80e118ea7f1\">Descarregar<\/a><\/div>\n<!-- \/wp:file -->\n\n<!-- wp:file {\"id\":1873,\"href\":\"https:\/\/fppetanca.pt\/fpp\/wp-content\/uploads\/2022\/11\/IDPJ_Contrato_Programa_2020.pdf\",\"displayPreview\":false} -->\n<div class=\"wp-block-file\"><a id=\"wp-block-file--media-2d2f6b7f-8fcf-404a-b2fd-9b90e0a1f3c3\" href=\"https:\/\/fppetanca.pt\/fpp\/wp-content\/uploads\/2022\/11\/IDPJ_Contrato_Programa_2020.pdf\" target=\"_blank\" rel=\"noreferrer noopener\">2020 - Contrato_Programa<\/a><a href=\"https:\/\/fppetanca.pt\/fpp\/wp-content\/uploads\/2022\/11\/IDPJ_Contrato_Programa_2020.pdf\" class=\"wp-block-file__button wp-element-button\" download aria-describedby=\"wp-block-file--media-2d2f6b7f-8fcf-404a-b2fd-9b90e0a1f3c3\">Descarregar<\/a><\/div>\n<!-- \/wp:file -->\n\n<!-- wp:file {\"id\":1733,\"href\":\"http:\/\/fppetanca.pt\/fpp\/wp-content\/uploads\/2019\/12\/2019_idpj_RECURSOS-HUMANOS.pdf\"} -->\n<div class=\"wp-block-file\"><a id=\"wp-block-file--media-2ac9a2f5-3b91-4f57-aa32-9e7a0e01072d\" href=\"http:\/\/fppetanca.pt\/fpp\/wp-content\/uploads\/2019\/12\/2019_idpj_RECURSOS-HUMANOS.pdf\" target=\"_blank\" rel=\"noreferrer noopener\"> 2019 -  Contrato Programa -  RECURSOS HUMANOS<\/a><a href=\"http:\/\/fppetanca.pt\/fpp\/wp-content\/uploads\/2019\/12\/2019_idpj_RECURSOS-HUMANOS.pdf\" class=\"wp-block-file__button wp-element-button\" download aria-describedby=\"wp-block-file--media-2ac9a2f5-3b91-4f57-aa32-9e7a0e01072d\">Descarregar<\/a><\/div>\n<!-- \/wp:file -->\n\n<!-- wp:file {\"id\":1732,\"href\":\"http:\/\/fppetanca.pt\/fpp\/wp-content\/uploads\/2019\/12\/2019_idpj_ATIVIDADES-REGULARES.pdf\"} -->\n<div class=\"wp-block-file\"><a id=\"wp-block-file--media-6fce406d-ca25-4059-b01e-ce2fc13b869a\" href=\"http:\/\/fppetanca.pt\/fpp\/wp-content\/uploads\/2019\/12\/2019_idpj_ATIVIDADES-REGULARES.pdf\" target=\"_blank\" rel=\"noreferrer noopener\">2019 -  Contrato Programa - ATIVIDADES REGULARES<\/a><a href=\"http:\/\/fppetanca.pt\/fpp\/wp-content\/uploads\/2019\/12\/2019_idpj_ATIVIDADES-REGULARES.pdf\" class=\"wp-block-file__button wp-element-button\" download aria-describedby=\"wp-block-file--media-6fce406d-ca25-4059-b01e-ce2fc13b869a\">Descarregar<\/a><\/div>\n<!-- \/wp:file -->\n\n<!-- wp:file {\"id\":1702,\"href\":\"http:\/\/fppetanca.pt\/fpp\/wp-content\/uploads\/2019\/06\/2019_CONTRATO_PROGRAMA_141-DDP-2019.pdf\"} -->\n<div class=\"wp-block-file\"><a id=\"wp-block-file--media-d9a239e2-5785-4c2f-8723-854c110d5dc8\" href=\"http:\/\/fppetanca.pt\/fpp\/wp-content\/uploads\/2019\/06\/2019_CONTRATO_PROGRAMA_141-DDP-2019.pdf\" target=\"_blank\" rel=\"noreferrer noopener\">2019 - Contrato Programa 141-DDP-2019<\/a><a href=\"http:\/\/fppetanca.pt\/fpp\/wp-content\/uploads\/2019\/06\/2019_CONTRATO_PROGRAMA_141-DDP-2019.pdf\" class=\"wp-block-file__button wp-element-button\" download aria-describedby=\"wp-block-file--media-d9a239e2-5785-4c2f-8723-854c110d5dc8\">Descarregar<\/a><\/div>\n<!-- \/wp:file -->\n\n<!-- wp:file {\"id\":1336,\"href\":\"http:\/\/fppetanca.pt\/fpp\/wp-content\/uploads\/2017\/01\/Contrato-Programa-2016-1.pdf\"} -->\n<div class=\"wp-block-file\"><a id=\"wp-block-file--media-7e4565e3-52ea-47c2-a22e-7a8ef3e84603\" href=\"http:\/\/fppetanca.pt\/fpp\/wp-content\/uploads\/2017\/01\/Contrato-Programa-2016-1.pdf\" target=\"_blank\" rel=\"noreferrer noopener\">2016 - Contrato Programa<\/a><a href=\"http:\/\/fppetanca.pt\/fpp\/wp-content\/uploads\/2017\/01\/Contrato-Programa-2016-1.pdf\" class=\"wp-block-file__button wp-element-button\" download aria-describedby=\"wp-block-file--media-7e4565e3-52ea-47c2-a22e-7a8ef3e84603\"> Descarregar <\/a><\/div>\n<!-- \/wp:file -->\n\n<!-- wp:file {\"id\":742,\"href\":\"http:\/\/fppetanca.pt\/fpp\/wp-content\/uploads\/2016\/03\/CP-FORMA\u00c7\u00c3O-RECURSOS-HUMANOS.pdf\"} -->\n<div class=\"wp-block-file\"><a id=\"wp-block-file--media-edf44c8d-17e8-4429-806b-79f4be3b261a\" href=\"http:\/\/fppetanca.pt\/fpp\/wp-content\/uploads\/2016\/03\/CP-FORMA\u00c7\u00c3O-RECURSOS-HUMANOS.pdf\" target=\"_blank\" rel=\"noreferrer noopener\">2015 - CP - Forma\u00e7\u00e3o Recursos Humanos<\/a><a href=\"http:\/\/fppetanca.pt\/fpp\/wp-content\/uploads\/2016\/03\/CP-FORMA\u00c7\u00c3O-RECURSOS-HUMANOS.pdf\" class=\"wp-block-file__button wp-element-button\" download aria-describedby=\"wp-block-file--media-edf44c8d-17e8-4429-806b-79f4be3b261a\">Descarregar<\/a><\/div>\n<!-- \/wp:file -->\n\n<!-- wp:file {\"id\":740,\"href\":\"http:\/\/fppetanca.pt\/fpp\/wp-content\/uploads\/2016\/03\/CONTRATO-PROGRAMA-2015.pdf\"} -->\n<div class=\"wp-block-file\"><a id=\"wp-block-file--media-c92a45ad-c6ea-457c-9b10-43b936fb093f\" href=\"http:\/\/fppetanca.pt\/fpp\/wp-content\/uploads\/2016\/03\/CONTRATO-PROGRAMA-2015.pdf\" target=\"_blank\" rel=\"noreferrer noopener\">2015 - Contrato Programa<\/a><a href=\"http:\/\/fppetanca.pt\/fpp\/wp-content\/uploads\/2016\/03\/CONTRATO-PROGRAMA-2015.pdf\" class=\"wp-block-file__button wp-element-button\" download aria-describedby=\"wp-block-file--media-c92a45ad-c6ea-457c-9b10-43b936fb093f\"> Descarregar <\/a><\/div>\n<!-- \/wp:file --><\/div>\n<!-- \/wp:group -->","_et_gb_content_width":"","ngg_post_thumbnail":0,"footnotes":""},"class_list":["post-1335","page","type-page","status-publish","hentry"],"_links":{"self":[{"href":"https:\/\/fppetanca.pt\/fpp\/wp-json\/wp\/v2\/pages\/1335","targetHints":{"allow":["GET"]}}],"collection":[{"href":"https:\/\/fppetanca.pt\/fpp\/wp-json\/wp\/v2\/pages"}],"about":[{"href":"https:\/\/fppetanca.pt\/fpp\/wp-json\/wp\/v2\/types\/page"}],"author":[{"embeddable":true,"href":"https:\/\/fppetanca.pt\/fpp\/wp-json\/wp\/v2\/users\/1"}],"replies":[{"embeddable":true,"href":"https:\/\/fppetanca.pt\/fpp\/wp-json\/wp\/v2\/comments?post=1335"}],"version-history":[{"count":20,"href":"https:\/\/fppetanca.pt\/fpp\/wp-json\/wp\/v2\/pages\/1335\/revisions"}],"predecessor-version":[{"id":2523,"href":"https:\/\/fppetanca.pt\/fpp\/wp-json\/wp\/v2\/pages\/1335\/revisions\/2523"}],"wp:attachment":[{"href":"https:\/\/fppetanca.pt\/fpp\/wp-json\/wp\/v2\/media?parent=1335"}],"curies":[{"name":"wp","href":"https:\/\/api.w.org\/{rel}","templated":true}]}}