{"id":1940,"date":"2022-11-27T15:42:10","date_gmt":"2022-11-27T15:42:10","guid":{"rendered":"https:\/\/fppetanca.pt\/fpp\/?page_id=1940"},"modified":"2025-05-02T21:38:00","modified_gmt":"2025-05-02T21:38:00","slug":"associacao-de-petanca-zona-centro2-2","status":"publish","type":"page","link":"https:\/\/fppetanca.pt\/fpp\/socios\/associacao-de-petanca-zona-centro2-2\/","title":{"rendered":"Associa\u00e7\u00e3o de P\u00e9tanca da Madeira"},"content":{"rendered":"[et_pb_section fb_built=&#8221;1&#8243; admin_label=&#8221;section&#8221; _builder_version=&#8221;4.16&#8243; global_colors_info=&#8221;{}&#8221;][et_pb_row admin_label=&#8221;row&#8221; _builder_version=&#8221;4.16&#8243; background_size=&#8221;initial&#8221; background_position=&#8221;top_left&#8221; background_repeat=&#8221;repeat&#8221; global_colors_info=&#8221;{}&#8221;][et_pb_column type=&#8221;4_4&#8243; _builder_version=&#8221;4.16&#8243; custom_padding=&#8221;|||&#8221; global_colors_info=&#8221;{}&#8221; custom_padding__hover=&#8221;|||&#8221;][et_pb_text admin_label=&#8221;Text&#8221; _builder_version=&#8221;4.16&#8243; background_size=&#8221;initial&#8221; background_position=&#8221;top_left&#8221; background_repeat=&#8221;repeat&#8221; global_colors_info=&#8221;{}&#8221;]<p><strong>Associa\u00e7\u00e3o de P\u00e9tanca da Madeira<\/strong><\/p>\n<p>Rua Funda\u00e7\u00e3o Zino \u2013 Edif. Stylo Residenza I Apt 1D<br \/>9000 \u2013 120\u00a0 FUNCHAL\u00a0<\/p>\n<p>Presidente: <strong>F\u00e1bio Gomes <\/strong><\/p>\n<p>E-mail: <a href=\"mailto:apetancamadeira@hotmail.com\">apetancamadeira@hotmail.com<\/a><\/p>\n<p>&nbsp;<\/p>\n<p><strong style=\"font-size: 13px; line-height: 19px;\">Clubes<\/strong>:<\/p>\n<ul>\n<li>\n<p><strong>Clube Escola da Torre<\/strong><br \/>Rua de Santa Cecilia n\u00ba 02<br \/>9300 \u2013 066 C\u00c2MARA DE LOBOS<br \/><a href=\"mailto:clube.escola.torre@gmail.com\">clube.escola.torre@gmail.com<\/a><\/p>\n<\/li>\n<\/ul>\n<p>&nbsp;<\/p>\n<ul>\n<li>\n<p><strong>Associa\u00e7\u00e3o Cultural e Desportiva da Boaventura\u00a0<\/strong><br \/>Estrada Municipal S\u00e3o Crist\u00f3v\u00e3o,\u00a0 n\u00ba 36<br \/>9240 \u2013 046 BOAVENTURA<br \/><a href=\"mailto:boaventuraacd@gmail.com\">boaventuraacd@gmail.com<\/a><\/p>\n<\/li>\n<\/ul>\n<p>&nbsp;<\/p>\n<ul>\n<li>\n<p><strong>Clube Desportivo Recreativo Santanense<\/strong><br \/>Rua Dr. Jo\u00e3o Abel de Freitas, n\u00ba 23<br \/>9230 \u2013 123 SANTANA<br \/><a href=\"mailto:santanense@sapo.pt\">santanense@sapo.pt<\/a><\/p>\n<\/li>\n<\/ul>\n<p>&nbsp;<\/p>\n<ul>\n<li>\n<p><strong>Estrela da Calheta Futebol Clube\u00a0<\/strong><br \/>Impasse da Estrela,\u00a0 \u00a0n\u00ba121<br \/>9370 \u2013 139\u00a0 CALHETA<br \/><a href=\"mailto:estreladacalheta1964@gmail.com\">estreladacalheta1964@gmail.com<\/a><\/p>\n<\/li>\n<\/ul>\n<p>&nbsp;<\/p>\n<p>&nbsp;<\/p>\n<p><\/p>\n<p><strong>Contratos Programa:<\/strong><\/p>\n<p><\/p>\n<p><\/p>\n<p><\/p>[\/et_pb_text][\/et_pb_column][\/et_pb_row][\/et_pb_section]","protected":false},"excerpt":{"rendered":"<p>Associa\u00e7\u00e3o de P\u00e9tanca da Madeira Rua Funda\u00e7\u00e3o Zino \u2013 Edif. Stylo Residenza I Apt 1D9000 \u2013 120\u00a0 FUNCHAL\u00a0 Presidente: F\u00e1bio Gomes E-mail: apetancamadeira@hotmail.com &nbsp; Clubes: Clube Escola da TorreRua de Santa Cecilia n\u00ba 029300 \u2013 066 C\u00c2MARA DE LOBOSclube.escola.torre@gmail.com &nbsp; Associa\u00e7\u00e3o Cultural e Desportiva da Boaventura\u00a0Estrada Municipal S\u00e3o Crist\u00f3v\u00e3o,\u00a0 n\u00ba 369240 \u2013 046 BOAVENTURAboaventuraacd@gmail.com &nbsp; [&hellip;]<\/p>\n","protected":false},"author":1,"featured_media":0,"parent":35,"menu_order":0,"comment_status":"closed","ping_status":"closed","template":"","meta":{"_et_pb_use_builder":"on","_et_pb_old_content":"<p><strong>Associa\u00e7\u00e3o de P\u00e9tanca da Madeira<\/strong><\/p>\n<p>Rua Funda\u00e7\u00e3o Zino \u2013 Edif. Stylo Residenza I Apt 1D<br>9000 \u2013 120&nbsp; FUNCHAL&nbsp;<\/p>\n<p>Presidente: <strong>F\u00e1bio Gomes <\/strong><\/p>\n<p>E-mail: <a href=\"mailto:apetancamadeira@hotmail.com\">apetancamadeira@hotmail.com<\/a><\/p>\n<p>&nbsp;<\/p>\n<p><strong style=\"font-size: 13px; line-height: 19px;\">Clubes<\/strong>:<\/p>\n<ul>\n<li>\n<p><strong>Clube Escola da Torre<\/strong><br>Rua de Santa Cecilia n\u00ba 02<br>9300 \u2013 066 C\u00c2MARA DE LOBOS<br>clube.escola.torre@gmail.com<\/p>\n<\/li>\n<li>\n<p><strong>Associa\u00e7\u00e3o Cultural e Desportiva da Boaventura&nbsp;<\/strong><br>Estrada Municipal S\u00e3o Crist\u00f3v\u00e3o,&nbsp; n\u00ba 36<br>9240 \u2013 046 BOAVENTURA<br>boaventuraacd@gmail.com<\/p>\n<\/li>\n<li>\n<p><strong>Clube Desportivo Recreativo Santanense<\/strong><br>Rua Dr. Jo\u00e3o Abel de Freitas, n\u00ba 23<br>9230 \u2013 123 SANTANA<br>santanense@sapo.pt<\/p>\n<\/li>\n<li>\n<p><strong>Estrela da Calheta Futebol Clube&nbsp;<\/strong><br>Impasse da Estrela,&nbsp; &nbsp;n\u00ba121<br>9370 \u2013 139&nbsp; CALHETA<br>estreladacalheta1964@gmail.com<\/p>\n<\/li>\n<\/ul>\n<p>&nbsp;<\/p>\n\n<!-- wp:paragraph -->\n<p><strong>Contratos Programa:<\/strong><\/p>\n<!-- \/wp:paragraph -->\n\n<!-- wp:paragraph -->\n<p><\/p>\n<!-- \/wp:paragraph -->","_et_gb_content_width":"","ngg_post_thumbnail":0,"footnotes":""},"class_list":["post-1940","page","type-page","status-publish","hentry"],"_links":{"self":[{"href":"https:\/\/fppetanca.pt\/fpp\/wp-json\/wp\/v2\/pages\/1940","targetHints":{"allow":["GET"]}}],"collection":[{"href":"https:\/\/fppetanca.pt\/fpp\/wp-json\/wp\/v2\/pages"}],"about":[{"href":"https:\/\/fppetanca.pt\/fpp\/wp-json\/wp\/v2\/types\/page"}],"author":[{"embeddable":true,"href":"https:\/\/fppetanca.pt\/fpp\/wp-json\/wp\/v2\/users\/1"}],"replies":[{"embeddable":true,"href":"https:\/\/fppetanca.pt\/fpp\/wp-json\/wp\/v2\/comments?post=1940"}],"version-history":[{"count":7,"href":"https:\/\/fppetanca.pt\/fpp\/wp-json\/wp\/v2\/pages\/1940\/revisions"}],"predecessor-version":[{"id":2258,"href":"https:\/\/fppetanca.pt\/fpp\/wp-json\/wp\/v2\/pages\/1940\/revisions\/2258"}],"up":[{"embeddable":true,"href":"https:\/\/fppetanca.pt\/fpp\/wp-json\/wp\/v2\/pages\/35"}],"wp:attachment":[{"href":"https:\/\/fppetanca.pt\/fpp\/wp-json\/wp\/v2\/media?parent=1940"}],"curies":[{"name":"wp","href":"https:\/\/api.w.org\/{rel}","templated":true}]}}