{"id":197,"date":"2013-12-10T23:00:09","date_gmt":"2013-12-10T23:00:09","guid":{"rendered":"http:\/\/fppetanca.pt\/fpp\/?page_id=197"},"modified":"2025-07-09T18:31:10","modified_gmt":"2025-07-09T18:31:10","slug":"ass-petanca-barlavento-algarvio-e-sudoeste-alentejano","status":"publish","type":"page","link":"https:\/\/fppetanca.pt\/fpp\/socios\/ass-petanca-barlavento-algarvio-e-sudoeste-alentejano\/","title":{"rendered":"Ass. P\u00e9tanca Barlavento Algarvio e Sudoeste Alentejano"},"content":{"rendered":"[et_pb_section fb_built=&#8221;1&#8243; admin_label=&#8221;section&#8221; _builder_version=&#8221;4.16&#8243; global_colors_info=&#8221;{}&#8221;][et_pb_row admin_label=&#8221;row&#8221; _builder_version=&#8221;4.16&#8243; background_size=&#8221;initial&#8221; background_position=&#8221;top_left&#8221; background_repeat=&#8221;repeat&#8221; global_colors_info=&#8221;{}&#8221;][et_pb_column type=&#8221;4_4&#8243; _builder_version=&#8221;4.16&#8243; custom_padding=&#8221;|||&#8221; global_colors_info=&#8221;{}&#8221; custom_padding__hover=&#8221;|||&#8221;][et_pb_text admin_label=&#8221;Text&#8221; _builder_version=&#8221;4.27.4&#8243; background_size=&#8221;initial&#8221; background_position=&#8221;top_left&#8221; background_repeat=&#8221;repeat&#8221; hover_enabled=&#8221;0&#8243; global_colors_info=&#8221;{}&#8221; sticky_enabled=&#8221;0&#8243;]<h3><a href=\"https:\/\/fppetanca.pt\/fpp\/wp-content\/uploads\/2014\/04\/logo_apbasa.png\"><img loading=\"lazy\" decoding=\"async\" src=\"https:\/\/fppetanca.pt\/fpp\/wp-content\/uploads\/2014\/04\/logo_apbasa.png\" width=\"230\" height=\"230\" alt=\"\" class=\"wp-image-351 alignleft size-full\" style=\"float: right;\" srcset=\"https:\/\/fppetanca.pt\/fpp\/wp-content\/uploads\/2014\/04\/logo_apbasa.png 230w, https:\/\/fppetanca.pt\/fpp\/wp-content\/uploads\/2014\/04\/logo_apbasa-150x150.png 150w, https:\/\/fppetanca.pt\/fpp\/wp-content\/uploads\/2014\/04\/logo_apbasa-184x184.png 184w, https:\/\/fppetanca.pt\/fpp\/wp-content\/uploads\/2014\/04\/logo_apbasa-48x48.png 48w, https:\/\/fppetanca.pt\/fpp\/wp-content\/uploads\/2014\/04\/logo_apbasa-186x186.png 186w\" sizes=\"(max-width: 230px) 100vw, 230px\" \/><\/a>Associa\u00e7\u00e3o de P\u00e9tanca Barlavento Algarvio e Sudoeste Alentejano<\/h3>\n<p><!-- \/wp:post-content --><\/p>\n<p><!-- wp:paragraph --><\/p>\n<p>Loja CTT, Apartado<br \/>8601- 911\u00a0 Lagos<!-- wp:paragraph --><\/p>\n<p><!-- \/wp:paragraph --><\/p>\n<p>Presidente: <strong>Ana Paula Dias<\/strong><\/p>\n<p><!-- wp:paragraph --><\/p>\n<p>Tel: 282 764 222\u00a0\u00a0 \/ Fax: 282 767 122<br \/>E-mail: apbasa.associacaopetanca@gmail.com<\/p>\n<p><!-- \/wp:paragraph --><\/p>[\/et_pb_text][\/et_pb_column][\/et_pb_row][et_pb_row column_structure=&#8221;1_2,1_2&#8243; _builder_version=&#8221;4.27.4&#8243; _module_preset=&#8221;default&#8221; global_colors_info=&#8221;{}&#8221;][et_pb_column type=&#8221;1_2&#8243; _builder_version=&#8221;4.27.4&#8243; _module_preset=&#8221;default&#8221; global_colors_info=&#8221;{}&#8221;][et_pb_text _builder_version=&#8221;4.27.4&#8243; _module_preset=&#8221;default&#8221; global_colors_info=&#8221;{}&#8221;]<p><strong>Clubes<\/strong>:<\/p>\n<ul>\n<li><strong>C. C. D. C\u00e2mara Municipal de Lagos<\/strong><br \/>R. Filarm\u00f3nica 1\u00bade Maio<br \/>Apartado 648<br \/>8600-908 LAGOS<br \/><a href=\"mailto:ccdtcml@outlook.pt\">ccdtcml@outlook.pt<\/a><\/li>\n<\/ul>\n<ul>\n<li><strong>Clube de P\u00e9tanca Montes de Alvor<\/strong><br \/>Pavilh\u00e3o Polidesportivo<br \/>Montes de Alvor<br \/>500-059 PORTIM\u00c3O<br \/><a href=\"mailto:petanca.clube@sapo.pt\">petanca.clube@sapo.pt<\/a><\/li>\n<\/ul>\n<ul>\n<li><strong>Juventude Clube Boavista<\/strong><br \/>Boavista dos Pinheiros<br \/>7630-033 ODEMIRA<br \/><a href=\"mailto:jcboavista@hotmail.com\">jcboavista@hotmail.com<\/a><\/li>\n<\/ul>\n<ul>\n<li><strong>Grupo Amigos do Chinicato<\/strong><br \/>Edif. Multifun\u00e7\u00f5es cave<br \/>Chinicato<br \/>8600-306 LAGOS<br \/><a href=\"mailto:gacdirecao@hotmail.com\">gacdirecao@hotmail.com<\/a><\/li>\n<\/ul>\n<ul>\n<li><strong>Sociedade Recreativa de Bar\u00e3o de S .Miguel<\/strong><br \/>Largo 1\u00ba de Maio n\u00ba 05<br \/>Bar\u00e3o de S. Miguel<br \/>8650-451 VILA DO BISPO<br \/><a href=\"mailto:afranciscolopes@sapo.pt\">afranciscolopes@sapo.pt<\/a><\/li>\n<\/ul>\n<ul><\/ul>[\/et_pb_text][\/et_pb_column][et_pb_column type=&#8221;1_2&#8243; _builder_version=&#8221;4.27.4&#8243; _module_preset=&#8221;default&#8221; global_colors_info=&#8221;{}&#8221;][et_pb_text _builder_version=&#8221;4.27.4&#8243; _module_preset=&#8221;default&#8221; custom_padding=&#8221;0px|||||&#8221; global_colors_info=&#8221;{}&#8221;]<p>&nbsp;<\/p>\n<ul>\n<li><strong>Clube Desp. C. da Nave<\/strong><br \/>CCI 1114 Amorosa<br \/>8550-307 MONCHIQUE<br \/><a href=\"mailto:cdcnave1978@gmail.com\">cdcnave1978@gmail.com<\/a><\/li>\n<\/ul>\n<ul>\n<li><strong>Clube Petanca de Portim\u00e3o<\/strong><br \/>Jardim \u00c1guas Furtadas<br \/>8500-512 PORTIM\u00c3O<br \/><a href=\"mailto:petancaportimao@sapo.pt\">petancaportimao@sapo.pt<\/a><\/li>\n<\/ul>\n<ul>\n<li><strong>Clube Desp. De Ca\u00e7a e Pesca de S. Miguel <\/strong><br \/>7630-592 S. TEOT\u00d3NIO<br \/><a href=\"mailto:clubedcpsaomiguel@gmail.com\">clubedcpsaomiguel@gmail.com<\/a><\/li>\n<\/ul>\n<ul>\n<li><strong style=\"font-size: 16px;\">Estrela Desp. de Bensafrim<br \/><\/strong>Se\u00e7\u00e3o de Petanca<br \/>Rua do Po\u00e7o<br \/>8600-069 BENSAFRIM<br \/><a href=\"mailto:edbensafrim@sapo.pt\">edbensafrim@sapo.pt<\/a><\/li>\n<\/ul>\n<ul>\n<li><strong style=\"font-size: 16px;\">Clube Recreativo Infante de Sagres<br \/><\/strong>Av. Comandante Matoso<br \/>8650-357 SAGRES<br \/><a href=\"mailto:crisagres@gmail.com\">crisagres@gmail.com<\/a><\/li>\n<\/ul>\n<ul>\n<li><strong style=\"font-size: 16px;\"><strong>Clube Instru\u00e7\u00e3o e Recreio Rogilense<br \/><\/strong><\/strong>Largo 1\u00ba de Maio 03<br \/>8670-440 ROGIL<\/li>\n<\/ul>[\/et_pb_text][\/et_pb_column][\/et_pb_row][et_pb_row _builder_version=&#8221;4.27.4&#8243; _module_preset=&#8221;default&#8221; global_colors_info=&#8221;{}&#8221;][et_pb_column type=&#8221;4_4&#8243; _builder_version=&#8221;4.27.4&#8243; _module_preset=&#8221;default&#8221; global_colors_info=&#8221;{}&#8221;][et_pb_text _builder_version=&#8221;4.27.4&#8243; _module_preset=&#8221;default&#8221; global_colors_info=&#8221;{}&#8221;]<p><strong>Contratos Programa:<\/strong><!-- wp:paragraph \/--><!-- \/wp:paragraph --><\/p>\n<p><!-- wp:file {\"id\":1645,\"href\":\"https:\/\/fppetanca.pt\/fpp\/wp-content\/uploads\/2018\/12\/2018_Contrato_PDD_APBASA.pdf\"} --><\/p>\n<ul>\n<li class=\"wp-block-file\"><a id=\"wp-block-file--media-7cf2b256-9feb-4529-83fe-671b1439770f\" href=\"https:\/\/fppetanca.pt\/fpp\/wp-content\/uploads\/2018\/12\/2018_Contrato_PDD_APBASA.pdf\" target=\"_blank\" rel=\"noreferrer noopener\">2018 &#8211; Contrato Programa de Desenvolvimento Desportivo<\/a><\/li>\n<li class=\"wp-block-file\"><a id=\"wp-block-file--media-2c678f2e-fd53-4d6c-932d-d374f125af68\" href=\"https:\/\/fppetanca.pt\/fpp\/wp-content\/uploads\/2018\/12\/2017_Contrato_PDD_APBASA_assinados.pdf\" target=\"_blank\" rel=\"noreferrer noopener\">2017 &#8211; Contrato Programa de Desenvolvimento Desportivo<\/a><\/li>\n<li><!-- \/wp:file --><a id=\"wp-block-file--media-71904c31-261f-40a9-9f74-cf1f0b4ccc73\" href=\"https:\/\/fppetanca.pt\/fpp\/wp-content\/uploads\/2017\/01\/2016-APBASA.pdf\" target=\"_blank\" rel=\"noreferrer noopener\">2016 &#8211; Contrato Programa de Desenvolvimento Desportivo\u00a0<\/a><\/li>\n<li><!-- wp:file {\"id\":1634,\"href\":\"https:\/\/fppetanca.pt\/fpp\/wp-content\/uploads\/2018\/12\/2017_Contrato_PDD_APBASA_assinados.pdf\"} --><a id=\"wp-block-file--media-2e300ced-399a-4410-a7ae-9b7bfabde453\" href=\"https:\/\/fppetanca.pt\/fpp\/wp-content\/uploads\/2017\/01\/2015-APBASA.pdf\" target=\"_blank\" rel=\"noreferrer noopener\">2015 &#8211; Contrato Programa de Desenvolvimento Desportivo<\/a><\/li>\n<\/ul>[\/et_pb_text][\/et_pb_column][\/et_pb_row][\/et_pb_section]","protected":false},"excerpt":{"rendered":"<p>Associa\u00e7\u00e3o de P\u00e9tanca Barlavento Algarvio e Sudoeste Alentejano Loja CTT, Apartado8601- 911\u00a0 Lagos Presidente: Ana Paula Dias Tel: 282 764 222\u00a0\u00a0 \/ Fax: 282 767 122E-mail: apbasa.associacaopetanca@gmail.com Clubes: C. C. D. C\u00e2mara Municipal de LagosR. Filarm\u00f3nica 1\u00bade MaioApartado 6488600-908 LAGOSccdtcml@outlook.pt Clube de P\u00e9tanca Montes de AlvorPavilh\u00e3o PolidesportivoMontes de Alvor500-059 PORTIM\u00c3Opetanca.clube@sapo.pt Juventude Clube BoavistaBoavista dos Pinheiros7630-033 [&hellip;]<\/p>\n","protected":false},"author":1,"featured_media":0,"parent":35,"menu_order":0,"comment_status":"closed","ping_status":"closed","template":"","meta":{"_et_pb_use_builder":"on","_et_pb_old_content":"<!-- wp:paragraph -->\n<p><strong>Associa\u00e7\u00e3o de P\u00e9tanca Barlavento Algarvio e Sudoeste Alentejano<\/strong><\/p>\n<!-- \/wp:paragraph -->\n\n<!-- wp:paragraph -->\n<p>Loja CTT, Apartado <br>8601- 911\u00a0 Lagos<\/p>\n<!-- \/wp:paragraph -->\n\n<!-- wp:paragraph -->\n<p>Presidente: \u00c9nio Messia&nbsp;<\/p>\n<!-- \/wp:paragraph -->\n\n<!-- wp:paragraph -->\n<p>Tel: 282 764 222&nbsp;&nbsp; \/ Fax: 282 767 122&nbsp;&nbsp; &nbsp;<br>E-mail: apbasa.associacaopetanca@gmail.com<\/p>\n<!-- \/wp:paragraph -->\n\n<!-- wp:paragraph -->\n<p><strong style=\"font-size: 13px; line-height: 19px;\">Clubes<\/strong>:<\/p>\n<!-- \/wp:paragraph -->\n\n<!-- wp:list -->\n<ul><!-- wp:list-item -->\n<li><strong>C. C. D. C\u00e2mara Municipal de Lagos<\/strong><br> R. Filarm\u00f3nica 1\u00bade Maio<br> Apartado 648<br> 8600-908 LAGOS<br> <a href=\"mailto:ccdtcml@outlook.pt\">ccdtcml@outlook.pt<\/a><\/li>\n<!-- \/wp:list-item --><\/ul>\n<!-- \/wp:list -->\n\n<!-- wp:list -->\n<ul><!-- wp:list-item -->\n<li><strong>Clube de P\u00e9tanca Montes de Alvor<\/strong><br> Pavilh\u00e3o Polidesportivo<br> Montes de Alvor<br> 500-059  PORTIM\u00c3O<br> <a href=\"mailto:petanca.clube@sapo.pt\">petanca.clube@sapo.pt<\/a> <\/li>\n<!-- \/wp:list-item --><\/ul>\n<!-- \/wp:list -->\n\n<!-- wp:list -->\n<ul><!-- wp:list-item -->\n<li><strong>Juventude Clube Boavista<\/strong><br> Boavista dos Pinheiros<br> 7630-033  ODEMIRA<br> <a href=\"mailto:jcboavista@hotmail.com\">jcboavista@hotmail.com<\/a><\/li>\n<!-- \/wp:list-item --><\/ul>\n<!-- \/wp:list -->\n\n<!-- wp:list -->\n<ul><!-- wp:list-item -->\n<li><strong>Grupo Amigos do Chinicato<\/strong><br> Edif. Multifun\u00e7\u00f5es cave<br> Chinicato<br> 8600-306  LAGOS<br> <a href=\"mailto:gacdirecao@hotmail.com\">gacdirecao@hotmail.com<\/a><\/li>\n<!-- \/wp:list-item --><\/ul>\n<!-- \/wp:list -->\n\n<!-- wp:list -->\n<ul><!-- wp:list-item -->\n<li><strong>Sociedade Recreativa  de Bar\u00e3o de S .Miguel<\/strong><br> Largo 1\u00ba de Maio   n\u00ba 05<br> Bar\u00e3o de S. Miguel<br> 8650-451  VILA DO BISPO<br> <a href=\"mailto:afranciscolopes@sapo.pt\">afranciscolopes@sapo.pt<\/a> <\/li>\n<!-- \/wp:list-item --><\/ul>\n<!-- \/wp:list -->\n\n<!-- wp:list -->\n<ul><!-- wp:list-item -->\n<li><strong>Clube Desp. C. da Nave<\/strong><br> CCI 1114  Amorosa<br> 8550-307  MONCHIQUE<br> <a href=\"mailto:cdcnave1978@gmail.com\">cdcnave1978@gmail.com<\/a><\/li>\n<!-- \/wp:list-item --><\/ul>\n<!-- \/wp:list -->\n\n<!-- wp:list -->\n<ul><!-- wp:list-item -->\n<li><strong>Clube Petanca de Portim\u00e3o<\/strong><br> Jardim \u00c1guas Furtadas<br> 8500-512  PORTIM\u00c3O<br> <a href=\"mailto:petancaportimao@sapo.pt\">petancaportimao@sapo.pt<\/a><\/li>\n<!-- \/wp:list-item --><\/ul>\n<!-- \/wp:list -->\n\n<!-- wp:list -->\n<ul><!-- wp:list-item -->\n<li><strong>Clube Desp. De Ca\u00e7a e Pesca  de S. Miguel <\/strong><br> 7630-592  S. TEOT\u00d3NIO <br> <a href=\"mailto:clubedcpsaomiguel@gmail.com\">clubedcpsaomiguel@gmail.com<\/a><\/li>\n<!-- \/wp:list-item --><\/ul>\n<!-- \/wp:list -->\n\n<!-- wp:list -->\n<ul><!-- wp:list-item -->\n<li><strong>Estrela Desp. de Bensafrim <\/strong><br>Se\u00e7\u00e3o de Petanca<br>Rua do Po\u00e7o<br>8600-069 BENSAFRIM <br> <a href=\"mailto:edbensafrim@sapo.pt\">edbensafrim@sapo.pt<\/a><br> <\/li>\n<!-- \/wp:list-item -->\n\n<!-- wp:list-item -->\n<li><strong>Clube Recreativo Infante de Sagres<\/strong><br>Av. Comandante Matoso<br>8650-357 SAGRES<br><a href=\"mailto:crisagres@gmail.com\">crisagres@gmail.com<\/a><br> <\/li>\n<!-- \/wp:list-item -->\n\n<!-- wp:list-item -->\n<li><strong><strong>Clube Instru\u00e7\u00e3o e Recreio Rogilense<\/strong><\/strong><br>Largo 1\u00ba de Maio 03<br>8670-440 ROGIL<br><\/li>\n<!-- \/wp:list-item --><\/ul>\n<!-- \/wp:list -->\n\n<!-- wp:paragraph -->\n<p><strong>Contratos Programa:<\/strong><\/p>\n<!-- \/wp:paragraph -->\n\n<!-- wp:paragraph -->\n<p><\/p>\n<!-- \/wp:paragraph -->\n\n<!-- wp:file {\"id\":1645,\"href\":\"http:\/\/fppetanca.pt\/fpp\/wp-content\/uploads\/2018\/12\/2018_Contrato_PDD_APBASA.pdf\"} -->\n<div class=\"wp-block-file\"><a id=\"wp-block-file--media-7cf2b256-9feb-4529-83fe-671b1439770f\" href=\"http:\/\/fppetanca.pt\/fpp\/wp-content\/uploads\/2018\/12\/2018_Contrato_PDD_APBASA.pdf\" target=\"_blank\" rel=\"noreferrer noopener\">2018 - Contrato Programa de Desenvolvimento Desportivo&nbsp;<\/a><a href=\"http:\/\/fppetanca.pt\/fpp\/wp-content\/uploads\/2018\/12\/2018_Contrato_PDD_APBASA.pdf\" class=\"wp-block-file__button wp-element-button\" download aria-describedby=\"wp-block-file--media-7cf2b256-9feb-4529-83fe-671b1439770f\">Download<\/a><\/div>\n<!-- \/wp:file -->\n\n<!-- wp:file {\"id\":1634,\"href\":\"http:\/\/fppetanca.pt\/fpp\/wp-content\/uploads\/2018\/12\/2017_Contrato_PDD_APBASA_assinados.pdf\"} -->\n<div class=\"wp-block-file\"><a id=\"wp-block-file--media-2c678f2e-fd53-4d6c-932d-d374f125af68\" href=\"http:\/\/fppetanca.pt\/fpp\/wp-content\/uploads\/2018\/12\/2017_Contrato_PDD_APBASA_assinados.pdf\" target=\"_blank\" rel=\"noreferrer noopener\">2017 - Contrato Programa de Desenvolvimento Desportivo<\/a><a href=\"http:\/\/fppetanca.pt\/fpp\/wp-content\/uploads\/2018\/12\/2017_Contrato_PDD_APBASA_assinados.pdf\" class=\"wp-block-file__button wp-element-button\" download aria-describedby=\"wp-block-file--media-2c678f2e-fd53-4d6c-932d-d374f125af68\">Download<\/a><\/div>\n<!-- \/wp:file -->\n\n<!-- wp:file {\"id\":1232,\"href\":\"http:\/\/fppetanca.pt\/fpp\/wp-content\/uploads\/2017\/01\/2016-APBASA.pdf\"} -->\n<div class=\"wp-block-file\"><a id=\"wp-block-file--media-71904c31-261f-40a9-9f74-cf1f0b4ccc73\" href=\"http:\/\/fppetanca.pt\/fpp\/wp-content\/uploads\/2017\/01\/2016-APBASA.pdf\" target=\"_blank\" rel=\"noreferrer noopener\">2016 - Contrato Programa de Desenvolvimento Desportivo&nbsp;<\/a><a href=\"http:\/\/fppetanca.pt\/fpp\/wp-content\/uploads\/2017\/01\/2016-APBASA.pdf\" class=\"wp-block-file__button wp-element-button\" download aria-describedby=\"wp-block-file--media-71904c31-261f-40a9-9f74-cf1f0b4ccc73\">Download<\/a><\/div>\n<!-- \/wp:file -->\n\n<!-- wp:file {\"id\":1228,\"href\":\"http:\/\/fppetanca.pt\/fpp\/wp-content\/uploads\/2017\/01\/2015-APBASA.pdf\"} -->\n<div class=\"wp-block-file\"><a id=\"wp-block-file--media-2e300ced-399a-4410-a7ae-9b7bfabde453\" href=\"http:\/\/fppetanca.pt\/fpp\/wp-content\/uploads\/2017\/01\/2015-APBASA.pdf\" target=\"_blank\" rel=\"noreferrer noopener\">2015 - Contrato Programa de Desenvolvimento Desportivo<\/a><a href=\"http:\/\/fppetanca.pt\/fpp\/wp-content\/uploads\/2017\/01\/2015-APBASA.pdf\" class=\"wp-block-file__button wp-element-button\" download aria-describedby=\"wp-block-file--media-2e300ced-399a-4410-a7ae-9b7bfabde453\">Download<\/a><\/div>\n<!-- \/wp:file -->","_et_gb_content_width":"","ngg_post_thumbnail":0,"footnotes":""},"class_list":["post-197","page","type-page","status-publish","hentry"],"_links":{"self":[{"href":"https:\/\/fppetanca.pt\/fpp\/wp-json\/wp\/v2\/pages\/197","targetHints":{"allow":["GET"]}}],"collection":[{"href":"https:\/\/fppetanca.pt\/fpp\/wp-json\/wp\/v2\/pages"}],"about":[{"href":"https:\/\/fppetanca.pt\/fpp\/wp-json\/wp\/v2\/types\/page"}],"author":[{"embeddable":true,"href":"https:\/\/fppetanca.pt\/fpp\/wp-json\/wp\/v2\/users\/1"}],"replies":[{"embeddable":true,"href":"https:\/\/fppetanca.pt\/fpp\/wp-json\/wp\/v2\/comments?post=197"}],"version-history":[{"count":23,"href":"https:\/\/fppetanca.pt\/fpp\/wp-json\/wp\/v2\/pages\/197\/revisions"}],"predecessor-version":[{"id":2432,"href":"https:\/\/fppetanca.pt\/fpp\/wp-json\/wp\/v2\/pages\/197\/revisions\/2432"}],"up":[{"embeddable":true,"href":"https:\/\/fppetanca.pt\/fpp\/wp-json\/wp\/v2\/pages\/35"}],"wp:attachment":[{"href":"https:\/\/fppetanca.pt\/fpp\/wp-json\/wp\/v2\/media?parent=197"}],"curies":[{"name":"wp","href":"https:\/\/api.w.org\/{rel}","templated":true}]}}