{"id":201,"date":"2013-12-10T23:10:05","date_gmt":"2013-12-10T23:10:05","guid":{"rendered":"http:\/\/fppetanca.pt\/fpp\/?page_id=201"},"modified":"2025-07-09T18:29:31","modified_gmt":"2025-07-09T18:29:31","slug":"associacao-de-petanca-zona-centro","status":"publish","type":"page","link":"https:\/\/fppetanca.pt\/fpp\/socios\/associacao-de-petanca-zona-centro\/","title":{"rendered":"Associa\u00e7\u00e3o de P\u00e9tanca Zona Centro"},"content":{"rendered":"[et_pb_section fb_built=&#8221;1&#8243; admin_label=&#8221;section&#8221; _builder_version=&#8221;4.16&#8243; global_colors_info=&#8221;{}&#8221;][et_pb_row admin_label=&#8221;row&#8221; _builder_version=&#8221;4.16&#8243; background_size=&#8221;initial&#8221; background_position=&#8221;top_left&#8221; background_repeat=&#8221;repeat&#8221; global_colors_info=&#8221;{}&#8221;][et_pb_column type=&#8221;4_4&#8243; _builder_version=&#8221;4.16&#8243; custom_padding=&#8221;|||&#8221; global_colors_info=&#8221;{}&#8221; custom_padding__hover=&#8221;|||&#8221;][et_pb_text admin_label=&#8221;Text&#8221; _builder_version=&#8221;4.27.4&#8243; background_size=&#8221;initial&#8221; background_position=&#8221;top_left&#8221; background_repeat=&#8221;repeat&#8221; hover_enabled=&#8221;0&#8243; global_colors_info=&#8221;{}&#8221; sticky_enabled=&#8221;0&#8243;]<h3><strong><a href=\"https:\/\/fppetanca.pt\/fpp\/wp-content\/uploads\/2014\/04\/logo_apzc.png\"><img loading=\"lazy\" decoding=\"async\" class=\"size-full wp-image-348 alignright\" title=\"Associa\u00e7\u00e3o de P\u00e9tanca Zona Centro\" src=\"https:\/\/fppetanca.pt\/fpp\/wp-content\/uploads\/2014\/04\/logo_apzc.png\" alt=\"Associa\u00e7\u00e3o de P\u00e9tanca Zona Centro\" width=\"162\" height=\"220\" \/><\/a>Associa\u00e7\u00e3o de P\u00e9tanca Zona Centro<\/strong><\/h3>\n<p>Praceta Eug\u00e9nio Salvador, lote 21, r\/C frt<br \/>2775 \u2013 089\u00a0 Parede<\/p>\n<p>Presidente: <strong>Thomas Concei\u00e7\u00e3o<\/strong><\/p>\n<p>E-mail: <a href=\"mailto:associacaopetancazonacentro@gmail.com\">associacaopetancazonacentro@gmail.com<\/a><\/p>\n<p>&nbsp;<\/p>\n<p>Clubes:<\/p>\n<ul>\n<li><strong>Associa\u00e7\u00e3o Cultural e Recreativa da Urqueira<br \/><\/strong>Rua da Escola n\u00ba 05<br \/>2435 \u2013 700 URQUEIRA<br \/><a href=\"mailto:acrurqueira@hotmaol.com\">acrurqueira@gmail.com<\/a><\/li>\n<\/ul>\n<p>&nbsp;<\/p>\n<ul>\n<li><strong>Clube de P\u00e9tanca S. Pedro do Estoril<\/strong><br \/>Rua do Parque de P\u00e9tanca<br \/>2765-541 S. PEDRO DO ESTORIL<br \/><a href=\"mailto:petanca.s.pedro.estoril@gmail.com\">petanca.s.pedro.estoril@gmail.com<\/a><\/li>\n<\/ul>\n<p>&nbsp;<\/p>\n<ul>\n<li><strong>Clube de Campismo de Lisboa<\/strong><br \/>Sec\u00e7\u00e3o de P\u00e9tanca<br \/>Rua Agostinho Louren\u00e7o, n\u00ba 321<br \/>1000- 011 LISBOA<br \/><a href=\"mailto:carlosteixeira62@hotmail.com\">carlosteixeira62@hotmail.com\u00a0<\/a><\/li>\n<\/ul>\n<p>&nbsp;<\/p>\n<ul>\n<li><strong>Uni\u00e3o Desp.Cult.do Alqueid\u00e3o<\/strong><br \/>Estrada Principal n\u00ba 42<br \/>Alqueid\u00e3o<br \/>2490 \u2013 202 OUR\u00c9M<br \/><a href=\"mailto:nunesse@sapo.pt\">nunesse@sapo.pt<\/a> \/\u00a0<a href=\"mailto:udca.alqueidao@gmail.com\">udca.alqueidao@gmail.com<\/a><\/li>\n<\/ul>\n<p>&nbsp;<\/p>\n<ul>\n<li><strong>Real Clube P\u00e9tanca de Alpiar\u00e7a<br \/><\/strong>Casal das Eiras<br \/>2090-120 ALPIAR\u00c7A<br \/><a href=\"mailto:ferreira.pais@gmail.com\">ferreira.pais@gmail.com<\/a><\/li>\n<\/ul>\n<p>&nbsp;<\/p>\n<ul>\n<li><strong>Associa\u00e7\u00e3o 20 Km de Almeirim<\/strong><br \/>Largo do Esp\u00edrito Santo<br \/>Apartado 13<br \/>2080 ALMEIRIM<br \/><a href=\"mailto:20kms.almeirim.petanca@gmail.com\">20kms.almeirim.petanca@ gmail.com<\/a><\/li>\n<\/ul>\n<p>&nbsp;<\/p>\n<ul>\n<li><strong>Associa\u00e7\u00e3o Desp. Cult. Solidariedade Social do Lavradio<\/strong><br \/>Rua 1\u00ba de Janeiro n\u00ba275<br \/>2435- 351 LAVRADIO<br \/><a href=\"mailto:adcsslavradio@gmail.com\">adcsslavradio@gmail.com<\/a><\/li>\n<\/ul>\n<p>&nbsp;<\/p>\n<ul>\n<li><strong>Uni\u00e3o de Amigos de Olho Marinho<\/strong><br \/>Rua Prof. Roque Duarte\u00a0 n\u00ba 11<br \/>Olho Marinho<br \/>2510 \u2013 554 \u00d2BIDOS<br \/><a href=\"mailto:uniaoamigos_olhomarinho@hotmail.com\">uniaoamigos_olhomarinho@hotmail.com<\/a><\/li>\n<\/ul>\n<p>&nbsp;<\/p>\n<ul>\n<li><strong>Associa\u00e7\u00e3o de Amigos da Petanca de Muge<\/strong><br \/>Sec\u00e7\u00e3o de P\u00e9tanca<br \/>Estrada Nacional 118<br \/>MUGE<br \/>2125 SALVATERRA DE MAGOS<br \/><a href=\"mailto:a.amigos.petancamuge@sapo.pt\">a.amigos.petancamuge@sapo.pt<\/a><\/li>\n<\/ul>\n<p>&nbsp;<\/p>\n<ul>\n<li><strong>Associa\u00e7\u00e3o Petanca S\u00e3o Mamede Batalha<\/strong><br \/>Estrada de S.Mamede n\u00ba 05<br \/>Cov\u00e3o de Espinheiros<br \/>2495 \u2013 021 S\u00c3O MAMEDE<br \/><a href=\"mailto:petancasmamede@gmail.com\">petancasmamede@gmail.com<\/a><\/li>\n<\/ul>\n<p>&nbsp;<\/p>\n<ul>\n<li><strong>Grupo Desportivo do Granho<\/strong><br \/>Rua das Fazendas n\u00ba 142<br \/>2125 \u2013 401 GRANHO<br \/><a href=\"mailto:g.d.granho@gmail.com\">g.d.granho@gmail.com<\/a><\/li>\n<\/ul>\n<p>&nbsp;<\/p>\n<ul>\n<li><strong>Associa\u00e7\u00e3o Social, Recreativa, Cultural e Desportiva de Sobreiro Curvo<br \/><\/strong>Rua da Escola n\u00ba 08<br \/>2560 \u2013 048\u00a0 SOBREIRO CURVO<br \/>Henrique Sarreira<br \/>967 914 475<br \/><a href=\"mailto:gdsobreirense@afl.pt\">gdsobreirense@afl.pt<\/a><\/li>\n<\/ul>\n<p>&nbsp;<\/p>\n<ul>\n<li><strong>Associa\u00e7\u00e3o Acad\u00e9mica de Santar\u00e9m<\/strong><br \/>Travessa das Condinhas\u00a0 n\u00ba 04<br \/>2000 \u2013 058 SANTAR\u00c9M<br \/>Gilberto Leandro<br \/>914 569 625<br \/><a href=\"mailto:academicadesantarem@gmail.com\">academicadesantarem@gmail.com<\/a><\/li>\n<\/ul>\n<p>&nbsp;<\/p>\n<ul>\n<li><strong>Associa\u00e7\u00e3o Desportiva de Buarcos 2017<br \/><\/strong>Rua dos Cordoeiros\u00a0 n\u00ba 11\u00a0 1\u00ba<br \/>3080 \u2013 324\u00a0 BUARCOS<\/li>\n<\/ul>\n<p>&nbsp;<\/p>\n<p><strong>Contratos Programa:<\/strong><\/p>\n<p><\/p>\n<ul>\n<li class=\"wp-block-file\"><a id=\"wp-block-file--media-fcadd3e8-195b-4a34-8094-ed6a6bdb5ce4\" href=\"https:\/\/fppetanca.pt\/fpp\/wp-content\/uploads\/2018\/12\/2018_Contrato_PDD_APZCENTRO.pdf\" target=\"_blank\" rel=\"noreferrer noopener\">2018 &#8211; Contrato Programa de Desenvolvimento Desportivo<\/a><\/li>\n<li class=\"wp-block-file\"><a id=\"wp-block-file--media-715ba637-d4e4-4161-812a-4a3126709286\" href=\"https:\/\/fppetanca.pt\/fpp\/wp-content\/uploads\/2018\/12\/2017_Contrato_PDD_APZCENTRO_assinados.pdf\" target=\"_blank\" rel=\"noreferrer noopener\">2017 &#8211; Contrato Programa de Desenvolvimento Desportivo<\/a><\/li>\n<li><a id=\"wp-block-file--media-326b2405-4656-499a-aa73-b1dae05bdd46\" href=\"https:\/\/fppetanca.pt\/fpp\/wp-content\/uploads\/2013\/11\/APZCENTRO-2016.pdf\" target=\"_blank\" rel=\"noreferrer noopener\">2016 &#8211; Contrato Programa de Desenvolvimento Desportivo<\/a><\/li>\n<li><a id=\"wp-block-file--media-d59da2f1-98cc-4c36-859c-85dbd73b9ac5\" href=\"https:\/\/fppetanca.pt\/fpp\/wp-content\/uploads\/2017\/01\/APZCENTRO-2015.pdf\" target=\"_blank\" rel=\"noreferrer noopener\">2015 &#8211; Contrato Programa de Desenvolvimento Desportivo<\/a><\/li>\n<\/ul>\n<div class=\"wp-block-file\"><\/div>\n<p><\/p>[\/et_pb_text][\/et_pb_column][\/et_pb_row][\/et_pb_section]","protected":false},"excerpt":{"rendered":"<p>Associa\u00e7\u00e3o de P\u00e9tanca Zona Centro Praceta Eug\u00e9nio Salvador, lote 21, r\/C frt2775 \u2013 089\u00a0 Parede Presidente: Thomas Concei\u00e7\u00e3o E-mail: associacaopetancazonacentro@gmail.com &nbsp; Clubes: Associa\u00e7\u00e3o Cultural e Recreativa da UrqueiraRua da Escola n\u00ba 052435 \u2013 700 URQUEIRAacrurqueira@gmail.com &nbsp; Clube de P\u00e9tanca S. Pedro do EstorilRua do Parque de P\u00e9tanca2765-541 S. PEDRO DO ESTORILpetanca.s.pedro.estoril@gmail.com &nbsp; Clube de Campismo [&hellip;]<\/p>\n","protected":false},"author":1,"featured_media":0,"parent":35,"menu_order":0,"comment_status":"closed","ping_status":"closed","template":"","meta":{"_et_pb_use_builder":"on","_et_pb_old_content":"<p><strong><a href=\"http:\/\/fppetanca.pt\/fpp\/wp-content\/uploads\/2014\/04\/logo_apzc.png\"><img class=\"size-full wp-image-348 alignright\" title=\"Associa\u00e7\u00e3o de P\u00e9tanca Zona Centro\" src=\"http:\/\/fppetanca.pt\/fpp\/wp-content\/uploads\/2014\/04\/logo_apzc.png\" alt=\"Associa\u00e7\u00e3o de P\u00e9tanca Zona Centro\" width=\"162\" height=\"220\"><\/a>Associa\u00e7\u00e3o de P\u00e9tanca Zona Centro<\/strong><\/p>\n<p>Praceta Eug\u00e9nio Salvador, lote 21, r\/C frt<br>2775 \u2013 089&nbsp; Parede<\/p>\n<p>Presidente: Jos\u00e9 Nunes<\/p>\n<p>E-mail: <a href=\"mailto:associacaopetancazonacentro@gmail.com\">associacaopetancazonacentro@gmail.com<\/a><\/p>\n<p>&nbsp;<\/p>\n<p><strong style=\"font-size: 13px; line-height: 19px;\">Clubes<\/strong>:<\/p>\n<ul>\n<li>\n<p><strong>Associa\u00e7\u00e3o Cultural e Recreativa da Urqueira<br><\/strong>Rua da Escola n\u00ba 05<br>2435 \u2013 700 URQUEIRA<br><a href=\"mailto:acrurqueira@hotmaol.com\">acrurqueira@gmail.com<\/a><\/p>\n<\/li>\n<li>\n<p><strong>Clube de P\u00e9tanca S. Pedro do Estoril<\/strong><br>Rua do Parque de P\u00e9tanca<br>2765-541 S. PEDRO DO ESTORIL<br><a href=\"mailto:petanca.s.pedro.estoril@gmail.com\">petanca.s.pedro.estoril@gmail.com<\/a><\/p>\n<\/li>\n<li>\n<p><strong>Clube de Campismo de Lisboa<\/strong><br>Sec\u00e7\u00e3o de P\u00e9tanca<br>Rua Agostinho Louren\u00e7o, n\u00ba 321<br>1000- 011 LISBOA <br><a href=\"mailto:carlosteixeira62@hotmail.com\">carlosteixeira62@hotmail.com&nbsp;<\/a><\/p>\n<\/li>\n<li>\n<p><strong>Uni\u00e3o Desp.Cult.do Alqueid\u00e3o<\/strong><br>Estrada Principal n\u00ba 42<br>Alqueid\u00e3o<br>2490 \u2013 202 OUR\u00c9M<br><a href=\"mailto:nunesse@sapo.pt\">nunesse@sapo.pt<\/a> \/&nbsp;<a href=\"mailto:udca.alqueidao@gmail.com\">udca.alqueidao@gmail.com<\/a><\/p>\n<\/li>\n<li>\n<p><strong>Real Clube P\u00e9tanca de Alpiar\u00e7a<br><\/strong>Casal das Eiras<br>2090-120 ALPIAR\u00c7A<br><a href=\"mailto:ferreira.pais@gmail.com\">ferreira.pais@gmail.com<\/a><\/p>\n<\/li>\n<li>\n<p><strong>Associa\u00e7\u00e3o 20 Km de Almeirim<\/strong><br>Largo do Esp\u00edrito Santo<br>Apartado 13<br>2080 ALMEIRIM<br><a href=\"mailto:20kms.almeirim.petanca@gmail.com\">20kms.almeirim.petanca@ gmail.com<\/a><\/p>\n<\/li>\n<li>\n<p><strong>Associa\u00e7\u00e3o Desp. Cult. Solidariedade Social do Lavradio<\/strong><br>Rua 1\u00ba de Janeiro n\u00ba275<br>2435- 351 LAVRADIO<br><a href=\"mailto:adcsslavradio@gmail.com\">adcsslavradio@gmail.com<\/a><\/p>\n<\/li>\n<li>\n<p><strong>Uni\u00e3o de Amigos de Olho Marinho<\/strong><br>Rua Prof. Roque Duarte&nbsp; n\u00ba 11<br>Olho Marinho<br>2510 \u2013 554 \u00d2BIDOS<br><a href=\"mailto:uniaoamigos_olhomarinho@hotmail.com\">uniaoamigos_olhomarinho@hotmail.com<\/a><\/p>\n<\/li>\n<li>\n<p><strong>Associa\u00e7\u00e3o de Amigos da Petanca de Muge<\/strong><br>Sec\u00e7\u00e3o de P\u00e9tanca<br>Estrada Nacional 118<br>MUGE<br>2125 SALVATERRA DE MAGOS<br><a href=\"mailto:a.amigos.petancamuge@sapo.pt\">a.amigos.petancamuge@sapo.pt<\/a><\/p>\n<\/li>\n<li>\n<p><strong>Associa\u00e7\u00e3o Petanca S\u00e3o Mamede Batalha<\/strong><br>Estrada de S.Mamede n\u00ba 05<br>Cov\u00e3o de Espinheiros<br>2495 \u2013 021 S\u00c3O MAMEDE<br><a href=\"mailto:petancasmamede@gmail.com\">petancasmamede@gmail.com<\/a><\/p>\n<\/li>\n<li>\n<p><strong>Grupo Desportivo do Granho<\/strong><br>Rua das Fazendas n\u00ba 142<br>2125 \u2013 401 GRANHO<br><a href=\"mailto:g.d.granho@gmail.com\">g.d.granho@gmail.com<\/a><\/p>\n<\/li>\n<li>\n<p><strong>Associa\u00e7\u00e3o Social, Recreativa, Cultural e Desportiva de Sobreiro Curvo<br><\/strong>Rua da Escola n\u00ba 08<br>2560 \u2013 048&nbsp; SOBREIRO CURVO<br>Henrique Sarreira<br>967 914 475<br><a href=\"mailto:gdsobreirense@afl.pt\">gdsobreirense@afl.pt<\/a><\/p>\n<\/li>\n<li>\n<p><strong>Associa\u00e7\u00e3o Acad\u00e9mica de Santar\u00e9m<\/strong><br>Travessa das Condinhas&nbsp; n\u00ba 04<br>2000 \u2013 058 SANTAR\u00c9M<br>Gilberto Leandro<br>914 569 625<br><a href=\"mailto:academicadesantarem@gmail.com\">academicadesantarem@gmail.com<\/a><\/p>\n<\/li>\n<li>\n<p><strong>Associa\u00e7\u00e3o Desportiva de Buarcos 2017<br><\/strong>Rua dos Cordoeiros&nbsp; n\u00ba 11&nbsp; 1\u00ba<br>3080 \u2013 324&nbsp; BUARCOS<\/p>\n<\/li>\n<\/ul>\n<p>&nbsp;<\/p>\n<p><strong>Contratos Programa:<\/strong><\/p>\n\n<!-- wp:file {\"id\":1642,\"href\":\"http:\/\/fppetanca.pt\/fpp\/wp-content\/uploads\/2018\/12\/2018_Contrato_PDD_APZCENTRO.pdf\"} -->\n<div class=\"wp-block-file\"><a id=\"wp-block-file--media-fcadd3e8-195b-4a34-8094-ed6a6bdb5ce4\" href=\"http:\/\/fppetanca.pt\/fpp\/wp-content\/uploads\/2018\/12\/2018_Contrato_PDD_APZCENTRO.pdf\" target=\"_blank\" rel=\"noreferrer noopener\">2018 - Contrato Programa de Desenvolvimento Desportivo<\/a><a href=\"http:\/\/fppetanca.pt\/fpp\/wp-content\/uploads\/2018\/12\/2018_Contrato_PDD_APZCENTRO.pdf\" class=\"wp-block-file__button wp-element-button\" download aria-describedby=\"wp-block-file--media-fcadd3e8-195b-4a34-8094-ed6a6bdb5ce4\">Download<\/a><\/div>\n<!-- \/wp:file -->\n\n<!-- wp:file {\"id\":1635,\"href\":\"http:\/\/fppetanca.pt\/fpp\/wp-content\/uploads\/2018\/12\/2017_Contrato_PDD_APZCENTRO_assinados.pdf\"} -->\n<div class=\"wp-block-file\"><a id=\"wp-block-file--media-715ba637-d4e4-4161-812a-4a3126709286\" href=\"http:\/\/fppetanca.pt\/fpp\/wp-content\/uploads\/2018\/12\/2017_Contrato_PDD_APZCENTRO_assinados.pdf\" target=\"_blank\" rel=\"noreferrer noopener\">2017 - Contrato Programa de Desenvolvimento Desportivo<\/a><a href=\"http:\/\/fppetanca.pt\/fpp\/wp-content\/uploads\/2018\/12\/2017_Contrato_PDD_APZCENTRO_assinados.pdf\" class=\"wp-block-file__button wp-element-button\" download aria-describedby=\"wp-block-file--media-715ba637-d4e4-4161-812a-4a3126709286\">Download<\/a><\/div>\n<!-- \/wp:file -->\n\n<!-- wp:file {\"id\":1333,\"href\":\"http:\/\/fppetanca.pt\/fpp\/wp-content\/uploads\/2013\/11\/APZCENTRO-2016.pdf\"} -->\n<div class=\"wp-block-file\"><a id=\"wp-block-file--media-326b2405-4656-499a-aa73-b1dae05bdd46\" href=\"http:\/\/fppetanca.pt\/fpp\/wp-content\/uploads\/2013\/11\/APZCENTRO-2016.pdf\" target=\"_blank\" rel=\"noreferrer noopener\">2016 -&nbsp;Contrato Programa de Desenvolvimento Desportivo<\/a><a href=\"http:\/\/fppetanca.pt\/fpp\/wp-content\/uploads\/2013\/11\/APZCENTRO-2016.pdf\" class=\"wp-block-file__button wp-element-button\" download aria-describedby=\"wp-block-file--media-326b2405-4656-499a-aa73-b1dae05bdd46\">Download<\/a><\/div>\n<!-- \/wp:file -->\n\n<!-- wp:file {\"id\":1246,\"href\":\"http:\/\/fppetanca.pt\/fpp\/wp-content\/uploads\/2017\/01\/APZCENTRO-2015.pdf\"} -->\n<div class=\"wp-block-file\"><a id=\"wp-block-file--media-d59da2f1-98cc-4c36-859c-85dbd73b9ac5\" href=\"http:\/\/fppetanca.pt\/fpp\/wp-content\/uploads\/2017\/01\/APZCENTRO-2015.pdf\" target=\"_blank\" rel=\"noreferrer noopener\">2015 -&nbsp;Contrato Programa de Desenvolvimento Desportivo<\/a><a href=\"http:\/\/fppetanca.pt\/fpp\/wp-content\/uploads\/2017\/01\/APZCENTRO-2015.pdf\" class=\"wp-block-file__button wp-element-button\" download aria-describedby=\"wp-block-file--media-d59da2f1-98cc-4c36-859c-85dbd73b9ac5\">Download<\/a><\/div>\n<!-- \/wp:file -->","_et_gb_content_width":"","ngg_post_thumbnail":0,"footnotes":""},"class_list":["post-201","page","type-page","status-publish","hentry"],"_links":{"self":[{"href":"https:\/\/fppetanca.pt\/fpp\/wp-json\/wp\/v2\/pages\/201","targetHints":{"allow":["GET"]}}],"collection":[{"href":"https:\/\/fppetanca.pt\/fpp\/wp-json\/wp\/v2\/pages"}],"about":[{"href":"https:\/\/fppetanca.pt\/fpp\/wp-json\/wp\/v2\/types\/page"}],"author":[{"embeddable":true,"href":"https:\/\/fppetanca.pt\/fpp\/wp-json\/wp\/v2\/users\/1"}],"replies":[{"embeddable":true,"href":"https:\/\/fppetanca.pt\/fpp\/wp-json\/wp\/v2\/comments?post=201"}],"version-history":[{"count":13,"href":"https:\/\/fppetanca.pt\/fpp\/wp-json\/wp\/v2\/pages\/201\/revisions"}],"predecessor-version":[{"id":2431,"href":"https:\/\/fppetanca.pt\/fpp\/wp-json\/wp\/v2\/pages\/201\/revisions\/2431"}],"up":[{"embeddable":true,"href":"https:\/\/fppetanca.pt\/fpp\/wp-json\/wp\/v2\/pages\/35"}],"wp:attachment":[{"href":"https:\/\/fppetanca.pt\/fpp\/wp-json\/wp\/v2\/media?parent=201"}],"curies":[{"name":"wp","href":"https:\/\/api.w.org\/{rel}","templated":true}]}}