{"id":203,"date":"2013-12-10T23:10:50","date_gmt":"2013-12-10T23:10:50","guid":{"rendered":"http:\/\/fppetanca.pt\/fpp\/?page_id=203"},"modified":"2025-05-02T21:32:34","modified_gmt":"2025-05-02T21:32:34","slug":"associacao-de-petanca-zona-centro2","status":"publish","type":"page","link":"https:\/\/fppetanca.pt\/fpp\/socios\/associacao-de-petanca-zona-centro2\/","title":{"rendered":"Associa\u00e7\u00e3o de P\u00e9tanca Zona Norte"},"content":{"rendered":"[et_pb_section fb_built=&#8221;1&#8243; admin_label=&#8221;section&#8221; _builder_version=&#8221;4.16&#8243; global_colors_info=&#8221;{}&#8221;][et_pb_row admin_label=&#8221;row&#8221; _builder_version=&#8221;4.16&#8243; background_size=&#8221;initial&#8221; background_position=&#8221;top_left&#8221; background_repeat=&#8221;repeat&#8221; global_colors_info=&#8221;{}&#8221;][et_pb_column type=&#8221;4_4&#8243; _builder_version=&#8221;4.16&#8243; custom_padding=&#8221;|||&#8221; global_colors_info=&#8221;{}&#8221; custom_padding__hover=&#8221;|||&#8221;][et_pb_text admin_label=&#8221;Text&#8221; _builder_version=&#8221;4.16&#8243; background_size=&#8221;initial&#8221; background_position=&#8221;top_left&#8221; background_repeat=&#8221;repeat&#8221; global_colors_info=&#8221;{}&#8221;]<p><strong><\/strong><\/p>\n<p><strong><a href=\"https:\/\/fppetanca.pt\/fpp\/wp-content\/uploads\/2014\/04\/logo_apzn.png\"><img loading=\"lazy\" decoding=\"async\" class=\"size-full wp-image-349 alignright\" title=\"Associa\u00e7\u00e3o de P\u00e9tanca Zona Norte\" src=\"https:\/\/fppetanca.pt\/fpp\/wp-content\/uploads\/2014\/04\/logo_apzn.png\" alt=\"Associa\u00e7\u00e3o de P\u00e9tanca Zona Norte\" width=\"240\" height=\"225\" \/><\/a><span style=\"font-size: large;\">Associa\u00e7\u00e3o de P\u00e9tanca Zona Norte<\/span><\/strong><\/p>\n<p>Av. Bombeiros Volunt\u00e1rios\u00a0 n\u00ba 158\u00a0 r\/c drt<br \/>4585 \u2013 359\u00a0 REBORDOSA<\/p>\n<p><strong>Presidente<\/strong>: Fernando Queir\u00f3s<\/p>\n<p>E-mail:\u00a0 <a href=\"mailto:apznorte@gmail.com\">apznorte@gmail.com<\/a>\u00a0<\/p>\n<p>&nbsp;<\/p>\n<p><strong>Clubes<\/strong>:<\/p>\n<ul>\n<li>\n<p><strong>Clube Ca\u00e7adores de Rebordosa<br \/><\/strong>Rua Campo de Tiro<br \/>Apartado 137<br \/>4589 \u2013 907\u00a0 REBORDOSA<br \/><a href=\"mailto:fmcqueiros@gmail.com\">fmcqueiros@gmail.com<\/a><\/p>\n<\/li>\n<\/ul>\n<p>&nbsp;<\/p>\n<ul>\n<li>\n<p><strong>Clube Amigos da Petanca<\/strong><br \/>Parque Rio Ferreira <br \/>Paredes<br \/>4584 &#8211; 908 LORDELO<br \/><a href=\"mailto:helder@lordegest.pt\">helder@lordegest.pt<\/a><\/p>\n<\/li>\n<\/ul>\n<p>&nbsp;<\/p>\n<ul>\n<li>\n<p><strong>Clube de Petanca das Taipas<\/strong><br \/>Rua Padre Silva Gon\u00e7alves n\u00ba 224<br \/>4805 \u2013 161 CALDAS DAS TAIPAS <br \/><a href=\"mailto:parque.taipas.petanca2015@gmail.com\">parque.taipas.petanca2015@gmail.com<\/a><\/p>\n<\/li>\n<\/ul>\n<p>&nbsp;<\/p>\n<ul>\n<li>\n<p><strong>Associa\u00e7\u00e3o \u201cB\u00fassola Partilhada\u201d<\/strong><br \/>Rua Padre Am\u00e9rico n\u00ba 28<br \/>3870-705 Gafanha da Nazar\u00e9 <br \/><a href=\"mailto:bussolapartilhada@hotmail.com\">bussolapartilhada@hotmail.com<\/a><\/p>\n<\/li>\n<\/ul>\n<p>&nbsp;<\/p>\n<ul>\n<li>\n<p><strong>Clube da Petanca de Rebordosa<\/strong><strong><\/strong> <br \/>Avenida dos Bombeiros Volunt\u00e1rios n\u00ba 158 r\/c drt<br \/>4585-359 REBORDOSA<br \/><a href=\"mailto:petanca@gmail.com\">petanca@gmail.com<\/a><\/p>\n<\/li>\n<\/ul>\n<p>&nbsp;<\/p>\n<ul>\n<li>\n<p><strong>Centro Rec. Cult de Briteiros<br \/><\/strong>Rua do Centro Recreativo<br \/>4805 \u2013 448\u00a0 BRITEIROS\u00a0<\/p>\n<\/li>\n<\/ul>\n<p>&nbsp;<\/p>\n<ul>\n<li>\n<p><strong>Clube Petanca de Estor\u00e3os \u2013 Associa\u00e7\u00e3o Cultural<\/strong> <br \/>Rua da Capela 127<br \/>4820 \u2013 065 ESTOR\u00c3OS<br \/><a href=\"mailto:clubepetancadestoraos@iol.pt\">clubepetancadestoraos@iol.pt<\/a><\/p>\n<\/li>\n<\/ul>\n<p>&nbsp;<\/p>\n<ul>\n<li>\n<p><strong>Casa do Pessoal da RTP- Porto<\/strong> <br \/>R. Concei\u00e7\u00e3o Fernandes n\u00ba 755<br \/>4434 \u2013 510 Vila Nova de Gaia<br \/>Jos\u00e9 Machado:965 604 188<br \/><a href=\"mailto:cpessoal.porto@rtp.pt\">cpessoal.porto@rtp.pt<\/a><\/p>\n<\/li>\n<\/ul>\n<p>&nbsp;<\/p>\n<ul>\n<li><strong>Associa\u00e7\u00e3o de Boccia Luis Silva<\/strong><br \/><span>Rua Travessa do Outeirinho, n\u00ba 27<br \/>4760-692 Vila Nova Famalic\u00e3o<\/span><br \/><a href=\"mailto:asboccials@gmail.com\" target=\"_blank\" rel=\"noopener\">asboccials@gmail.com<\/a>\n<p><span><\/span><\/p>\n<\/li>\n<\/ul>\n<p>&nbsp;<\/p>\n<ul>\n<li><strong>Associa\u00e7\u00e3o Desportivo Cultural de Novais<\/strong><br \/><span>Rua da Associa\u00e7\u00e3o, n\u00ba30<br \/>4765-121 &#8211; Vila Nova Famalic\u00e3o<\/span><br \/><a href=\"mailto:direccao.adcn@sapo.pt\" target=\"_blank\" rel=\"noopener\">direccao.adcn@sapo.pt<\/a><\/li>\n<\/ul>\n<p>&nbsp;<\/p>\n<ul>\n<li><strong>Associa\u00e7\u00e3o Recreativa Cultural e Desportiva dos Amigos da Petanca da Povoa de Varzim<\/strong><br \/><span>Travessa dos Combatentes da Grande Guerra, n\u00ba44<br \/>4490 &#8211; Povoa Varzim<\/span><\/li>\n<\/ul>\n<p>&nbsp;<\/p>\n<p><\/p>\n<p><strong>Contratos Programa:<\/strong><\/p>\n<p><\/p>\n<ul>\n<li><a id=\"wp-block-file--media-a4973181-6ccf-41bd-aeaa-04a05f7cb2a1\" href=\"https:\/\/fppetanca.pt\/fpp\/wp-content\/uploads\/2018\/12\/2018_Contrato_PDD_APZNORTE.pdf\" target=\"_blank\" rel=\"noreferrer noopener\">2018 &#8211; Contrato Programa de Desenvolvimento Desportivo<\/a><\/li>\n<li><a id=\"wp-block-file--media-01d65b49-311f-4b6a-9ea0-699df73d9eee\" href=\"https:\/\/fppetanca.pt\/fpp\/wp-content\/uploads\/2018\/09\/2017_CONTRATO_PROGRAMA-_APZNORTE.pdf\" target=\"_blank\" rel=\"noreferrer noopener\">2017 &#8211; Contrato Programa de Desenvolvimento Desportivo<\/a><\/li>\n<li><a id=\"wp-block-file--media-b871a5a1-4123-46a3-aedd-64b3b2748c95\" href=\"https:\/\/fppetanca.pt\/fpp\/wp-content\/uploads\/2017\/01\/APZNORTE-2016.pdf\" target=\"_blank\" rel=\"noreferrer noopener\">2016 &#8211; Contrato Programa de Desenvolvimento Desportivo<\/a><\/li>\n<li><a id=\"wp-block-file--media-5bb2b110-bd75-4048-9e43-89b433dbe91b\" href=\"https:\/\/fppetanca.pt\/fpp\/wp-content\/uploads\/2017\/01\/APZNORTE-2015.pdf\" target=\"_blank\" rel=\"noreferrer noopener\">2015 &#8211; Contrato Programa de Desenvolvimento Desportivo<\/a><\/li>\n<\/ul>\n<p><\/p>\n<p><\/p>[\/et_pb_text][\/et_pb_column][\/et_pb_row][\/et_pb_section]","protected":false},"excerpt":{"rendered":"<p>Associa\u00e7\u00e3o de P\u00e9tanca Zona Norte Av. Bombeiros Volunt\u00e1rios\u00a0 n\u00ba 158\u00a0 r\/c drt4585 \u2013 359\u00a0 REBORDOSA Presidente: Fernando Queir\u00f3s E-mail:\u00a0 apznorte@gmail.com\u00a0 &nbsp; Clubes: Clube Ca\u00e7adores de RebordosaRua Campo de TiroApartado 1374589 \u2013 907\u00a0 REBORDOSAfmcqueiros@gmail.com &nbsp; Clube Amigos da PetancaParque Rio Ferreira Paredes4584 &#8211; 908 LORDELOhelder@lordegest.pt &nbsp; Clube de Petanca das TaipasRua Padre Silva Gon\u00e7alves n\u00ba 2244805 [&hellip;]<\/p>\n","protected":false},"author":1,"featured_media":0,"parent":35,"menu_order":0,"comment_status":"closed","ping_status":"closed","template":"","meta":{"_et_pb_use_builder":"on","_et_pb_old_content":"<p><strong><a href=\"http:\/\/fppetanca.pt\/fpp\/wp-content\/uploads\/2014\/04\/logo_apzn.png\"><img class=\"size-full wp-image-349 alignright\" title=\"Associa\u00e7\u00e3o de P\u00e9tanca Zona Norte\" src=\"http:\/\/fppetanca.pt\/fpp\/wp-content\/uploads\/2014\/04\/logo_apzn.png\" alt=\"Associa\u00e7\u00e3o de P\u00e9tanca Zona Norte\" width=\"240\" height=\"225\"><\/a>Associa\u00e7\u00e3o de P\u00e9tanca Zona Norte<\/strong><\/p>\n<p>Av. Bombeiros Volunt\u00e1rios&nbsp; n\u00ba 158&nbsp; r\/c drt<br>4585 \u2013 359&nbsp; REBORDOSA<\/p>\n<p>Presidente: <strong>Fernando Queir\u00f3s<\/strong><\/p>\n<p>E-mail:&nbsp; apznorte@gmail.com<\/p>\n<p>&nbsp;<\/p>\n<p><strong style=\"font-size: 13px; line-height: 19px;\">Clubes<\/strong>:<\/p>\n<ul>\n<li>\n<p><strong>Clube Ca\u00e7adores de Rebordosa<br><\/strong>Rua Campo de Tiro<br>Apartado 137<br>4589 \u2013 907&nbsp; REBORDOSA<br><a href=\"mailto:fmcqueiros@gmail.com\">fmcqueiros@gmail.com<\/a><\/p>\n<\/li>\n<li>\n<p><strong>Clube Amigos da Petanca<\/strong><br>Parque Rio Ferreira <br>Paredes<br>4584 - 908 LORDELO<br><a href=\"mailto:helder@lordegest.pt\">helder@lordegest.pt<\/a><\/p>\n<\/li>\n<li>\n<p><strong>Clube de Petanca das Taipas<\/strong><br>Rua Padre Silva Gon\u00e7alves n\u00ba 224<br>4805 \u2013 161 CALDAS DAS TAIPAS <br><a href=\"mailto:parque.taipas.petanca2015@gmail.com\">parque.taipas.petanca2015@gmail.com<\/a><\/p>\n<\/li>\n<li>\n<p><strong>Associa\u00e7\u00e3o \u201cB\u00fassola Partilhada\u201d<\/strong><br>Rua Padre Am\u00e9rico n\u00ba 28<br>3870-705 Gafanha da Nazar\u00e9 <br><a href=\"mailto:bussolapartilhada@hotmail.com\">bussolapartilhada@hotmail.com<\/a><\/p>\n<\/li>\n<li>\n<p><strong>Clube da Petanca de Rebordosa<\/strong> <br>Avenida dos Bombeiros Volunt\u00e1rios n\u00ba 158 r\/c drt<br>4585-359 REBORDOSA<br><a href=\"mailto:petanca@gmail.com\">petanca@gmail.com<\/a><\/p>\n<\/li>\n<li>\n<p><strong>Centro Rec. Cult de Briteiros<br><\/strong>Rua do Centro Recreativo<br>4805 \u2013 448&nbsp; BRITEIROS&nbsp;<\/p>\n<\/li>\n<li>\n<p><strong>Clube Petanca de Estor\u00e3os \u2013 Associa\u00e7\u00e3o Cultural<\/strong> <br>Rua da Capela 127<br>4820 \u2013 065 ESTOR\u00c3OS<br><a href=\"mailto:clubepetancadestoraos@iol.pt\">clubepetancadestoraos@iol.pt<\/a><\/p>\n<\/li>\n<li>\n<p><strong>Casa do Pessoal da RTP- Porto<\/strong> <br>R. Concei\u00e7\u00e3o Fernandes n\u00ba 755<br>4434 \u2013 510 Vila Nova de Gaia<br>Jos\u00e9 Machado:965 604 188<br><a href=\"mailto:cpessoal.porto@rtp.pt\">cpessoal.porto@rtp.pt<\/a><\/p>\n<\/li>\n<\/ul>\n<p>&nbsp;<\/p>\n\n<!-- wp:paragraph -->\n<p><strong>Contratos Programa:<\/strong><\/p>\n<!-- \/wp:paragraph -->\n\n<!-- wp:file {\"id\":1643,\"href\":\"http:\/\/fppetanca.pt\/fpp\/wp-content\/uploads\/2018\/12\/2018_Contrato_PDD_APZNORTE.pdf\"} -->\n<div class=\"wp-block-file\"><a id=\"wp-block-file--media-a4973181-6ccf-41bd-aeaa-04a05f7cb2a1\" href=\"http:\/\/fppetanca.pt\/fpp\/wp-content\/uploads\/2018\/12\/2018_Contrato_PDD_APZNORTE.pdf\" target=\"_blank\" rel=\"noreferrer noopener\">2018 -&nbsp;Contrato Programa de Desenvolvimento Desportivo<\/a><a href=\"http:\/\/fppetanca.pt\/fpp\/wp-content\/uploads\/2018\/12\/2018_Contrato_PDD_APZNORTE.pdf\" class=\"wp-block-file__button wp-element-button\" download aria-describedby=\"wp-block-file--media-a4973181-6ccf-41bd-aeaa-04a05f7cb2a1\">Download<\/a><\/div>\n<!-- \/wp:file -->\n\n<!-- wp:file {\"id\":1602,\"href\":\"http:\/\/fppetanca.pt\/fpp\/wp-content\/uploads\/2018\/09\/2017_CONTRATO_PROGRAMA-_APZNORTE.pdf\"} -->\n<div class=\"wp-block-file\"><a id=\"wp-block-file--media-01d65b49-311f-4b6a-9ea0-699df73d9eee\" href=\"http:\/\/fppetanca.pt\/fpp\/wp-content\/uploads\/2018\/09\/2017_CONTRATO_PROGRAMA-_APZNORTE.pdf\" target=\"_blank\" rel=\"noreferrer noopener\">2017 - Contrato Programa de Desenvolvimento Desportivo<\/a><a href=\"http:\/\/fppetanca.pt\/fpp\/wp-content\/uploads\/2018\/09\/2017_CONTRATO_PROGRAMA-_APZNORTE.pdf\" class=\"wp-block-file__button wp-element-button\" download aria-describedby=\"wp-block-file--media-01d65b49-311f-4b6a-9ea0-699df73d9eee\">Download<\/a><\/div>\n<!-- \/wp:file -->\n\n<!-- wp:file {\"id\":1242,\"href\":\"http:\/\/fppetanca.pt\/fpp\/wp-content\/uploads\/2017\/01\/APZNORTE-2016.pdf\"} -->\n<div class=\"wp-block-file\"><a id=\"wp-block-file--media-b871a5a1-4123-46a3-aedd-64b3b2748c95\" href=\"http:\/\/fppetanca.pt\/fpp\/wp-content\/uploads\/2017\/01\/APZNORTE-2016.pdf\" target=\"_blank\" rel=\"noreferrer noopener\">2016 - Contrato Programa de Desenvolvimento Desportivo<\/a><a href=\"http:\/\/fppetanca.pt\/fpp\/wp-content\/uploads\/2017\/01\/APZNORTE-2016.pdf\" class=\"wp-block-file__button wp-element-button\" download aria-describedby=\"wp-block-file--media-b871a5a1-4123-46a3-aedd-64b3b2748c95\">Download<\/a><\/div>\n<!-- \/wp:file -->\n\n<!-- wp:file {\"id\":1239,\"href\":\"http:\/\/fppetanca.pt\/fpp\/wp-content\/uploads\/2017\/01\/APZNORTE-2015.pdf\"} -->\n<div class=\"wp-block-file\"><a id=\"wp-block-file--media-5bb2b110-bd75-4048-9e43-89b433dbe91b\" href=\"http:\/\/fppetanca.pt\/fpp\/wp-content\/uploads\/2017\/01\/APZNORTE-2015.pdf\" target=\"_blank\" rel=\"noreferrer noopener\">2015 - Contrato Programa de Desenvolvimento Desportivo<\/a><a href=\"http:\/\/fppetanca.pt\/fpp\/wp-content\/uploads\/2017\/01\/APZNORTE-2015.pdf\" class=\"wp-block-file__button wp-element-button\" download aria-describedby=\"wp-block-file--media-5bb2b110-bd75-4048-9e43-89b433dbe91b\">Download<\/a><\/div>\n<!-- \/wp:file -->\n\n<!-- wp:paragraph -->\n<p><\/p>\n<!-- \/wp:paragraph -->","_et_gb_content_width":"","ngg_post_thumbnail":0,"footnotes":""},"class_list":["post-203","page","type-page","status-publish","hentry"],"_links":{"self":[{"href":"https:\/\/fppetanca.pt\/fpp\/wp-json\/wp\/v2\/pages\/203","targetHints":{"allow":["GET"]}}],"collection":[{"href":"https:\/\/fppetanca.pt\/fpp\/wp-json\/wp\/v2\/pages"}],"about":[{"href":"https:\/\/fppetanca.pt\/fpp\/wp-json\/wp\/v2\/types\/page"}],"author":[{"embeddable":true,"href":"https:\/\/fppetanca.pt\/fpp\/wp-json\/wp\/v2\/users\/1"}],"replies":[{"embeddable":true,"href":"https:\/\/fppetanca.pt\/fpp\/wp-json\/wp\/v2\/comments?post=203"}],"version-history":[{"count":17,"href":"https:\/\/fppetanca.pt\/fpp\/wp-json\/wp\/v2\/pages\/203\/revisions"}],"predecessor-version":[{"id":2255,"href":"https:\/\/fppetanca.pt\/fpp\/wp-json\/wp\/v2\/pages\/203\/revisions\/2255"}],"up":[{"embeddable":true,"href":"https:\/\/fppetanca.pt\/fpp\/wp-json\/wp\/v2\/pages\/35"}],"wp:attachment":[{"href":"https:\/\/fppetanca.pt\/fpp\/wp-json\/wp\/v2\/media?parent=203"}],"curies":[{"name":"wp","href":"https:\/\/api.w.org\/{rel}","templated":true}]}}