{"id":2145,"date":"2025-05-02T13:39:16","date_gmt":"2025-05-02T13:39:16","guid":{"rendered":"https:\/\/fppetanca.pt\/fpp\/?page_id=2145"},"modified":"2025-09-09T08:59:03","modified_gmt":"2025-09-09T08:59:03","slug":"home","status":"publish","type":"page","link":"https:\/\/fppetanca.pt\/fpp\/","title":{"rendered":"Home"},"content":{"rendered":"<p>[et_pb_section fb_built=&#8221;1&#8243; admin_label=&#8221;Header&#8221; _builder_version=&#8221;4.27.4&#8243; _module_preset=&#8221;8484c018-f559-4bb1-9f17-6edef9a5daa4&#8243; background_image=&#8221;https:\/\/fppetanca.pt\/fpp\/wp-content\/uploads\/2025\/05\/IMG-20250425-WA0021.jpg&#8221; custom_padding=&#8221;10vw||0px||false|false&#8221; box_shadow_style=&#8221;preset7&#8243; box_shadow_horizontal=&#8221;0px&#8221; box_shadow_vertical=&#8221;-70px&#8221; box_shadow_color=&#8221;#FFFFFF&#8221; collapsed=&#8221;off&#8221; global_colors_info=&#8221;{}&#8221;][et_pb_row column_structure=&#8221;2_3,1_3&#8243; _builder_version=&#8221;4.27.4&#8243; _module_preset=&#8221;default&#8221; global_colors_info=&#8221;{}&#8221;][et_pb_column type=&#8221;2_3&#8243; _builder_version=&#8221;4.27.4&#8243; _module_preset=&#8221;default&#8221; global_colors_info=&#8221;{}&#8221;][et_pb_heading title=&#8221;S\u00e3o Br\u00e1s de Alportel&#8221; url=&#8221;#&#8221; _builder_version=&#8221;4.27.4&#8243; _module_preset=&#8221;ae00f81a-b251-454c-95cd-1315a7325df0&#8243; title_text_color=&#8221;#FFFFFF&#8221; global_colors_info=&#8221;{}&#8221;][\/et_pb_heading][et_pb_heading title=&#8221;Ta\u00e7a das Localidades 2025&#8243; _builder_version=&#8221;4.27.4&#8243; _module_preset=&#8221;9d129b18-009f-4c5c-99bd-527e0f07137c&#8221; title_text_color=&#8221;#FFFFFF&#8221; global_colors_info=&#8221;{}&#8221;][\/et_pb_heading][et_pb_button button_url=&#8221;https:\/\/fppetanca.pt\/fpp\/?p=2189&#8243; button_text=&#8221;saber mais&#8221; _builder_version=&#8221;4.27.4&#8243; _module_preset=&#8221;bd0772ec-d8ca-48e0-a867-01b573344d8c&#8221; global_colors_info=&#8221;{}&#8221;][\/et_pb_button][\/et_pb_column][et_pb_column type=&#8221;1_3&#8243; _builder_version=&#8221;4.27.4&#8243; _module_preset=&#8221;default&#8221; global_colors_info=&#8221;{}&#8221;][\/et_pb_column][\/et_pb_row][et_pb_row column_structure=&#8221;1_3,1_3,1_3&#8243; use_custom_gutter=&#8221;on&#8221; gutter_width=&#8221;1&#8243; make_equal=&#8221;on&#8221; _builder_version=&#8221;4.27.4&#8243; _module_preset=&#8221;default&#8221; custom_margin=&#8221;10vw||||false|false&#8221; custom_padding=&#8221;0px||0px||true|false&#8221; global_colors_info=&#8221;{}&#8221;][et_pb_column type=&#8221;1_3&#8243; _builder_version=&#8221;4.27.4&#8243; _module_preset=&#8221;b3a97dc4-3ce8-44aa-9916-7b51fe956538&#8243; background_color=&#8221;#d6d6d6&#8243; custom_padding=&#8221;30px|30px|30px|30px|true|true&#8221; global_colors_info=&#8221;{}&#8221;][et_pb_blurb title=&#8221;Federa\u00e7\u00e3o Portuguesa de P\u00e9tanca&#8221; url=&#8221;https:\/\/fppetanca.pt\/fpp\/?page_id=23&#8243; use_icon=&#8221;on&#8221; font_icon=&#8221;&#xf433;||fa||900&#8243; _builder_version=&#8221;4.27.4&#8243; _module_preset=&#8221;45906952-47e5-44b8-aeb2-9e9a08f6ddee&#8221; global_colors_info=&#8221;{%22gcid-heading-color%22:%91%22body_text_color%22%93}&#8221;][\/et_pb_blurb][\/et_pb_column][et_pb_column type=&#8221;1_3&#8243; _builder_version=&#8221;4.27.4&#8243; _module_preset=&#8221;25547d58-413c-43c9-815d-ab0036aabc30&#8243; custom_padding=&#8221;30px|30px|30px|30px|true|true&#8221; global_colors_info=&#8221;{}&#8221;][et_pb_blurb title=&#8221;Conhe\u00e7a as Associa\u00e7\u00f5es e Clubes de Petanca&#8221; url=&#8221;@ET-DC@eyJkeW5hbWljIjp0cnVlLCJjb250ZW50IjoicG9zdF9saW5rX3VybF9wYWdlIiwic2V0dGluZ3MiOnsicG9zdF9pZCI6IjM1In19@&#8221; use_icon=&#8221;on&#8221; font_icon=&#8221;&#xf433;||fa||900&#8243; icon_color=&#8221;#FFFFFF&#8221; _builder_version=&#8221;4.27.4&#8243; _dynamic_attributes=&#8221;url&#8221; _module_preset=&#8221;45906952-47e5-44b8-aeb2-9e9a08f6ddee&#8221; background_layout=&#8221;dark&#8221; locked=&#8221;off&#8221;][\/et_pb_blurb][\/et_pb_column][et_pb_column type=&#8221;1_3&#8243; _builder_version=&#8221;4.27.4&#8243; _module_preset=&#8221;d1bc986b-fcbd-4251-972b-bd9b50afed5b&#8221; custom_padding=&#8221;30px|30px|30px|30px|true|true&#8221; global_colors_info=&#8221;{}&#8221;][et_pb_blurb title=&#8221;Planos de Atividades e Or\u00e7amento&#8221; url=&#8221;https:\/\/fppetanca.pt\/fpp\/?page_id=461&#8243; use_icon=&#8221;on&#8221; font_icon=&#8221;&#xe086;||divi||400&#8243; icon_color=&#8221;#FFFFFF&#8221; _builder_version=&#8221;4.27.4&#8243; _module_preset=&#8221;45906952-47e5-44b8-aeb2-9e9a08f6ddee&#8221; background_layout=&#8221;dark&#8221; locked=&#8221;off&#8221;][\/et_pb_blurb][\/et_pb_column][\/et_pb_row][\/et_pb_section][et_pb_section fb_built=&#8221;1&#8243; admin_label=&#8221;Services&#8221; _builder_version=&#8221;4.27.4&#8243; _module_preset=&#8221;default&#8221; collapsed=&#8221;on&#8221; global_colors_info=&#8221;{}&#8221;][et_pb_row column_structure=&#8221;1_3,1_3,1_3&#8243; _builder_version=&#8221;4.27.4&#8243; _module_preset=&#8221;default&#8221; global_colors_info=&#8221;{}&#8221;][et_pb_column type=&#8221;1_3&#8243; _builder_version=&#8221;4.27.4&#8243; _module_preset=&#8221;default&#8221; global_colors_info=&#8221;{}&#8221;][et_pb_image src=&#8221;https:\/\/fppetanca.pt\/fpp\/wp-content\/uploads\/2025\/05\/petanque-e1746203261975.jpg&#8221; title_text=&#8221;petanque&#8221; _builder_version=&#8221;4.27.4&#8243; _module_preset=&#8221;default&#8221; global_colors_info=&#8221;{}&#8221;][\/et_pb_image][\/et_pb_column][et_pb_column type=&#8221;1_3&#8243; _builder_version=&#8221;4.27.4&#8243; _module_preset=&#8221;default&#8221; global_colors_info=&#8221;{}&#8221;][et_pb_image src=&#8221;https:\/\/fppetanca.pt\/fpp\/wp-content\/uploads\/2025\/05\/petanca_321654.jpg&#8221; title_text=&#8221;petanca_321654&#8243; _builder_version=&#8221;4.27.4&#8243; _module_preset=&#8221;default&#8221; global_colors_info=&#8221;{}&#8221;][\/et_pb_image][\/et_pb_column][et_pb_column type=&#8221;1_3&#8243; _builder_version=&#8221;4.27.4&#8243; _module_preset=&#8221;default&#8221; global_colors_info=&#8221;{}&#8221;][et_pb_image src=&#8221;https:\/\/fppetanca.pt\/fpp\/wp-content\/uploads\/2025\/05\/13285113_xl-scaled-e1746204728581.jpg&#8221; title_text=&#8221;13285113_xl&#8221; _builder_version=&#8221;4.27.4&#8243; _module_preset=&#8221;default&#8221; global_colors_info=&#8221;{}&#8221;][\/et_pb_image][\/et_pb_column][\/et_pb_row][et_pb_row _builder_version=&#8221;4.27.4&#8243; _module_preset=&#8221;default&#8221; global_colors_info=&#8221;{}&#8221;][et_pb_column type=&#8221;4_4&#8243; _builder_version=&#8221;4.27.4&#8243; _module_preset=&#8221;default&#8221; global_colors_info=&#8221;{}&#8221;][et_pb_divider _builder_version=&#8221;4.27.4&#8243; _module_preset=&#8221;default&#8221; global_colors_info=&#8221;{}&#8221;][\/et_pb_divider][et_pb_heading title=&#8221;Not\u00edcias&#8221; _builder_version=&#8221;4.27.4&#8243; _module_preset=&#8221;default&#8221; global_colors_info=&#8221;{}&#8221;][\/et_pb_heading][\/et_pb_column][\/et_pb_row][et_pb_row _builder_version=&#8221;4.27.4&#8243; _module_preset=&#8221;default&#8221; global_colors_info=&#8221;{}&#8221;][et_pb_column type=&#8221;4_4&#8243; _builder_version=&#8221;4.27.4&#8243; _module_preset=&#8221;default&#8221; global_colors_info=&#8221;{}&#8221;][et_pb_blog posts_number=&#8221;6&#8243; include_categories=&#8221;all&#8221; show_author=&#8221;off&#8221; show_categories=&#8221;off&#8221; show_pagination=&#8221;off&#8221; use_overlay=&#8221;on&#8221; hover_overlay_color=&#8221;rgba(0,0,0,0.35)&#8221; _builder_version=&#8221;4.27.4&#8243; _dynamic_attributes=&#8221;link_option_url&#8221; _module_preset=&#8221;df0400b5-0dc8-4b4e-8ba5-15cebde2045c&#8221; header_level=&#8221;h3&#8243; custom_padding=&#8221;||0px|||&#8221; link_option_url=&#8221;@ET-DC@eyJkeW5hbWljIjp0cnVlLCJjb250ZW50IjoicG9zdF9saW5rX3VybF9wYWdlIiwic2V0dGluZ3MiOnsicG9zdF9pZCI6IjIxNDkifX0=@&#8221; hover_enabled=&#8221;0&#8243; locked=&#8221;off&#8221; global_colors_info=&#8221;{}&#8221; sticky_enabled=&#8221;0&#8243; use_manual_excerpt=&#8221;off&#8221;][\/et_pb_blog][et_pb_button button_url=&#8221;@ET-DC@eyJkeW5hbWljIjp0cnVlLCJjb250ZW50IjoicG9zdF9saW5rX3VybF9wYWdlIiwic2V0dGluZ3MiOnsicG9zdF9pZCI6IjIxNDkifX0=@&#8221; button_text=&#8221;Ver todas as Not\u00edcias&#8221; button_alignment=&#8221;center&#8221; _builder_version=&#8221;4.27.4&#8243; _dynamic_attributes=&#8221;button_url&#8221; _module_preset=&#8221;default&#8221; global_colors_info=&#8221;{}&#8221;][\/et_pb_button][\/et_pb_column][\/et_pb_row][\/et_pb_section][et_pb_section fb_built=&#8221;1&#8243; admin_label=&#8221;Services&#8221; _builder_version=&#8221;4.27.4&#8243; _module_preset=&#8221;3bc757db-8af5-47cb-96b0-80a7e445aabd&#8221; collapsed=&#8221;on&#8221; global_colors_info=&#8221;{}&#8221;][et_pb_row _builder_version=&#8221;4.27.4&#8243; _module_preset=&#8221;default&#8221; global_colors_info=&#8221;{}&#8221;][et_pb_column type=&#8221;4_4&#8243; _builder_version=&#8221;4.27.4&#8243; _module_preset=&#8221;default&#8221; global_colors_info=&#8221;{}&#8221;][et_pb_heading title=&#8221;Parcerias&#8221; _builder_version=&#8221;4.27.4&#8243; _module_preset=&#8221;f09aa513-3e8e-47b9-a099-9e8ca25d4738&#8243; title_text_align=&#8221;center&#8221; title_text_color=&#8221;#FFFFFF&#8221; global_colors_info=&#8221;{}&#8221;][\/et_pb_heading][\/et_pb_column][\/et_pb_row][et_pb_row column_structure=&#8221;1_4,1_4,1_4,1_4&#8243; _builder_version=&#8221;4.27.4&#8243; _module_preset=&#8221;default&#8221; background_color=&#8221;#FFFFFF&#8221; global_colors_info=&#8221;{}&#8221;][et_pb_column type=&#8221;1_4&#8243; _builder_version=&#8221;4.27.4&#8243; _module_preset=&#8221;default&#8221; global_colors_info=&#8221;{}&#8221;][et_pb_image src=&#8221;https:\/\/fppetanca.pt\/fpp\/wp-content\/uploads\/2014\/04\/logoR1C1.png&#8221; title_text=&#8221;logoR1C1&#8243; align=&#8221;center&#8221; _builder_version=&#8221;4.27.4&#8243; _module_preset=&#8221;default&#8221; global_colors_info=&#8221;{}&#8221;][\/et_pb_image][\/et_pb_column][et_pb_column type=&#8221;1_4&#8243; _builder_version=&#8221;4.27.4&#8243; _module_preset=&#8221;default&#8221; global_colors_info=&#8221;{}&#8221;][et_pb_image src=&#8221;https:\/\/fppetanca.pt\/fpp\/wp-content\/uploads\/2014\/04\/logoR1C2.png&#8221; title_text=&#8221;logoR1C2&#8243; align=&#8221;center&#8221; _builder_version=&#8221;4.27.4&#8243; _module_preset=&#8221;default&#8221; global_colors_info=&#8221;{}&#8221;][\/et_pb_image][\/et_pb_column][et_pb_column type=&#8221;1_4&#8243; _builder_version=&#8221;4.27.4&#8243; _module_preset=&#8221;default&#8221; global_colors_info=&#8221;{}&#8221;][et_pb_image src=&#8221;https:\/\/fppetanca.pt\/fpp\/wp-content\/uploads\/2014\/04\/logoR1C3.png&#8221; title_text=&#8221;logoR1C3&#8243; align=&#8221;center&#8221; _builder_version=&#8221;4.27.4&#8243; _module_preset=&#8221;default&#8221; global_colors_info=&#8221;{}&#8221;][\/et_pb_image][\/et_pb_column][et_pb_column type=&#8221;1_4&#8243; _builder_version=&#8221;4.27.4&#8243; _module_preset=&#8221;default&#8221; global_colors_info=&#8221;{}&#8221;][et_pb_image src=&#8221;https:\/\/fppetanca.pt\/fpp\/wp-content\/uploads\/2014\/04\/logoR1C5.png&#8221; title_text=&#8221;logoR1C5&#8243; align=&#8221;center&#8221; _builder_version=&#8221;4.27.4&#8243; _module_preset=&#8221;default&#8221; global_colors_info=&#8221;{}&#8221;][\/et_pb_image][\/et_pb_column][\/et_pb_row][et_pb_row column_structure=&#8221;1_3,1_3,1_3&#8243; _builder_version=&#8221;4.27.4&#8243; _module_preset=&#8221;default&#8221; background_color=&#8221;#FFFFFF&#8221; global_colors_info=&#8221;{}&#8221;][et_pb_column type=&#8221;1_3&#8243; _builder_version=&#8221;4.27.4&#8243; _module_preset=&#8221;default&#8221; global_colors_info=&#8221;{}&#8221;][et_pb_image src=&#8221;https:\/\/fppetanca.pt\/fpp\/wp-content\/uploads\/2014\/04\/logoR1C6.png&#8221; title_text=&#8221;logoR1C6&#8243; align=&#8221;center&#8221; _builder_version=&#8221;4.27.4&#8243; _module_preset=&#8221;default&#8221; global_colors_info=&#8221;{}&#8221;][\/et_pb_image][\/et_pb_column][et_pb_column type=&#8221;1_3&#8243; _builder_version=&#8221;4.27.4&#8243; _module_preset=&#8221;default&#8221; global_colors_info=&#8221;{}&#8221;][et_pb_image src=&#8221;https:\/\/fppetanca.pt\/fpp\/wp-content\/uploads\/2014\/04\/logo_7_cmsba.png&#8221; title_text=&#8221;logo_7_cmsba&#8221; align=&#8221;center&#8221; _builder_version=&#8221;4.27.4&#8243; _module_preset=&#8221;default&#8221; global_colors_info=&#8221;{}&#8221;][\/et_pb_image][\/et_pb_column][et_pb_column type=&#8221;1_3&#8243; _builder_version=&#8221;4.27.4&#8243; _module_preset=&#8221;default&#8221; global_colors_info=&#8221;{}&#8221;][et_pb_image src=&#8221;https:\/\/fppetanca.pt\/fpp\/wp-content\/uploads\/2025\/05\/Loja-Tacas-2018-3-e1747178228704.jpg&#8221; alt=&#8221;Loja das Ta\u00e7as&#8221; title_text=&#8221;Loja Ta\u00e7as&#8221; align=&#8221;center&#8221; _builder_version=&#8221;4.27.4&#8243; _module_preset=&#8221;default&#8221; global_colors_info=&#8221;{}&#8221;][\/et_pb_image][\/et_pb_column][\/et_pb_row][\/et_pb_section]<\/p>\n","protected":false},"excerpt":{"rendered":"","protected":false},"author":1,"featured_media":0,"parent":0,"menu_order":0,"comment_status":"closed","ping_status":"closed","template":"","meta":{"_et_pb_use_builder":"on","_et_pb_old_content":"","_et_gb_content_width":"","ngg_post_thumbnail":0,"footnotes":""},"class_list":["post-2145","page","type-page","status-publish","hentry"],"_links":{"self":[{"href":"https:\/\/fppetanca.pt\/fpp\/wp-json\/wp\/v2\/pages\/2145","targetHints":{"allow":["GET"]}}],"collection":[{"href":"https:\/\/fppetanca.pt\/fpp\/wp-json\/wp\/v2\/pages"}],"about":[{"href":"https:\/\/fppetanca.pt\/fpp\/wp-json\/wp\/v2\/types\/page"}],"author":[{"embeddable":true,"href":"https:\/\/fppetanca.pt\/fpp\/wp-json\/wp\/v2\/users\/1"}],"replies":[{"embeddable":true,"href":"https:\/\/fppetanca.pt\/fpp\/wp-json\/wp\/v2\/comments?post=2145"}],"version-history":[{"count":23,"href":"https:\/\/fppetanca.pt\/fpp\/wp-json\/wp\/v2\/pages\/2145\/revisions"}],"predecessor-version":[{"id":2469,"href":"https:\/\/fppetanca.pt\/fpp\/wp-json\/wp\/v2\/pages\/2145\/revisions\/2469"}],"wp:attachment":[{"href":"https:\/\/fppetanca.pt\/fpp\/wp-json\/wp\/v2\/media?parent=2145"}],"curies":[{"name":"wp","href":"https:\/\/api.w.org\/{rel}","templated":true}]}}