{"id":2519,"date":"2025-12-20T09:58:11","date_gmt":"2025-12-20T09:58:11","guid":{"rendered":"https:\/\/fppetanca.pt\/fpp\/?page_id=2519"},"modified":"2025-12-20T09:59:00","modified_gmt":"2025-12-20T09:59:00","slug":"plano-atividades-2011-2","status":"publish","type":"page","link":"https:\/\/fppetanca.pt\/fpp\/documentacao\/plano-atividades-2011-2\/","title":{"rendered":"Plano Desenvolvimento Desportivo"},"content":{"rendered":"\n[et_pb_section fb_built=&#8221;1&#8243; admin_label=&#8221;section&#8221; _builder_version=&#8221;4.16&#8243; global_colors_info=&#8221;{}&#8221;][et_pb_row admin_label=&#8221;row&#8221; _builder_version=&#8221;4.16&#8243; background_size=&#8221;initial&#8221; background_position=&#8221;top_left&#8221; background_repeat=&#8221;repeat&#8221; global_colors_info=&#8221;{}&#8221;][et_pb_column type=&#8221;4_4&#8243; _builder_version=&#8221;4.16&#8243; custom_padding=&#8221;|||&#8221; global_colors_info=&#8221;{}&#8221; custom_padding__hover=&#8221;|||&#8221;][et_pb_text admin_label=&#8221;Text&#8221; _builder_version=&#8221;4.27.5&#8243; background_size=&#8221;initial&#8221; background_position=&#8221;top_left&#8221; background_repeat=&#8221;repeat&#8221; hover_enabled=&#8221;0&#8243; global_colors_info=&#8221;{}&#8221; sticky_enabled=&#8221;0&#8243;]<h2><strong>Plano de Desenvolvimento Desportivo<\/strong><\/h2>\n<p><!-- \/divi:post-content --><\/p>\n<p>Consolidar a petanca como uma modalidade reconhecida, inclusiva e acess\u00edvel em Portugal, aumentando o n\u00famero de praticantes, a competividade nacional e a presen\u00e7a internacional.<\/p>\n<p>Promover e desenvolver a pr\u00e1tica da petanca em todo o territ\u00f3rio nacional, garantindo qualidade formativa, sustentabilidade organizacional e resultados desportivos de excel\u00eancia.<\/p>\n<ul>\n<li><a href=\"https:\/\/fppetanca.pt\/fpp\/wp-content\/uploads\/2025\/12\/Plano-Desenvolvimento-Desportivo-da-FPP-2025_2028.pdf\" rel=\"attachment wp-att-2515\">Plano Desenvolvimento Desportivo da FPP &#8211; 2025_2028<\/a><\/li>\n<\/ul>\n<p><!-- \/divi:paragraph --><\/p>\n<p><!-- divi:list --><\/p>\n<p><!-- \/divi:list-item --><\/p>\n<p><!-- \/divi:list --><\/p>\n<p><!-- divi:paragraph --><\/p>\n<ul><\/ul>\n<ul><\/ul>\n<p><!-- \/divi:list-item --><\/p>\n<p><!-- \/divi:list --><\/p>\n<p><!-- divi:paragraph --><\/p>\n<p><!-- \/divi:paragraph --><\/p>[\/et_pb_text][\/et_pb_column][\/et_pb_row][\/et_pb_section]\n","protected":false},"excerpt":{"rendered":"<p>Plano de Desenvolvimento Desportivo Consolidar a petanca como uma modalidade reconhecida, inclusiva e acess\u00edvel em Portugal, aumentando o n\u00famero de praticantes, a competividade nacional e a presen\u00e7a internacional. Promover e desenvolver a pr\u00e1tica da petanca em todo o territ\u00f3rio nacional, garantindo qualidade formativa, sustentabilidade organizacional e resultados desportivos de excel\u00eancia. Plano Desenvolvimento Desportivo da FPP [&hellip;]<\/p>\n","protected":false},"author":1,"featured_media":0,"parent":716,"menu_order":2,"comment_status":"closed","ping_status":"closed","template":"","meta":{"_et_pb_use_builder":"on","_et_pb_old_content":"<!-- wp:paragraph -->\n<p><strong>Plano de Atividades e Or\u00e7amento<\/strong><\/p>\n<!-- \/wp:paragraph -->\n\n<!-- wp:paragraph -->\n<p>Nos termos dos Estatutos da Federa\u00e7\u00e3o Portuguesa de Petanca (FPP), apresentamos nesta p\u00e1gina o Plano<br>de Atividades e Or\u00e7amento, obriga\u00e7\u00e3o que \u00e9, tamb\u00e9m, legal, conforme resulta das normas que regem a atividade das Federa\u00e7\u00f5es Desportivas dotadas de Utilidade P\u00fablica Desportiva.<\/p>\n<!-- \/wp:paragraph -->\n\n<!-- wp:list -->\n<ul><!-- wp:list-item -->\n<li><a href=\"https:\/\/fppetanca.pt\/fpp\/wp-content\/uploads\/2024\/02\/PAO_FPP_2024.pdf\" target=\"_blank\" rel=\"noreferrer noopener\">2024 - Plano de Atividades e Or\u00e7amento<\/a><\/li>\n<!-- \/wp:list-item --><\/ul>\n<!-- \/wp:list -->\n\n<!-- wp:paragraph -->\n<p><strong>Planos de Atividades e Or\u00e7amentos dos anos anteriores:<\/strong><\/p>\n<!-- \/wp:paragraph -->\n\n<!-- wp:list -->\n<ul><!-- wp:list-item -->\n<li><a href=\"https:\/\/fppetanca.pt\/fpp\/wp-content\/uploads\/2024\/02\/PAO_FPP_2023.pdf\" target=\"_blank\" rel=\"noreferrer noopener\">2023 - Plano de Atividades e Or\u00e7amento<\/a><\/li>\n<!-- \/wp:list-item -->\n\n<!-- wp:list-item -->\n<li><a href=\"https:\/\/fppetanca.pt\/fpp\/wp-content\/uploads\/2022\/11\/2022_PAO_FPP.pdf\" target=\"_blank\" rel=\"noopener\">2022 - Plano de Atividades e Or\u00e7amento<\/a><\/li>\n<!-- \/wp:list-item -->\n\n<!-- wp:list-item -->\n<li><a href=\"http:\/\/fppetanca.pt\/fpp\/?attachment_id=1805\">2021 - Plano de Atividades e Or\u00e7amento<\/a><\/li>\n<!-- \/wp:list-item -->\n\n<!-- wp:list-item -->\n<li><a href=\"http:\/\/fppetanca.pt\/fpp\/wp-content\/uploads\/2020\/01\/2020_PAO_FPP.pdf\" target=\"_blank\" rel=\"noopener noreferrer\">2020 - Plano de Atividades e Or\u00e7amento<\/a><\/li>\n<!-- \/wp:list-item -->\n\n<!-- wp:list-item -->\n<li><a href=\"http:\/\/fppetanca.pt\/fpp\/wp-content\/uploads\/2019\/04\/2019_PAO_FPP.pdf\" target=\"_blank\" rel=\"noopener noreferrer\">2019 - Plano de Atividades e Or\u00e7amento<\/a> ; <a href=\"http:\/\/fppetanca.pt\/fpp\/wp-content\/uploads\/2019\/04\/2018_ATA_N_02_Arovacao_PAO.pdf\" target=\"_blank\" rel=\"noopener noreferrer\">Ata Aprova\u00e7\u00e3o do PAO 2019<\/a><\/li>\n<!-- \/wp:list-item -->\n\n<!-- wp:list-item -->\n<li><a href=\"http:\/\/fppetanca.pt\/fpp\/wp-content\/uploads\/2019\/04\/2018_PAO_FPP.pdf\" target=\"_blank\" rel=\"noopener noreferrer\">2018 - Plano de Atividades e Or\u00e7amento<\/a> ; <a href=\"http:\/\/fppetanca.pt\/fpp\/wp-content\/uploads\/2019\/04\/2017_ATA_N_03_Aprovacao_PAO_2018.pdf\" target=\"_blank\" rel=\"noopener noreferrer\">Ata Aprova\u00e7\u00e3o do PAO 2018<\/a><\/li>\n<!-- \/wp:list-item -->\n\n<!-- wp:list-item -->\n<li><a href=\"http:\/\/fppetanca.pt\/fpp\/wp-content\/uploads\/2015\/12\/Plano-Ativ.-Or\u00e7amento-2017.pdf\">2017 - Plano de Atividades e Or\u00e7amento<\/a>&nbsp;;&nbsp;<a href=\"http:\/\/fppetanca.pt\/fpp\/wp-content\/uploads\/2015\/12\/Ata-Aprova\u00e7\u00e3o-PAO-2017.pdf\">Ata Aprova\u00e7\u00e3o do PAO- 2017<\/a><\/li>\n<!-- \/wp:list-item -->\n\n<!-- wp:list-item -->\n<li><a href=\"http:\/\/fppetanca.pt\/fpp\/wp-content\/uploads\/2016\/07\/PAO-2016.pdf\" target=\"_blank\" rel=\"noopener noreferrer\">2016 - Plano de Atividades e Or\u00e7amento<\/a><\/li>\n<!-- \/wp:list-item -->\n\n<!-- wp:list-item -->\n<li><a href=\"http:\/\/fppetanca.pt\/fpp\/wp-content\/uploads\/2016\/07\/PAO-2015.pdf\" target=\"_blank\" rel=\"noopener noreferrer\">2015 - Plano de Atividades e Or\u00e7amento<\/a><\/li>\n<!-- \/wp:list-item -->\n\n<!-- wp:list-item -->\n<li><a href=\"http:\/\/fppetanca.pt\/fpp\/wp-content\/uploads\/2015\/08\/PAO_2014_PETANCA.pdf\" target=\"_blank\" rel=\"noopener noreferrer\">2014 - Plano de Atividades e Or\u00e7amento<\/a>;&nbsp;<a href=\"http:\/\/fppetanca.pt\/fpp\/wp-content\/uploads\/2016\/07\/PAO-2014.pdf\" target=\"_blank\" rel=\"noopener noreferrer\">2014 - PAO Ata de Aprova\u00e7\u00e3o<\/a><\/li>\n<!-- \/wp:list-item -->\n\n<!-- wp:list-item -->\n<li><a href=\"http:\/\/fppetanca.pt\/fpp\/wp-content\/uploads\/2016\/07\/PAO-2013.pdf\" target=\"_blank\" rel=\"noopener noreferrer\">2013 - Plano de Atividades e Or\u00e7amento<\/a><\/li>\n<!-- \/wp:list-item -->\n\n<!-- wp:list-item -->\n<li><a href=\"http:\/\/fppetanca.pt\/fpp\/wp-content\/uploads\/2016\/07\/PAO-2012.pdf\" target=\"_blank\" rel=\"noopener noreferrer\">2012 - Plano de Atividades e Or\u00e7amento<\/a><\/li>\n<!-- \/wp:list-item -->\n\n<!-- wp:list-item -->\n<li><a href=\"http:\/\/fppetanca.pt\/fpp\/wp-content\/uploads\/2016\/07\/PAO-2011.pdf\" target=\"_blank\" rel=\"noopener noreferrer\">2011 - Plano de Atividades e Or\u00e7amento<\/a><\/li>\n<!-- \/wp:list-item -->\n\n<!-- wp:list-item -->\n<li><a href=\"http:\/\/fppetanca.pt\/fpp\/wp-content\/uploads\/2016\/07\/PAO-2010.pdf\" target=\"_blank\" rel=\"noopener noreferrer\">2010 - Plano de Atividades e Or\u00e7amento<\/a>;&nbsp;<\/li>\n<!-- \/wp:list-item --><\/ul>\n<!-- \/wp:list -->\n\n<!-- wp:paragraph -->\n<p><\/p>\n<!-- \/wp:paragraph -->","_et_gb_content_width":"","ngg_post_thumbnail":0,"footnotes":""},"class_list":["post-2519","page","type-page","status-publish","hentry"],"_links":{"self":[{"href":"https:\/\/fppetanca.pt\/fpp\/wp-json\/wp\/v2\/pages\/2519","targetHints":{"allow":["GET"]}}],"collection":[{"href":"https:\/\/fppetanca.pt\/fpp\/wp-json\/wp\/v2\/pages"}],"about":[{"href":"https:\/\/fppetanca.pt\/fpp\/wp-json\/wp\/v2\/types\/page"}],"author":[{"embeddable":true,"href":"https:\/\/fppetanca.pt\/fpp\/wp-json\/wp\/v2\/users\/1"}],"replies":[{"embeddable":true,"href":"https:\/\/fppetanca.pt\/fpp\/wp-json\/wp\/v2\/comments?post=2519"}],"version-history":[{"count":2,"href":"https:\/\/fppetanca.pt\/fpp\/wp-json\/wp\/v2\/pages\/2519\/revisions"}],"predecessor-version":[{"id":2521,"href":"https:\/\/fppetanca.pt\/fpp\/wp-json\/wp\/v2\/pages\/2519\/revisions\/2521"}],"up":[{"embeddable":true,"href":"https:\/\/fppetanca.pt\/fpp\/wp-json\/wp\/v2\/pages\/716"}],"wp:attachment":[{"href":"https:\/\/fppetanca.pt\/fpp\/wp-json\/wp\/v2\/media?parent=2519"}],"curies":[{"name":"wp","href":"https:\/\/api.w.org\/{rel}","templated":true}]}}