{"id":2530,"date":"2026-01-06T23:41:45","date_gmt":"2026-01-06T23:41:45","guid":{"rendered":"https:\/\/fppetanca.pt\/fpp\/?page_id=2530"},"modified":"2026-01-08T00:27:32","modified_gmt":"2026-01-08T00:27:32","slug":"inscricoes","status":"publish","type":"page","link":"https:\/\/fppetanca.pt\/fpp\/inscricoes\/","title":{"rendered":"Inscri\u00e7\u00f5es"},"content":{"rendered":"<p>[et_pb_section fb_built=&#8221;1&#8243; _builder_version=&#8221;4.27.5&#8243; _module_preset=&#8221;default&#8221; background_color=&#8221;rgba(0,0,0,0.46)&#8221; background_image=&#8221;https:\/\/fppetanca.pt\/fpp\/wp-content\/uploads\/2025\/05\/petanque_2.jpg&#8221; background_blend=&#8221;overlay&#8221; global_colors_info=&#8221;{}&#8221;][et_pb_row _builder_version=&#8221;4.27.5&#8243; _module_preset=&#8221;default&#8221; global_colors_info=&#8221;{}&#8221;][et_pb_column type=&#8221;4_4&#8243; _builder_version=&#8221;4.27.5&#8243; _module_preset=&#8221;default&#8221; global_colors_info=&#8221;{}&#8221;][et_pb_text _builder_version=&#8221;4.27.5&#8243; _module_preset=&#8221;default&#8221; header_2_text_color=&#8221;#FFFFFF&#8221; header_2_text_shadow_style=&#8221;preset2&#8243; global_colors_info=&#8221;{}&#8221;]<\/p>\n<h2 style=\"text-align: center;\"><span style=\"color: #ffffff;\">Inscri\u00e7\u00f5es &#8211; \u00c9poca Desportiva 2026<\/span><\/h2>\n<p>[\/et_pb_text][\/et_pb_column][\/et_pb_row][\/et_pb_section][et_pb_section fb_built=&#8221;1&#8243; _builder_version=&#8221;4.27.5&#8243; _module_preset=&#8221;default&#8221; custom_padding=&#8221;2px|||||&#8221; global_colors_info=&#8221;{}&#8221;][et_pb_row _builder_version=&#8221;4.27.5&#8243; _module_preset=&#8221;default&#8221; global_colors_info=&#8221;{}&#8221;][et_pb_column type=&#8221;4_4&#8243; _builder_version=&#8221;4.27.5&#8243; _module_preset=&#8221;default&#8221; global_colors_info=&#8221;{}&#8221;][et_pb_text _builder_version=&#8221;4.27.5&#8243; _module_preset=&#8221;default&#8221; global_colors_info=&#8221;{}&#8221;]<\/p>\n<p>A Federa\u00e7\u00e3o Portuguesa de Petanca informa que se encontram abertas as inscri\u00e7\u00f5es para a <strong>\u00e9poca desportiva de 2026<\/strong>, destinadas a atletas, t\u00e9cnicos, \u00e1rbitros, dirigentes e clubes, decorrendo o respetivo per\u00edodo de <span style=\"text-decoration: underline;\"><strong>inscri\u00e7\u00f5es at\u00e9 ao dia 29 de janeiro de 2026.<\/strong><\/span><\/p>\n<p>Com o objetivo de <strong>simplificar, agilizar e modernizar<\/strong> os processos administrativos, a FPP disponibiliza formul\u00e1rios de inscri\u00e7\u00e3o online, recomendando a sua utiliza\u00e7\u00e3o sempre que poss\u00edvel.<\/p>\n<p>&nbsp;<\/p>\n<h3>Formul\u00e1rios de Inscri\u00e7\u00e3o Online (Recomendado)<\/h3>\n<p>A utiliza\u00e7\u00e3o dos <strong>formul\u00e1rios online<\/strong> permite:<\/p>\n<ul>\n<li>Submiss\u00e3o imediata da inscri\u00e7\u00e3o e respetiva documenta\u00e7\u00e3o;<\/li>\n<li>Redu\u00e7\u00e3o de erros e omiss\u00f5es;<\/li>\n<li>Maior rapidez na an\u00e1lise e valida\u00e7\u00e3o dos processos;<\/li>\n<li>Otimiza\u00e7\u00e3o dos recursos humanos da Federa\u00e7\u00e3o, contribuindo para um servi\u00e7o mais c\u00e9lere e eficiente.<\/li>\n<\/ul>\n<p>[\/et_pb_text][et_pb_text _builder_version=&#8221;4.27.5&#8243; _module_preset=&#8221;default&#8221; global_colors_info=&#8221;{}&#8221;]<\/p>\n<p style=\"text-align: center;\"><strong>Aceda ao bot\u00e3o Inscri\u00e7\u00e3o Individual para submeter a inscri\u00e7\u00e3o de Atletas, T\u00e9cnicos, \u00c1rbitros e Dirigentes.<\/strong><\/p>\n<p>[\/et_pb_text][et_pb_button button_url=&#8221;https:\/\/forms.gle\/sbPxiTtxpc4FUmmT7&#8243; url_new_window=&#8221;on&#8221; button_text=&#8221;Inscri\u00e7\u00e3o Individual&#8221; button_alignment=&#8221;center&#8221; _builder_version=&#8221;4.27.5&#8243; _module_preset=&#8221;default&#8221; button_text_size=&#8221;18px&#8221; button_border_width=&#8221;0px&#8221; button_border_radius=&#8221;10px&#8221; button_font=&#8221;|700|||||||&#8221; button_use_icon=&#8221;off&#8221; animation_style=&#8221;bounce&#8221; button_text_shadow_style=&#8221;preset4&#8243; box_shadow_style=&#8221;preset1&#8243; global_colors_info=&#8221;{}&#8221;][\/et_pb_button][et_pb_text _builder_version=&#8221;4.27.5&#8243; _module_preset=&#8221;default&#8221; custom_padding=&#8221;||0px|||&#8221; global_colors_info=&#8221;{}&#8221;]<\/p>\n<p style=\"text-align: center;\"><strong>Aceda ao bot\u00e3o Inscri\u00e7\u00e3o de Clubes para submeter a inscri\u00e7\u00e3o do seu clube.<\/strong><\/p>\n<p>[\/et_pb_text][et_pb_button button_url=&#8221;https:\/\/forms.gle\/NR6ayznUL5jBifqt8&#8243; url_new_window=&#8221;on&#8221; button_text=&#8221;Inscri\u00e7\u00e3o de Clubes&#8221; button_alignment=&#8221;center&#8221; _builder_version=&#8221;4.27.5&#8243; _module_preset=&#8221;default&#8221; button_text_size=&#8221;18px&#8221; button_border_width=&#8221;0px&#8221; button_border_radius=&#8221;10px&#8221; button_font=&#8221;|700|||||||&#8221; button_use_icon=&#8221;off&#8221; custom_padding=&#8221;16px|42px|16px|42px|true|true&#8221; mix_blend_mode=&#8221;overlay&#8221; animation_style=&#8221;bounce&#8221; animation_delay=&#8221;150ms&#8221; button_text_shadow_style=&#8221;preset5&#8243; box_shadow_style=&#8221;preset1&#8243; global_colors_info=&#8221;{}&#8221;][\/et_pb_button][et_pb_text _builder_version=&#8221;4.27.5&#8243; _module_preset=&#8221;default&#8221; global_colors_info=&#8221;{}&#8221;]<\/p>\n<p>Ap\u00f3s a submiss\u00e3o, o candidato recebe automaticamente um <strong>e-mail de confirma\u00e7\u00e3o<\/strong>, que dever\u00e1 ser guardado como comprovativo da inscri\u00e7\u00e3o.<\/p>\n<p>Todas as inscri\u00e7\u00f5es est\u00e3o <strong>sujeitas a valida\u00e7\u00e3o e aprova\u00e7\u00e3o<\/strong> pelos servi\u00e7os competentes da FPP.<\/p>\n<p>&nbsp;<\/p>\n<p>[\/et_pb_text][\/et_pb_column][\/et_pb_row][et_pb_row _builder_version=&#8221;4.27.5&#8243; _module_preset=&#8221;default&#8221; background_color=&#8221;#f9f9f9&#8243; border_width_all=&#8221;1px&#8221; border_color_all=&#8221;#c6c6c6&#8243; global_colors_info=&#8221;{}&#8221;][et_pb_column type=&#8221;4_4&#8243; _builder_version=&#8221;4.27.5&#8243; _module_preset=&#8221;default&#8221; global_colors_info=&#8221;{}&#8221;][et_pb_text _builder_version=&#8221;4.27.5&#8243; _module_preset=&#8221;default&#8221; width=&#8221;90%&#8221; module_alignment=&#8221;center&#8221; hover_enabled=&#8221;0&#8243; global_colors_info=&#8221;{}&#8221; sticky_enabled=&#8221;0&#8243;]<\/p>\n<h3>Formul\u00e1rios em PDF<\/h3>\n<p>(Alternativa)<\/p>\n<p>&nbsp;<\/p>\n<p>Para situa\u00e7\u00f5es excecionais, a Federa\u00e7\u00e3o Portuguesa de Petanca disponibiliza igualmente os formul\u00e1rios em formato PDF, que podem ser preenchidos e entregues:<\/p>\n<ul>\n<li style=\"list-style-type: none;\">\n<ul>\n<li>Via postal<\/li>\n<li>Por correio eletr\u00f3nico<\/li>\n<li>Presencialmente<\/li>\n<\/ul>\n<\/li>\n<\/ul>\n<p><strong>Download dos Formul\u00e1rios:<\/strong><\/p>\n<ul>\n<li style=\"list-style-type: none;\">\n<ul>\n<li><a href=\"https:\/\/fppetanca.pt\/fpp\/wp-content\/uploads\/2026\/01\/Boletim_inscricao_2026_FPP_v050126_OK-1.pdf\" rel=\"attachment noopener wp-att-2556\" target=\"_blank\">Boletim_Inscri\u00e7\u00e3o_Individual 2026<\/a><\/li>\n<li><a href=\"https:\/\/fppetanca.pt\/fpp\/wp-content\/uploads\/2026\/01\/Boletim_Inscricao_Clubes_2026_FPP_v050126_OK-1.pdf\" rel=\"attachment noopener wp-att-2555\" target=\"_blank\">Boletim_Inscri\u00e7\u00e3o_Clubes_2026<\/a><\/li>\n<\/ul>\n<\/li>\n<\/ul>\n<p>Sempre que poss\u00edvel, recomenda-se a utiliza\u00e7\u00e3o dos formul\u00e1rios online, por serem mais r\u00e1pidos, pr\u00e1ticos e eficazes, tanto para os requerentes como para os servi\u00e7os da Federa\u00e7\u00e3o.<\/p>\n<p><strong>Outros formul\u00e1rios para download:<\/strong><\/p>\n<ul>\n<li style=\"list-style-type: none;\">\n<ul>\n<li><a href=\"https:\/\/ipdj.gov.pt\/documents\/20123\/159879\/FormularioExameMedicoDdesportivo122022.pdf\" target=\"_blank\" rel=\"noopener\">Formulario de Exame M\u00e9dico Desportivo &#8211; IPDJ<\/a><\/li>\n<li><a href=\"https:\/\/fppetanca.pt\/fpp\/wp-content\/uploads\/2026\/01\/Declaracao_TermoResponsabilidade_Menores_V050126_OK-1.pdf\" rel=\"attachment noopener wp-att-2554\" target=\"_blank\">Declaracao &#8211; Termo de Responsabilidade de Menores<\/a><\/li>\n<li><a href=\"https:\/\/fppetanca.pt\/fpp\/wp-content\/uploads\/2026\/01\/Lista_Nominal_2026_V050126_OK-1.pdf\" rel=\"attachment noopener wp-att-2553\" target=\"_blank\">Lista Nominal 2026<\/a><\/li>\n<\/ul>\n<\/li>\n<\/ul>\n<p>[\/et_pb_text][\/et_pb_column][\/et_pb_row][\/et_pb_section]<\/p>\n","protected":false},"excerpt":{"rendered":"<p>A Federa\u00e7\u00e3o Portuguesa de Petanca informa que se encontram abertas as inscri\u00e7\u00f5es para a \u00e9poca desportiva de 2026, destinadas a atletas, t\u00e9cnicos, \u00e1rbitros, dirigentes e clubes.<\/p>\n","protected":false},"author":1,"featured_media":230,"parent":0,"menu_order":0,"comment_status":"closed","ping_status":"closed","template":"","meta":{"_et_pb_use_builder":"on","_et_pb_old_content":"","_et_gb_content_width":"","ngg_post_thumbnail":0,"footnotes":""},"class_list":["post-2530","page","type-page","status-publish","has-post-thumbnail","hentry"],"_links":{"self":[{"href":"https:\/\/fppetanca.pt\/fpp\/wp-json\/wp\/v2\/pages\/2530","targetHints":{"allow":["GET"]}}],"collection":[{"href":"https:\/\/fppetanca.pt\/fpp\/wp-json\/wp\/v2\/pages"}],"about":[{"href":"https:\/\/fppetanca.pt\/fpp\/wp-json\/wp\/v2\/types\/page"}],"author":[{"embeddable":true,"href":"https:\/\/fppetanca.pt\/fpp\/wp-json\/wp\/v2\/users\/1"}],"replies":[{"embeddable":true,"href":"https:\/\/fppetanca.pt\/fpp\/wp-json\/wp\/v2\/comments?post=2530"}],"version-history":[{"count":9,"href":"https:\/\/fppetanca.pt\/fpp\/wp-json\/wp\/v2\/pages\/2530\/revisions"}],"predecessor-version":[{"id":2559,"href":"https:\/\/fppetanca.pt\/fpp\/wp-json\/wp\/v2\/pages\/2530\/revisions\/2559"}],"wp:featuredmedia":[{"embeddable":true,"href":"https:\/\/fppetanca.pt\/fpp\/wp-json\/wp\/v2\/media\/230"}],"wp:attachment":[{"href":"https:\/\/fppetanca.pt\/fpp\/wp-json\/wp\/v2\/media?parent=2530"}],"curies":[{"name":"wp","href":"https:\/\/api.w.org\/{rel}","templated":true}]}}