{"id":32,"date":"2013-11-11T16:55:41","date_gmt":"2013-11-11T16:55:41","guid":{"rendered":"http:\/\/fppetanca.pt\/fpp\/?page_id=32"},"modified":"2025-09-09T11:11:35","modified_gmt":"2025-09-09T11:11:35","slug":"estatutos","status":"publish","type":"page","link":"https:\/\/fppetanca.pt\/fpp\/institucional\/estatutos\/","title":{"rendered":"Estatutos e Regulamento Eleitoral"},"content":{"rendered":"<p>[et_pb_section fb_built=&#8221;1&#8243; admin_label=&#8221;section&#8221; _builder_version=&#8221;4.16&#8243; global_colors_info=&#8221;{}&#8221;][et_pb_row admin_label=&#8221;row&#8221; _builder_version=&#8221;4.16&#8243; background_size=&#8221;initial&#8221; background_position=&#8221;top_left&#8221; background_repeat=&#8221;repeat&#8221; global_colors_info=&#8221;{}&#8221; custom_padding=&#8221;30px|||||&#8221;][et_pb_column type=&#8221;4_4&#8243; _builder_version=&#8221;4.16&#8243; custom_padding=&#8221;|||&#8221; global_colors_info=&#8221;{}&#8221; custom_padding__hover=&#8221;|||&#8221;][et_pb_text admin_label=&#8221;Text&#8221; _builder_version=&#8221;4.27.4&#8243; background_size=&#8221;initial&#8221; background_position=&#8221;top_left&#8221; background_repeat=&#8221;repeat&#8221; hover_enabled=&#8221;0&#8243; global_colors_info=&#8221;{}&#8221; sticky_enabled=&#8221;0&#8243;]<\/p>\n<h2><strong>Estatutos da Federa\u00e7\u00e3o Portuguesa de Petanca<\/strong><\/h2>\n<p>A Federa\u00e7\u00e3o Portuguesa de Petanca (F.P.P.) \u00e9 uma Federa\u00e7\u00e3o Unidesportiva, pessoa colectiva constitu\u00edda sob a forma de\u00a0associa\u00e7\u00e3o sem fins lucrativos, dotada de utilidade p\u00fablica desportiva.<\/p>\n<p>A F.P.P. rege-se pelo regime jur\u00eddico das federa\u00e7\u00f5es e subsidiariamente pelo regime\u00a0jur\u00eddico das associa\u00e7\u00f5es de direito privado, para al\u00e9m, das normas internacionais\u00a0aplic\u00e1veis, bem como pelos presentes estatutos e regulamentos complementares.<\/p>\n<ul>\n<li style=\"list-style-type: none;\">\n<ul>\n<li><a href=\"https:\/\/fppetanca.pt\/fpp\/wp-content\/uploads\/2024\/02\/2024Jan20_Estatutos_FPPetanca.pdf\" target=\"_blank\" rel=\"noopener\">Estatutos da F. P. Petanca (Altera\u00e7\u00e3o de 20-01-2024)<\/a><\/li>\n<li><a href=\"https:\/\/fppetanca.pt\/fpp\/wp-content\/uploads\/2013\/10\/2015-ESTATUTOS-FPP-ATUALIZADOS.pdf\" target=\"_blank\" rel=\"noopener\">Estatutos da F. P. Petanca (2015)<\/a><\/li>\n<\/ul>\n<\/li>\n<\/ul>\n<p>&nbsp;<\/p>\n<h2><strong>Regulamento Eleitoral da F.P.P.<\/strong><\/h2>\n<ul>\n<li style=\"list-style-type: none;\">\n<ul>\n<li><a href=\"https:\/\/fppetanca.pt\/fpp\/wp-content\/uploads\/2025\/09\/regulamento_eleitoral_fpp_-definitiva22082025.pdf\" rel=\"attachment noopener wp-att-2464\" target=\"_blank\" title=\"Regulamento Eleitoral\">Regulamento Eleitoral (2025 &#8211; actualizado a 22\/08\/2025)<\/a><\/li>\n<li><a title=\"Regulamento Eleitoral\" href=\"https:\/\/fppetanca.pt\/fpp\/wp-content\/uploads\/2022\/12\/2022_Regulamento_Eleitoral.pdf\" target=\"_blank\" rel=\"noopener\">Regulamento Eleitoral (2022) &#8211; revogado<\/a><\/li>\n<li><a href=\"https:\/\/fppetanca.pt\/fpp\/wp-content\/uploads\/2013\/12\/regulamento_eleitoral_fpp.pdf\" rel=\"attachment noopener wp-att-76\" target=\"_blank\">Regulamento Eleitoral (2009) &#8211; revogado<\/a><\/li>\n<\/ul>\n<\/li>\n<\/ul>\n<ul><\/ul>\n<p>&nbsp;<\/p>\n<p>[\/et_pb_text][\/et_pb_column][\/et_pb_row][\/et_pb_section]<\/p>\n","protected":false},"excerpt":{"rendered":"<p>Estatutos da Federa\u00e7\u00e3o Portuguesa de Petanca A Federa\u00e7\u00e3o Portuguesa de Petanca (F.P.P.) \u00e9 uma Federa\u00e7\u00e3o Unidesportiva, pessoa colectiva constitu\u00edda sob a forma de\u00a0associa\u00e7\u00e3o sem fins lucrativos, dotada de utilidade p\u00fablica desportiva. A F.P.P. rege-se pelo regime jur\u00eddico das federa\u00e7\u00f5es e subsidiariamente pelo regime\u00a0jur\u00eddico das associa\u00e7\u00f5es de direito privado, para al\u00e9m, das normas internacionais\u00a0aplic\u00e1veis, bem como [&hellip;]<\/p>\n","protected":false},"author":1,"featured_media":0,"parent":14,"menu_order":0,"comment_status":"closed","ping_status":"closed","template":"","meta":{"_et_pb_use_builder":"on","_et_pb_old_content":"A Federa\u00e7\u00e3o Portuguesa de Petanca (F.P.P.) \u00e9 uma Federa\u00e7\u00e3o Unidesportiva, pessoa colectiva constitu\u00edda sob a forma de&nbsp;associa\u00e7\u00e3o sem fins lucrativos, dotada de utilidade p\u00fablica desportiva.\n\nA F.P.P. rege-se pelo regime jur\u00eddico das federa\u00e7\u00f5es e subsidiariamente pelo regime&nbsp;jur\u00eddico das associa\u00e7\u00f5es de direito privado, para al\u00e9m, das normas internacionais&nbsp;aplic\u00e1veis, bem como pelos presentes estatutos e regulamentos complementares.\n\n<strong>Estatutos e Regulamento Eleitoral da Federa\u00e7\u00e3o Portuguesa de Petanca:<\/strong>\n\n&nbsp;\n<ul>\n \t<li><a href=\"https:\/\/fppetanca.pt\/fpp\/wp-content\/uploads\/2024\/02\/2024Jan20_Estatutos_FPPetanca.pdf\" target=\"_blank\" rel=\"noopener\">Estatutos da F. P. Petanca (Altera\u00e7\u00e3o de 20-01-2024)<\/a><\/li>\n \t<li><a href=\"http:\/\/fppetanca.pt\/fpp\/wp-content\/uploads\/2013\/10\/2015-ESTATUTOS-FPP-ATUALIZADOS.pdf\" target=\"_blank\" rel=\"noopener\">Estatutos da F. P. Petanca (2015)<\/a><\/li>\n \t<li><a title=\"Regulamento Eleitoral\" href=\"http:\/\/fppetanca.pt\/fpp\/wp-content\/uploads\/2013\/12\/regulamento_eleitoral_fpp.pdf\" target=\"_blank\" rel=\"noopener\">Regulamento Eleitoral (2009)<\/a><\/li>\n<\/ul>\n&nbsp;","_et_gb_content_width":"","ngg_post_thumbnail":0,"footnotes":""},"class_list":["post-32","page","type-page","status-publish","hentry"],"_links":{"self":[{"href":"https:\/\/fppetanca.pt\/fpp\/wp-json\/wp\/v2\/pages\/32","targetHints":{"allow":["GET"]}}],"collection":[{"href":"https:\/\/fppetanca.pt\/fpp\/wp-json\/wp\/v2\/pages"}],"about":[{"href":"https:\/\/fppetanca.pt\/fpp\/wp-json\/wp\/v2\/types\/page"}],"author":[{"embeddable":true,"href":"https:\/\/fppetanca.pt\/fpp\/wp-json\/wp\/v2\/users\/1"}],"replies":[{"embeddable":true,"href":"https:\/\/fppetanca.pt\/fpp\/wp-json\/wp\/v2\/comments?post=32"}],"version-history":[{"count":13,"href":"https:\/\/fppetanca.pt\/fpp\/wp-json\/wp\/v2\/pages\/32\/revisions"}],"predecessor-version":[{"id":2485,"href":"https:\/\/fppetanca.pt\/fpp\/wp-json\/wp\/v2\/pages\/32\/revisions\/2485"}],"up":[{"embeddable":true,"href":"https:\/\/fppetanca.pt\/fpp\/wp-json\/wp\/v2\/pages\/14"}],"wp:attachment":[{"href":"https:\/\/fppetanca.pt\/fpp\/wp-json\/wp\/v2\/media?parent=32"}],"curies":[{"name":"wp","href":"https:\/\/api.w.org\/{rel}","templated":true}]}}