{"id":343,"date":"2014-04-04T22:06:30","date_gmt":"2014-04-04T22:06:30","guid":{"rendered":"http:\/\/fppetanca.pt\/fpp\/?page_id=343"},"modified":"2025-07-09T19:13:07","modified_gmt":"2025-07-09T19:13:07","slug":"resultados-classificacao","status":"publish","type":"page","link":"https:\/\/fppetanca.pt\/fpp\/resultados-classificacao\/","title":{"rendered":"Competi\u00e7\u00f5es"},"content":{"rendered":"<p>[et_pb_section fb_built=&#8221;1&#8243; admin_label=&#8221;section&#8221; _builder_version=&#8221;4.27.4&#8243; global_colors_info=&#8221;{}&#8221;][et_pb_row admin_label=&#8221;row&#8221; _builder_version=&#8221;4.16&#8243; background_size=&#8221;initial&#8221; background_position=&#8221;top_left&#8221; background_repeat=&#8221;repeat&#8221; global_colors_info=&#8221;{}&#8221;][et_pb_column type=&#8221;4_4&#8243; _builder_version=&#8221;4.16&#8243; custom_padding=&#8221;|||&#8221; global_colors_info=&#8221;{}&#8221; custom_padding__hover=&#8221;|||&#8221;][et_pb_text _builder_version=&#8221;4.27.4&#8243; _module_preset=&#8221;default&#8221; global_colors_info=&#8221;{}&#8221;]<\/p>\n<h1>Competi\u00e7\u00f5es<\/h1>\n<p>[\/et_pb_text][et_pb_text _builder_version=&#8221;4.27.4&#8243; _module_preset=&#8221;default&#8221; global_colors_info=&#8221;{}&#8221;]<\/p>\n<h2>2025<\/h2>\n<p>[\/et_pb_text][et_pb_text _builder_version=&#8221;4.27.4&#8243; _module_preset=&#8221;default&#8221; text_text_color=&#8221;#0955a5&#8243; header_text_color=&#8221;#0C71C3&#8243; header_3_text_color=&#8221;#0a39af&#8221; custom_padding=&#8221;60px||||false|false&#8221; border_width_bottom=&#8221;3px&#8221; border_color_bottom=&#8221;#0c71c3&#8243; global_colors_info=&#8221;{}&#8221;]<\/p>\n<h3>Petanca<\/h3>\n<p>[\/et_pb_text][et_pb_accordion _builder_version=&#8221;4.27.4&#8243; _module_preset=&#8221;default&#8221; global_colors_info=&#8221;{%22gcid-primary-color%22:%91%22body_quote_text_color%22,%22quote_text_color%22,%22body_quote_text_color%22,%22quote_text_color%22,%22body_quote_text_color%22,%22quote_text_color%22,%22body_quote_text_color%22,%22quote_text_color%22,%22body_quote_text_color%22,%22quote_text_color%22,%22body_quote_text_color%22,%22quote_text_color%22,%22body_quote_text_color%22,%22quote_text_color%22,%22body_quote_text_color%22,%22quote_text_color%22%93,%22gcid-secondary-color%22:%91%22icon_color%22,%22icon_color%22,%22icon_color%22,%22icon_color%22,%22icon_color%22,%22icon_color%22,%22icon_color%22,%22icon_color%22%93,%22gcid-heading-color%22:%91%22toggle_text_color%22,%22toggle_text_color%22,%22toggle_text_color%22,%22toggle_text_color%22,%22toggle_text_color%22,%22toggle_text_color%22,%22toggle_text_color%22,%22toggle_text_color%22%93,%22gcid-00af8519-940d-4f62-84af-484aba407c29%22:%91%22border_color_all%22,%22border_color_all%22,%22border_color_all%22,%22border_color_all%22,%22border_color_all%22,%22border_color_all%22,%22border_color_all%22,%22border_color_all%22%93}&#8221; body_quote_text_color=&#8221;#e3530b&#8221; icon_color=&#8221;#0d58b3&#8243; toggle_text_color=&#8221;#000000&#8243; border_color_all=&#8221;rgba(0,0,0,0.2)&#8221; border_width_all=&#8221;0px&#8221; border_width_bottom=&#8221;1px&#8221;][et_pb_accordion_item title=&#8221;Campeonato M\u00e3o a M\u00e3o&#8221; _builder_version=&#8221;4.27.4&#8243; _module_preset=&#8221;default&#8221; global_colors_info=&#8221;{}&#8221; open=&#8221;off&#8221;]<\/p>\n<p>4 de Maio | Lagos<\/p>\n<p><a href=\"https:\/\/fppetanca.pt\/fpp\/wp-content\/uploads\/2025\/05\/Classificacao-Final-Mao-a-Mao-Lagos-2025.jpg\" title=\"Lista de vencedores Campeonato M\u00e3o a M\u00e3o 2025\">Ver Classifica\u00e7\u00e3o Final do Campeonato<\/a><\/p>\n<p>[\/et_pb_accordion_item][et_pb_accordion_item title=&#8221;Final Nacional Triplete&#8221; _builder_version=&#8221;4.27.4&#8243; _module_preset=&#8221;default&#8221; global_colors_info=&#8221;{}&#8221; open=&#8221;off&#8221;]<\/p>\n<p>8 Junho | Local a designar<\/p>\n<p>[\/et_pb_accordion_item][et_pb_accordion_item title=&#8221;Final Nacional Duplete &#8211; Jovens&#8221; _builder_version=&#8221;4.27.4&#8243; _module_preset=&#8221;default&#8221; global_colors_info=&#8221;{}&#8221; open=&#8221;off&#8221;]<\/p>\n<p>8 Junho | Local a designar<\/p>\n<p>[\/et_pb_accordion_item][et_pb_accordion_item title=&#8221;Final Nacional de Duplete&#8221; _builder_version=&#8221;4.27.4&#8243; _module_preset=&#8221;default&#8221; global_colors_info=&#8221;{}&#8221; open=&#8221;off&#8221;]<\/p>\n<p>29 Junho | Local a designar<\/p>\n<p>[\/et_pb_accordion_item][et_pb_accordion_item title=&#8221;Copa Iberica &#8211; Espanha&#8221; _builder_version=&#8221;4.27.4&#8243; _module_preset=&#8221;default&#8221; global_colors_info=&#8221;{}&#8221; open=&#8221;off&#8221;]<\/p>\n<p>5 e 6 Julho | Local a designar<\/p>\n<p>[\/et_pb_accordion_item][et_pb_accordion_item title=&#8221;Campeonato da Europa Tripletes Seniores Masculinos &#8211; Espanha&#8221; open=&#8221;off&#8221; _builder_version=&#8221;4.27.4&#8243; _module_preset=&#8221;default&#8221; global_colors_info=&#8221;{}&#8221;]<\/p>\n<p>17 a 20 Julho | Espanha &#8211; Santa Susanna, Espanha<\/p>\n<p><a href=\"https:\/\/fppetanca.pt\/fpp\/wp-content\/uploads\/2025\/07\/part_CampEuropa_Petanca_S_Susana2025.jpg\"><img loading=\"lazy\" decoding=\"async\" src=\"https:\/\/fppetanca.pt\/fpp\/wp-content\/uploads\/2025\/07\/part_CampEuropa_Petanca_S_Susana2025.jpg\" width=\"720\" height=\"960\" alt=\"\" class=\"wp-image-2434 alignleft size-full\" srcset=\"https:\/\/fppetanca.pt\/fpp\/wp-content\/uploads\/2025\/07\/part_CampEuropa_Petanca_S_Susana2025.jpg 720w, https:\/\/fppetanca.pt\/fpp\/wp-content\/uploads\/2025\/07\/part_CampEuropa_Petanca_S_Susana2025-480x640.jpg 480w\" sizes=\"(min-width: 0px) and (max-width: 480px) 480px, (min-width: 481px) 720px, 100vw\" \/><\/a><\/p>\n<p>&nbsp;<\/p>\n<p>[\/et_pb_accordion_item][et_pb_accordion_item title=&#8221;Final Nacional Mistos&#8221; _builder_version=&#8221;4.27.4&#8243; _module_preset=&#8221;default&#8221; global_colors_info=&#8221;{}&#8221; open=&#8221;on&#8221;]<\/p>\n<p>27 Julho | Loul\u00e9<\/p>\n<p>[\/et_pb_accordion_item][et_pb_accordion_item title=&#8221; Ta\u00e7a Zona Centro&#8221; _builder_version=&#8221;4.27.4&#8243; _module_preset=&#8221;default&#8221; global_colors_info=&#8221;{}&#8221; open=&#8221;off&#8221;]<\/p>\n<p>7 Setembro | Local a designar<\/p>\n<p>[\/et_pb_accordion_item][et_pb_accordion_item title=&#8221;Ta\u00e7a de Portugal&#8221; _builder_version=&#8221;4.27.4&#8243; _module_preset=&#8221;default&#8221; global_colors_info=&#8221;{}&#8221; open=&#8221;off&#8221;]<\/p>\n<p>28 Setembro | Local a designar<\/p>\n<p>[\/et_pb_accordion_item][et_pb_accordion_item title=&#8221;Ta\u00e7a Abel Ferreira \/ Inter Associa\u00e7\u00f5es&#8221; _builder_version=&#8221;4.27.4&#8243; _module_preset=&#8221;default&#8221; global_colors_info=&#8221;{}&#8221; open=&#8221;off&#8221;]<\/p>\n<p>26 Outubro | Local a designar<\/p>\n<p>[\/et_pb_accordion_item][\/et_pb_accordion][et_pb_text _builder_version=&#8221;4.27.4&#8243; _module_preset=&#8221;default&#8221; header_text_color=&#8221;#000000&#8243; header_3_text_color=&#8221;#ea4200&#8243; custom_padding=&#8221;60px||||false|false&#8221; border_width_bottom=&#8221;3px&#8221; border_color_bottom=&#8221;#ea4200&#8243; global_colors_info=&#8221;{}&#8221;]<\/p>\n<h3>Tiro Precis\u00e3o<\/h3>\n<p>[\/et_pb_text][et_pb_accordion _builder_version=&#8221;4.27.4&#8243; _module_preset=&#8221;default&#8221; global_colors_info=&#8221;{%22gcid-primary-color%22:%91%22body_quote_text_color%22,%22quote_text_color%22,%22body_quote_text_color%22,%22quote_text_color%22,%22body_quote_text_color%22,%22quote_text_color%22,%22body_quote_text_color%22,%22quote_text_color%22,%22body_quote_text_color%22,%22quote_text_color%22%93,%22gcid-secondary-color%22:%91%22icon_color%22,%22icon_color%22,%22icon_color%22,%22icon_color%22,%22icon_color%22%93,%22gcid-heading-color%22:%91%22toggle_text_color%22,%22toggle_text_color%22,%22toggle_text_color%22,%22toggle_text_color%22,%22toggle_text_color%22%93,%22gcid-00af8519-940d-4f62-84af-484aba407c29%22:%91%22border_color_all%22,%22border_color_all%22,%22border_color_all%22,%22border_color_all%22,%22border_color_all%22%93}&#8221;][et_pb_accordion_item title=&#8221;1\u00ba Eliminat\u00f3ria Tiro Precis\u00e3o&#8221; open=&#8221;on&#8221; _builder_version=&#8221;4.27.4&#8243; _module_preset=&#8221;default&#8221; global_colors_info=&#8221;{}&#8221;]<\/p>\n<p>17 Maio | Local a designar<\/p>\n<p>[\/et_pb_accordion_item][et_pb_accordion_item title=&#8221;2\u00aa Eliminat\u00f3ria Tiro Precis\u00e3o&#8221; _builder_version=&#8221;4.27.4&#8243; _module_preset=&#8221;default&#8221; global_colors_info=&#8221;{}&#8221; open=&#8221;off&#8221;]<\/p>\n<p>14 Junho | Local a designar<\/p>\n<p>[\/et_pb_accordion_item][et_pb_accordion_item title=&#8221;Final Eliminat\u00f3ria Tiro Precis\u00e3o&#8221; _builder_version=&#8221;4.27.4&#8243; _module_preset=&#8221;default&#8221; global_colors_info=&#8221;{}&#8221; open=&#8221;off&#8221;]<\/p>\n<p>21 Junho | Local a designar<\/p>\n<p>[\/et_pb_accordion_item][et_pb_accordion_item title=&#8221;Campeonato Nacional de Tiro de Precis\u00e3o&#8221; _builder_version=&#8221;4.27.4&#8243; _module_preset=&#8221;default&#8221; global_colors_info=&#8221;{}&#8221; open=&#8221;off&#8221;]<\/p>\n<p>27 Setembro | Local a designar<\/p>\n<p>[\/et_pb_accordion_item][\/et_pb_accordion][\/et_pb_column][\/et_pb_row][\/et_pb_section]<\/p>\n","protected":false},"excerpt":{"rendered":"<p>Competi\u00e7\u00f5es2025Petanca4 de Maio | Lagos Ver Classifica\u00e7\u00e3o Final do Campeonato8 Junho | Local a designar8 Junho | Local a designar29 Junho | Local a designar5 e 6 Julho | Local a designar17 a 20 Julho | Espanha &#8211; Santa Susanna, Espanha &nbsp;27 Julho | Loul\u00e97 Setembro | Local a designar28 Setembro | Local a designar26 [&hellip;]<\/p>\n","protected":false},"author":1,"featured_media":0,"parent":0,"menu_order":5,"comment_status":"closed","ping_status":"closed","template":"","meta":{"_et_pb_use_builder":"on","_et_pb_old_content":"2016\r\n<ul>\r\n \t<li><a href=\"http:\/\/fppetanca.pt\/fpp\/wp-content\/uploads\/2016\/10\/RESULTADOS-TA\u00c7A-DE-PORTUGAL-2016.pdf\" target=\"_blank\" rel=\"noopener\">Resultados Ta\u00e7a de Portugal - 2016<\/a><\/li>\r\n \t<li><a href=\"http:\/\/fppetanca.pt\/fpp\/wp-content\/uploads\/2016\/10\/RESULTADOS-TA\u00c7A-DE-PORTUGAL-FEMININOS-2016.pdf\" target=\"_blank\" rel=\"noopener\">Resultados Ta\u00e7a de Portugal - Femininos - 2016<\/a><\/li>\r\n \t<li><a href=\"http:\/\/fppetanca.pt\/fpp\/wp-content\/uploads\/2016\/10\/RESULTADOS-TA\u00c7A-CIDADE-DE-ALMEIRIM-2016.pdf\" target=\"_blank\" rel=\"noopener\">Resultados Ta\u00e7a \"Cidade de Almeirim\" 2016<\/a><\/li>\r\n \t<li><a href=\"http:\/\/fppetanca.pt\/fpp\/wp-content\/uploads\/2016\/10\/RESULTADOS-TA\u00c7A-CIDADE-DE-ALMEIRIM-FEMININOS-2016.pdf\" target=\"_blank\" rel=\"noopener\">Resultados Ta\u00e7a \"Cidade de Almeirim\" - Femininos-2016<\/a><\/li>\r\n<\/ul>\r\n&nbsp;\r\n\r\n2015\r\n<ul>\r\n \t<li><a href=\"http:\/\/fppetanca.pt\/fpp\/wp-content\/uploads\/2014\/04\/TA\u00c7A-CIDADE-DE-ALMEIRIM-2015.pdf\" target=\"_blank\" rel=\"noopener\">Ta\u00e7a \"Cidade de Almeirim\"- 2015<\/a><\/li>\r\n \t<li><a href=\"http:\/\/fppetanca.pt\/fpp\/wp-content\/uploads\/2015\/09\/Resultados-Final-M\u00e3o-a-M\u00e3o-2015.pdf\">Resultados Final M\u00e3o a M\u00e3o 2015<\/a><\/li>\r\n \t<li><a href=\"http:\/\/fppetanca.pt\/fpp\/wp-content\/uploads\/2015\/09\/Resultados-Final-Doublete-2015.pdf\">Resultados Final Doublete 2015<\/a><\/li>\r\n \t<li><a href=\"http:\/\/fppetanca.pt\/fpp\/wp-content\/uploads\/2015\/11\/TA\u00c7A-DE-PORTUGAL-20153.pdf\" target=\"_blank\" rel=\"noopener\">Ta\u00e7a de Portugal - 2015<\/a><\/li>\r\n \t<li><a href=\"http:\/\/fppetanca.pt\/fpp\/wp-content\/uploads\/2015\/08\/Resultados-Final-Triplete-2015.pdf\">Resultados Final Triplete 2015<\/a><\/li>\r\n<\/ul>\r\n&nbsp;\r\n\r\n2014\r\n<ul>\r\n \t<li><a title=\"Apurados > Final do Campeonato Nacional de M\u00e3o-a-M\u00e3o (M\/F)\" href=\"http:\/\/fppetanca.pt\/fpp\/wp-content\/uploads\/2014\/04\/APURADOS_LOUL\u00c9_FINAL_CAMP_NACIONAL_M\u00c3O-M\u00c3O.pdf\" target=\"_blank\" rel=\"noopener\">Apurados &gt; Final do Campeonato Nacional de M\u00e3o-a-M\u00e3o (M\/F)<\/a><\/li>\r\n \t<li><a href=\"http:\/\/fppetanca.pt\/fpp\/wp-content\/uploads\/2014\/04\/Resultados-Final-M\u00e3o-a-M\u00e3o-2014.pdf\">Resultados Final M\u00e3o a M\u00e3o 2014<\/a><\/li>\r\n<\/ul>","_et_gb_content_width":"","ngg_post_thumbnail":0,"footnotes":""},"class_list":["post-343","page","type-page","status-publish","hentry"],"_links":{"self":[{"href":"https:\/\/fppetanca.pt\/fpp\/wp-json\/wp\/v2\/pages\/343","targetHints":{"allow":["GET"]}}],"collection":[{"href":"https:\/\/fppetanca.pt\/fpp\/wp-json\/wp\/v2\/pages"}],"about":[{"href":"https:\/\/fppetanca.pt\/fpp\/wp-json\/wp\/v2\/types\/page"}],"author":[{"embeddable":true,"href":"https:\/\/fppetanca.pt\/fpp\/wp-json\/wp\/v2\/users\/1"}],"replies":[{"embeddable":true,"href":"https:\/\/fppetanca.pt\/fpp\/wp-json\/wp\/v2\/comments?post=343"}],"version-history":[{"count":27,"href":"https:\/\/fppetanca.pt\/fpp\/wp-json\/wp\/v2\/pages\/343\/revisions"}],"predecessor-version":[{"id":2453,"href":"https:\/\/fppetanca.pt\/fpp\/wp-json\/wp\/v2\/pages\/343\/revisions\/2453"}],"wp:attachment":[{"href":"https:\/\/fppetanca.pt\/fpp\/wp-json\/wp\/v2\/media?parent=343"}],"curies":[{"name":"wp","href":"https:\/\/api.w.org\/{rel}","templated":true}]}}