{"id":35,"date":"2013-11-11T16:57:36","date_gmt":"2013-11-11T16:57:36","guid":{"rendered":"http:\/\/fppetanca.pt\/fpp\/?page_id=35"},"modified":"2017-01-25T15:08:02","modified_gmt":"2017-01-25T15:08:02","slug":"socios","status":"publish","type":"page","link":"https:\/\/fppetanca.pt\/fpp\/socios\/","title":{"rendered":"Associa\u00e7\u00f5es"},"content":{"rendered":"<p>CONTRATOS PROGRAMA ASSOCIA\u00c7\u00d5ES&nbsp;<\/p>\n<p>&nbsp;<\/p>\n<p><span style=\"color: #333333;\"><a style=\"color: #333333;\" href=\"https:\/\/fppetanca.pt\/fpp\/wp-content\/uploads\/2017\/01\/APZCENTRO-2015.pdf\" target=\"_blank\">\u2022APZCENTRO 2015<\/a><\/span><\/p>\n<p><span style=\"color: #333333;\"><a style=\"color: #333333;\" href=\"https:\/\/fppetanca.pt\/fpp\/wp-content\/uploads\/2013\/11\/APZCENTRO-2016.pdf\" target=\"_blank\">\u2022APZCENTRO 2016<\/a><\/span><\/p>\n<p><span style=\"color: #333333;\">\u2022<a style=\"color: #333333;\" href=\"https:\/\/fppetanca.pt\/fpp\/wp-content\/uploads\/2017\/01\/APZNORTE-2015.pdf\" target=\"_blank\">APZNORTE 2015<\/a><\/span><\/p>\n<p><span style=\"color: #333333;\">\u2022<a style=\"color: #333333;\" href=\"https:\/\/fppetanca.pt\/fpp\/wp-content\/uploads\/2017\/01\/APZNORTE-2016.pdf\" target=\"_blank\">APZNORTE 2016<\/a><\/span><\/p>\n<p><span style=\"color: #333333;\"><a style=\"color: #333333;\" href=\"https:\/\/fppetanca.pt\/fpp\/wp-content\/uploads\/2017\/01\/2015-APBASA.pdf\">\u2022APBASA -2015<\/a><\/span><\/p>\n<p><span style=\"color: #333333;\">\u2022APBASA &#8211;<a style=\"color: #333333;\" href=\"https:\/\/fppetanca.pt\/fpp\/wp-content\/uploads\/2017\/01\/2016-APBASA.pdf\" target=\"_blank\">2016&nbsp;<\/a><\/span><\/p>\n<p><span style=\"color: #333333;\">\u2022APA-&nbsp;<a style=\"color: #333333;\" href=\"https:\/\/fppetanca.pt\/fpp\/wp-content\/uploads\/2017\/01\/2015-APA.pdf\" target=\"_blank\">2015&nbsp;<\/a><\/span><\/p>\n<p><span style=\"color: #333333;\">\u2022APA &#8211;<a style=\"color: #333333;\" href=\"https:\/\/fppetanca.pt\/fpp\/wp-content\/uploads\/2017\/01\/2016-APA.pdf\" target=\"_blank\">2016&nbsp;<\/a><\/span><\/p>\n<p>&nbsp;<\/p>\n","protected":false},"excerpt":{"rendered":"<p>CONTRATOS PROGRAMA ASSOCIA\u00c7\u00d5ES&nbsp; &nbsp; \u2022APZCENTRO 2015 \u2022APZCENTRO 2016 \u2022APZNORTE 2015 \u2022APZNORTE 2016 \u2022APBASA -2015 \u2022APBASA &#8211;2016&nbsp; \u2022APA-&nbsp;2015&nbsp; \u2022APA &#8211;2016&nbsp; &nbsp;<\/p>\n","protected":false},"author":1,"featured_media":0,"parent":0,"menu_order":2,"comment_status":"closed","ping_status":"open","template":"","meta":{"_et_pb_use_builder":"","_et_pb_old_content":"","_et_gb_content_width":"","ngg_post_thumbnail":0,"footnotes":""},"class_list":["post-35","page","type-page","status-publish","hentry"],"_links":{"self":[{"href":"https:\/\/fppetanca.pt\/fpp\/wp-json\/wp\/v2\/pages\/35","targetHints":{"allow":["GET"]}}],"collection":[{"href":"https:\/\/fppetanca.pt\/fpp\/wp-json\/wp\/v2\/pages"}],"about":[{"href":"https:\/\/fppetanca.pt\/fpp\/wp-json\/wp\/v2\/types\/page"}],"author":[{"embeddable":true,"href":"https:\/\/fppetanca.pt\/fpp\/wp-json\/wp\/v2\/users\/1"}],"replies":[{"embeddable":true,"href":"https:\/\/fppetanca.pt\/fpp\/wp-json\/wp\/v2\/comments?post=35"}],"version-history":[{"count":5,"href":"https:\/\/fppetanca.pt\/fpp\/wp-json\/wp\/v2\/pages\/35\/revisions"}],"predecessor-version":[{"id":1334,"href":"https:\/\/fppetanca.pt\/fpp\/wp-json\/wp\/v2\/pages\/35\/revisions\/1334"}],"wp:attachment":[{"href":"https:\/\/fppetanca.pt\/fpp\/wp-json\/wp\/v2\/media?parent=35"}],"curies":[{"name":"wp","href":"https:\/\/api.w.org\/{rel}","templated":true}]}}