{"id":39,"date":"2013-11-11T16:59:02","date_gmt":"2013-11-11T16:59:02","guid":{"rendered":"http:\/\/fppetanca.pt\/fpp\/?page_id=39"},"modified":"2025-05-02T21:56:53","modified_gmt":"2025-05-02T21:56:53","slug":"associacoes","status":"publish","type":"page","link":"https:\/\/fppetanca.pt\/fpp\/socios\/associacoes\/","title":{"rendered":"Ass. P\u00e9tanca do Algarve"},"content":{"rendered":"[et_pb_section fb_built=&#8221;1&#8243; admin_label=&#8221;section&#8221; _builder_version=&#8221;4.16&#8243; global_colors_info=&#8221;{}&#8221;][et_pb_row admin_label=&#8221;row&#8221; _builder_version=&#8221;4.16&#8243; background_size=&#8221;initial&#8221; background_position=&#8221;top_left&#8221; background_repeat=&#8221;repeat&#8221; global_colors_info=&#8221;{}&#8221;][et_pb_column type=&#8221;4_4&#8243; _builder_version=&#8221;4.16&#8243; custom_padding=&#8221;|||&#8221; global_colors_info=&#8221;{}&#8221; custom_padding__hover=&#8221;|||&#8221;][et_pb_text admin_label=&#8221;Text&#8221; _builder_version=&#8221;4.27.4&#8243; background_size=&#8221;initial&#8221; background_position=&#8221;top_left&#8221; background_repeat=&#8221;repeat&#8221; hover_enabled=&#8221;0&#8243; global_colors_info=&#8221;{}&#8221; sticky_enabled=&#8221;0&#8243;]<h3><strong>Associa\u00e7\u00e3o de P\u00e9tanca do Algarve<\/strong><strong><img loading=\"lazy\" decoding=\"async\" class=\"size-full wp-image-350 alignright\" title=\" Associa\u00e7\u00e3o de Petanca do Algarve\" src=\"https:\/\/fppetanca.pt\/fpp\/wp-content\/uploads\/2014\/04\/logo_apa.png\" alt=\" Associa\u00e7\u00e3o de Petanca do Algarve\" width=\"223\" height=\"172\" \/><\/strong><\/h3>\n<p>Rua Prof. Domingos Mendes<br \/>8800 \u2013 671 TAVIRA<\/p>\n<p>Presidente: <strong>Carlos Sousa<\/strong><\/p>\n<p>Contactos: 916236456 \/ 964875309<br \/>Email: <a href=\"mailto:associacaopetancaalgarve@gmail.com\">associacaopetancaalgarve@gmail.com<\/a><\/p>\n<p><!-- \/wp:post-content --><\/p>[\/et_pb_text][\/et_pb_column][\/et_pb_row][et_pb_row _builder_version=&#8221;4.27.4&#8243; _module_preset=&#8221;default&#8221; column_structure=&#8221;1_2,1_2&#8243;][et_pb_column _builder_version=&#8221;4.27.4&#8243; _module_preset=&#8221;default&#8221; type=&#8221;1_2&#8243;][et_pb_text _builder_version=&#8221;4.27.4&#8243; _module_preset=&#8221;default&#8221; hover_enabled=&#8221;0&#8243; sticky_enabled=&#8221;0&#8243;]<p>Clubes:<\/p>\n<ul>\n<li><strong>Clube P\u00e9tanca Escola de Loul\u00e9<br \/><\/strong>R. Afonso de Albuquerque , 89\u00a0 4\u00baesq.<br \/>8100-531\u00a0 LOUL\u00c9<br \/><a href=\"mailto:escolapetancaloule@gmail.com\">escolapetancaloule@gmail.com<\/a>\n<p>&nbsp;<\/p>\n<\/li>\n<li><strong>Clube de P\u00e9tanca de Faro<\/strong><br \/>Praceta Capit\u00e3o Salgueiro Maia<br \/>Bloco J s\/n\u00ba r\/c<br \/>8000 FARO<br \/><a href=\"mailto:clubepetancafaro@gmail.com\">clubepetancafaro@gmail.com<\/a><\/li>\n<\/ul>\n<ul>\n<li><strong>Grupo Desp.Cult. de Machados<\/strong><br \/>Stio de Machados<br \/>8150 S.BR\u00c1S DE ALPORTEL<br \/><a href=\"mailto:gdcmachados@gmail.com\">gdcmachados@gmail.com<\/a><\/li>\n<\/ul>\n<ul>\n<li><strong>Clube de Praticantes de Petanca de Estoi<\/strong><br \/>Rua do Cemit\u00e9rio n\u00ba 03<br \/>8005-446 ESTOI<br \/><a href=\"mailto:cppestoi@gmail.com\">cppestoi@gmail.com<\/a><\/li>\n<\/ul>\n<ul>\n<li><strong>Clube de Praticantes de Petanca de Estoi<\/strong><br \/>Rua do Cemit\u00e9rio\u00a0 n\u00ba 03<br \/>8005-446\u00a0 ESTOI<br \/><a href=\"mailto:cppestoi@gmail.com\">cppestoi@gmail.com<\/a><\/li>\n<\/ul>[\/et_pb_text][\/et_pb_column][et_pb_column _builder_version=&#8221;4.27.4&#8243; _module_preset=&#8221;default&#8221; type=&#8221;1_2&#8243;][et_pb_text _builder_version=&#8221;4.27.4&#8243; _module_preset=&#8221;default&#8221; hover_enabled=&#8221;0&#8243; sticky_enabled=&#8221;0&#8243;]<p>&nbsp;<\/p>\n<ul>\n<li><strong>C.C.D.T.C.M. de Tavira<br \/><\/strong><span style=\"font-family: Arial, serif;\">Rua Prof. Domingos Mendes, N\u00ba 03<br \/><\/span>8800-352 TAVIRA<br \/><a href=\"mailto:presidenteccdtavira@gmail.com\">presidenteccdtavira@gmail.com<\/a><\/li>\n<\/ul>\n<ul>\n<li><strong>Associa\u00e7\u00e3o Onda S\u00f3lida Arraial<\/strong><br \/>Av.Dr. Eduardo Mansinho<br \/>Bloco 10 2\u00ba drt<br \/>8800-301 TAVIRA<br \/><a href=\"mailto:ondasolida@live.com.pt\">ondasolida@live.com.pt<\/a><\/li>\n<\/ul>\n<ul>\n<li><strong>Grupo Desp. Barreiras Brancas<\/strong><br \/>Barreiras Brancas<br \/>8100 Loul\u00e9<br \/><a href=\"mailto:gdbarreirasbranca @gmail.com\">gdbarreirasbranca@gmail.com<\/a><\/li>\n<\/ul>\n<ul>\n<li><strong>Associa\u00e7\u00e3o Cultural de Boliqueime<\/strong><br \/>N\u00facleo de Petanca<br \/>R.Jo\u00e3o Batista Ramos Faisca \u2013 43<br \/>8100-070 BOLIQUEIME<br \/><a href=\"mailto:acboliqueime@hotmail.com\">acboliqueime@hotmail.com<\/a><\/li>\n<\/ul>\n<ul>\n<li><strong>Clube Atl\u00e9tico Pontense<\/strong><br \/>Pontes de Marchil<br \/>8005-518 FARO<br \/><a href=\"mailto:paulorainha52@hotmail.com\">paulorainha52@hotmail.com<\/a><\/li>\n<\/ul>[\/et_pb_text][\/et_pb_column][\/et_pb_row][et_pb_row _builder_version=&#8221;4.27.4&#8243; _module_preset=&#8221;default&#8221;][et_pb_column _builder_version=&#8221;4.27.4&#8243; _module_preset=&#8221;default&#8221; type=&#8221;4_4&#8243;][et_pb_text _builder_version=&#8221;4.27.4&#8243; _module_preset=&#8221;default&#8221; hover_enabled=&#8221;0&#8243; sticky_enabled=&#8221;0&#8243;]<p><strong>Contratos Programa:<\/strong><\/p>\n<p><!-- wp:file {\"id\":1641,\"href\":\"https:\/\/fppetanca.pt\/fpp\/wp-content\/uploads\/2018\/12\/2018_Contrato_PDD_APA.pdf\"} --><\/p>\n<ul>\n<li class=\"wp-block-file\"><a id=\"wp-block-file--media-e878fa5c-c679-4e0a-8d12-85aea9559eb5\" href=\"https:\/\/fppetanca.pt\/fpp\/wp-content\/uploads\/2018\/12\/2018_Contrato_PDD_APA.pdf\" target=\"_blank\" rel=\"noreferrer noopener\">2018 &#8211; Contrato Programa de Desenvolvimento Desportivo<\/a><\/li>\n<li><a id=\"wp-block-file--media-e691bc4e-f4ef-4091-b384-6540d62c27d7\" href=\"https:\/\/fppetanca.pt\/fpp\/wp-content\/uploads\/2018\/12\/2017_Contrato_PDD_APA_assinados.pdf\" target=\"_blank\" rel=\"noreferrer noopener\">2017 &#8211; Contrato Programa de Desenvolvimento Desportivo<\/a><\/li>\n<li><!-- wp:file {\"id\":1633,\"href\":\"https:\/\/fppetanca.pt\/fpp\/wp-content\/uploads\/2018\/12\/2017_Contrato_PDD_APA_assinados.pdf\"} --><a id=\"wp-block-file--media-0346732b-6039-44ad-980b-b2c9f2d16236\" href=\"https:\/\/fppetanca.pt\/fpp\/wp-content\/uploads\/2017\/01\/2016-APA.pdf\" target=\"_blank\" rel=\"noreferrer noopener\">2016 &#8211; Contrato Programa de Desenvolvimento Desportivo<\/a><\/li>\n<li><!-- \/wp:file --><a id=\"wp-block-file--media-00899f96-205b-4507-9ac5-932c6b05f27a\" href=\"https:\/\/fppetanca.pt\/fpp\/wp-content\/uploads\/2017\/01\/2015-APA.pdf\" target=\"_blank\" rel=\"noreferrer noopener\">2015 &#8211; Contrato Programa de Desenvolvimento Desportivo<\/a><\/li>\n<\/ul>[\/et_pb_text][\/et_pb_column][\/et_pb_row][\/et_pb_section]","protected":false},"excerpt":{"rendered":"<p>Associa\u00e7\u00e3o de P\u00e9tanca do Algarve Rua Prof. Domingos Mendes8800 \u2013 671 TAVIRA Presidente: Carlos Sousa Contactos: 916236456 \/ 964875309Email: associacaopetancaalgarve@gmail.com Clubes: Clube P\u00e9tanca Escola de Loul\u00e9R. Afonso de Albuquerque , 89\u00a0 4\u00baesq.8100-531\u00a0 LOUL\u00c9escolapetancaloule@gmail.com &nbsp; Clube de P\u00e9tanca de FaroPraceta Capit\u00e3o Salgueiro MaiaBloco J s\/n\u00ba r\/c8000 FAROclubepetancafaro@gmail.com Grupo Desp.Cult. de MachadosStio de Machados8150 S.BR\u00c1S DE ALPORTELgdcmachados@gmail.com [&hellip;]<\/p>\n","protected":false},"author":1,"featured_media":0,"parent":35,"menu_order":0,"comment_status":"closed","ping_status":"closed","template":"","meta":{"_et_pb_use_builder":"on","_et_pb_old_content":"<p><strong>Associa\u00e7\u00e3o de P\u00e9tanca do Algarve<\/strong><strong><img class=\"size-full wp-image-350 alignright\" title=\" Associa\u00e7\u00e3o de Petanca do Algarve\" src=\"http:\/\/fppetanca.pt\/fpp\/wp-content\/uploads\/2014\/04\/logo_apa.png\" alt=\" Associa\u00e7\u00e3o de Petanca do Algarve\" width=\"223\" height=\"172\"><\/strong><\/p>\n<p>Rua Prof. Domingos Mendes<br>8800 \u2013 671 TAVIRA<\/p>\n<p>Presidente: Carlos Sousa<\/p>\n<p>Contactos: 916236456 \/ 964875309<br>Email: <a href=\"mailto:associacaopetancaalgarve@gmail.com\">associacaopetancaalgarve@gmail.com<\/a><\/p>\n<p>&nbsp;<\/p>\n<p><strong style=\"font-size: 13px; line-height: 19px;\">Clubes<\/strong><span style=\"font-size: 13px; line-height: 19px;\">:<\/span><\/p>\n<ul>\n<li>\n<p><strong>Clube P\u00e9tanca Escola de Loul\u00e9<br><\/strong>R. Afonso de Albuquerque , 89&nbsp; 4\u00baesq.<br>8100-531&nbsp; LOUL\u00c9<br><a href=\"mailto:escolapetancaloule@gmail.com\">escolapetancaloule@gmail.com<\/a><span style=\"color: initial; font-family: -apple-system, BlinkMacSystemFont, 'Segoe UI', Roboto, Oxygen-Sans, Ubuntu, Cantarell, 'Helvetica Neue', sans-serif; font-size: 18px;\">&nbsp;<\/span><\/p>\n<\/li>\n<li>\n<p><strong>Clube de P\u00e9tanca de Faro<\/strong><br>Praceta Capit\u00e3o Salgueiro Maia<br>Bloco J s\/n\u00ba r\/c<br>8000 FARO<br><a href=\"mailto:clubepetancafaro@gmail.com\">clubepetancafaro@gmail.com<\/a><\/p>\n<\/li>\n<li>\n<p><strong>Grupo Desp.Cult. de Machados<\/strong><br>Stio de Machados<br>8150 S.BR\u00c1S DE ALPORTEL<br><a href=\"mailto:gdcmachados@gmail.com\">gdcmachados@gmail.com<\/a><\/p>\n<\/li>\n<li>\n<p><strong>Clube de Praticantes de Petanca de Estoi<\/strong> <br>Rua do Cemit\u00e9rio n\u00ba 03<br>8005-446 ESTOI<br><a href=\"mailto:cppestoi@gmail.com\">cppestoi@gmail.com<\/a><\/p>\n<\/li>\n<li>\n<p><strong>Clube de Praticantes de Petanca de Estoi<\/strong><br>Rua do Cemit\u00e9rio&nbsp; n\u00ba 03<br>8005-446&nbsp; ESTOI<br><a href=\"mailto:cppestoi@gmail.com\">cppestoi@gmail.com<\/a><\/p>\n<\/li>\n<li>\n<p><strong>C.C.D.T.C.M. de Tavira<br><\/strong><span style=\"font-family: Arial, serif;\">Rua Prof. Domingos Mendes, N\u00ba 03<br><\/span>8800-352 TAVIRA<br><a href=\"mailto:presidenteccdtavira@gmail.com\">presidenteccdtavira@gmail.com<\/a><\/p>\n<\/li>\n<li>\n<p><strong>Associa\u00e7\u00e3o Onda S\u00f3lida Arraial<\/strong><br>Av.Dr. Eduardo Mansinho<br>Bloco 10 2\u00ba drt<br>8800-301 TAVIRA<br><a href=\"mailto:ondasolida@live.com.pt\">ondasolida@live.com.pt<\/a><\/p>\n<\/li>\n<li>\n<p><strong>Grupo Desp. Barreiras Brancas<\/strong><br>Barreiras Brancas<br>8100 Loul\u00e9<br><a href=\"mailto:gdbarreirasbranca @gmail.com\">gdbarreirasbranca@gmail.com<\/a><\/p>\n<\/li>\n<li>\n<p><strong>Associa\u00e7\u00e3o Cultural de Boliqueime<\/strong><br>N\u00facleo de Petanca<br>R.Jo\u00e3o Batista Ramos Faisca \u2013 43<br>8100-070 BOLIQUEIME<br><a href=\"mailto:acboliqueime@hotmail.com\">acboliqueime@hotmail.com<\/a><\/p>\n<\/li>\n<li>\n<p><strong>Clube Atl\u00e9tico Pontense<\/strong><br>Pontes de Marchil<br>8005-518 FARO<br><a href=\"mailto:paulorainha52@hotmail.com\">paulorainha52@hotmail.com<\/a><\/p>\n<\/li>\n<\/ul>\n<p>&nbsp;<\/p>\n<p><strong>Contratos Programa:<\/strong><\/p>\n\n<!-- wp:file {\"id\":1641,\"href\":\"http:\/\/fppetanca.pt\/fpp\/wp-content\/uploads\/2018\/12\/2018_Contrato_PDD_APA.pdf\"} -->\n<div class=\"wp-block-file\"><a id=\"wp-block-file--media-e878fa5c-c679-4e0a-8d12-85aea9559eb5\" href=\"http:\/\/fppetanca.pt\/fpp\/wp-content\/uploads\/2018\/12\/2018_Contrato_PDD_APA.pdf\" target=\"_blank\" rel=\"noreferrer noopener\">2018 - Contrato Programa de Desenvolvimento Desportivo<\/a><a href=\"http:\/\/fppetanca.pt\/fpp\/wp-content\/uploads\/2018\/12\/2018_Contrato_PDD_APA.pdf\" class=\"wp-block-file__button wp-element-button\" download aria-describedby=\"wp-block-file--media-e878fa5c-c679-4e0a-8d12-85aea9559eb5\">Download<\/a><\/div>\n<!-- \/wp:file -->\n\n<!-- wp:file {\"id\":1633,\"href\":\"http:\/\/fppetanca.pt\/fpp\/wp-content\/uploads\/2018\/12\/2017_Contrato_PDD_APA_assinados.pdf\"} -->\n<div class=\"wp-block-file\"><a id=\"wp-block-file--media-e691bc4e-f4ef-4091-b384-6540d62c27d7\" href=\"http:\/\/fppetanca.pt\/fpp\/wp-content\/uploads\/2018\/12\/2017_Contrato_PDD_APA_assinados.pdf\" target=\"_blank\" rel=\"noreferrer noopener\">2017 - Contrato Programa de Desenvolvimento Desportivo<\/a><a href=\"http:\/\/fppetanca.pt\/fpp\/wp-content\/uploads\/2018\/12\/2017_Contrato_PDD_APA_assinados.pdf\" class=\"wp-block-file__button wp-element-button\" download aria-describedby=\"wp-block-file--media-e691bc4e-f4ef-4091-b384-6540d62c27d7\">Download<\/a><\/div>\n<!-- \/wp:file -->\n\n<!-- wp:file {\"id\":1223,\"href\":\"http:\/\/fppetanca.pt\/fpp\/wp-content\/uploads\/2017\/01\/2016-APA.pdf\"} -->\n<div class=\"wp-block-file\"><a id=\"wp-block-file--media-0346732b-6039-44ad-980b-b2c9f2d16236\" href=\"http:\/\/fppetanca.pt\/fpp\/wp-content\/uploads\/2017\/01\/2016-APA.pdf\" target=\"_blank\" rel=\"noreferrer noopener\">2016 - Contrato Programa de Desenvolvimento Desportivo<\/a><a href=\"http:\/\/fppetanca.pt\/fpp\/wp-content\/uploads\/2017\/01\/2016-APA.pdf\" class=\"wp-block-file__button wp-element-button\" download aria-describedby=\"wp-block-file--media-0346732b-6039-44ad-980b-b2c9f2d16236\">Download<\/a><\/div>\n<!-- \/wp:file -->\n\n<!-- wp:file {\"id\":1215,\"href\":\"http:\/\/fppetanca.pt\/fpp\/wp-content\/uploads\/2017\/01\/2015-APA.pdf\"} -->\n<div class=\"wp-block-file\"><a id=\"wp-block-file--media-00899f96-205b-4507-9ac5-932c6b05f27a\" href=\"http:\/\/fppetanca.pt\/fpp\/wp-content\/uploads\/2017\/01\/2015-APA.pdf\" target=\"_blank\" rel=\"noreferrer noopener\">2015 - Contrato Programa de Desenvolvimento Desportivo<\/a><a href=\"http:\/\/fppetanca.pt\/fpp\/wp-content\/uploads\/2017\/01\/2015-APA.pdf\" class=\"wp-block-file__button wp-element-button\" download aria-describedby=\"wp-block-file--media-00899f96-205b-4507-9ac5-932c6b05f27a\">Download<\/a><\/div>\n<!-- \/wp:file -->","_et_gb_content_width":"","ngg_post_thumbnail":0,"footnotes":""},"class_list":["post-39","page","type-page","status-publish","hentry"],"_links":{"self":[{"href":"https:\/\/fppetanca.pt\/fpp\/wp-json\/wp\/v2\/pages\/39","targetHints":{"allow":["GET"]}}],"collection":[{"href":"https:\/\/fppetanca.pt\/fpp\/wp-json\/wp\/v2\/pages"}],"about":[{"href":"https:\/\/fppetanca.pt\/fpp\/wp-json\/wp\/v2\/types\/page"}],"author":[{"embeddable":true,"href":"https:\/\/fppetanca.pt\/fpp\/wp-json\/wp\/v2\/users\/1"}],"replies":[{"embeddable":true,"href":"https:\/\/fppetanca.pt\/fpp\/wp-json\/wp\/v2\/comments?post=39"}],"version-history":[{"count":22,"href":"https:\/\/fppetanca.pt\/fpp\/wp-json\/wp\/v2\/pages\/39\/revisions"}],"predecessor-version":[{"id":2271,"href":"https:\/\/fppetanca.pt\/fpp\/wp-json\/wp\/v2\/pages\/39\/revisions\/2271"}],"up":[{"embeddable":true,"href":"https:\/\/fppetanca.pt\/fpp\/wp-json\/wp\/v2\/pages\/35"}],"wp:attachment":[{"href":"https:\/\/fppetanca.pt\/fpp\/wp-json\/wp\/v2\/media?parent=39"}],"curies":[{"name":"wp","href":"https:\/\/api.w.org\/{rel}","templated":true}]}}