{"id":50,"date":"2013-11-11T17:21:21","date_gmt":"2013-11-11T17:21:21","guid":{"rendered":"http:\/\/fppetanca.pt\/fpp\/?page_id=50"},"modified":"2025-08-22T00:38:53","modified_gmt":"2025-08-22T00:38:53","slug":"contactos","status":"publish","type":"page","link":"https:\/\/fppetanca.pt\/fpp\/contactos\/","title":{"rendered":"Contactos"},"content":{"rendered":"[et_pb_section fb_built=&#8221;1&#8243; admin_label=&#8221;section&#8221; _builder_version=&#8221;4.16&#8243; min_height=&#8221;401.4px&#8221; custom_margin=&#8221;||-1px|||&#8221; global_colors_info=&#8221;{}&#8221;][et_pb_row admin_label=&#8221;row&#8221; _builder_version=&#8221;4.16&#8243; background_size=&#8221;initial&#8221; background_position=&#8221;top_left&#8221; background_repeat=&#8221;repeat&#8221; global_colors_info=&#8221;{}&#8221;][et_pb_column type=&#8221;4_4&#8243; _builder_version=&#8221;4.16&#8243; custom_padding=&#8221;|||&#8221; global_colors_info=&#8221;{}&#8221; custom_padding__hover=&#8221;|||&#8221;][et_pb_text admin_label=&#8221;Text&#8221; _builder_version=&#8221;4.27.4&#8243; background_size=&#8221;initial&#8221; background_position=&#8221;top_left&#8221; background_repeat=&#8221;repeat&#8221; global_colors_info=&#8221;{}&#8221;]<h3><b>Federa\u00e7\u00e3o Portuguesa de Petanca<\/b><\/h3>\n<p>&nbsp;<\/p>\n<p><strong>Morada<\/strong>:<br \/>Rua Poeta Bernardo Passos n\u00ba20<br \/>8150-115 S\u00e3o Br\u00e1s de Alportel<\/p>\n<p><strong>Telefone<\/strong>:<br \/>(+351) 289 843 777<br \/>(+351) 917 636 738<\/p>\n<p><strong>Email<\/strong>:<br \/><a href=\"mailto:geral@fppetanca.pt\">geral@fppetanca.pt<\/a><br \/><a href=\"mailto:f.p.petanca@sapo.pt\">f.p.petanca@sapo.pt<\/a><\/p>\n<p><strong>Presidente<\/strong>:<br \/>Maria Cesaltina de Jesus Concei\u00e7\u00e3o<br \/><a href=\"mailto:presidente@fppetanca.pt\" target=\"_blank\" rel=\"noopener\">presidente@fppetanca.pt<\/a><\/p>\n<p>&nbsp;<\/p>\n<p><strong>Hor\u00e1rio de funcionamento:<\/strong><br \/>Segunda &#8211; Sexta<br \/>10h00 &gt; 13h00\u00a0 |\u00a0 14h00 &gt; 17h00<\/p>\n<p><\/p>\n<p><\/p>[\/et_pb_text][\/et_pb_column][\/et_pb_row][\/et_pb_section][et_pb_section fb_built=&#8221;1&#8243; admin_label=&#8221;Map&#8221; _builder_version=&#8221;4.27.4&#8243; _module_preset=&#8221;default&#8221; background_color=&#8221;#f9f9f9&#8243; locked=&#8221;off&#8221; collapsed=&#8221;on&#8221; global_colors_info=&#8221;{}&#8221;][et_pb_row _builder_version=&#8221;4.27.4&#8243; _module_preset=&#8221;default&#8221; custom_margin=&#8221;0px||0px||false|false&#8221; custom_padding=&#8221;0px||0px||false|false&#8221; link_option_url=&#8221;https:\/\/www.google.com\/maps\/place\/Federa%C3%A7%C3%A3o+Portuguesa+de+Petanca\/@37.1519452,-7.8880513,18.14z\/data=!4m15!1m8!3m7!1s0xd1aaec4af6ee093:0xa4253dee2399bc26!2sR.+Poe.+Bernardo+de+Passos+20,+8150-151+S%C3%A3o+Br%C3%A1s+de+Alportel!3b1!8m2!3d37.1516273!4d-7.8880733!16s%2Fg%2F11c5cllx_v!3m5!1s0xd1aaec4af70ced3:0x9123137db20a14dd!8m2!3d37.1515985!4d-7.887914!16s%2Fg%2F1td7pl71?authuser=0&#038;entry=ttu&#038;g_ep=EgoyMDI1MDQyOS4wIKXMDSoASAFQAw%3D%3D&#8221; global_colors_info=&#8221;{}&#8221;][et_pb_column type=&#8221;4_4&#8243; _builder_version=&#8221;4.27.4&#8243; _module_preset=&#8221;default&#8221; global_colors_info=&#8221;{}&#8221;][et_pb_code _builder_version=&#8221;4.27.4&#8243; _module_preset=&#8221;default&#8221; global_colors_info=&#8221;{}&#8221;]<iframe src=\"https:\/\/www.google.com\/maps\/embed?pb=!1m18!1m12!1m3!1d278.48731368836224!2d-7.8876332311687865!3d37.15157212988176!2m3!1f0!2f0!3f0!3m2!1i1024!2i768!4f13.1!3m3!1m2!1s0xd1aaec4af70ced3%3A0x9123137db20a14dd!2sFedera%C3%A7%C3%A3o%20Portuguesa%20de%20Petanca!5e0!3m2!1spt-PT!2spt!4v1746223117392!5m2!1spt-PT!2spt\" width=\"100%\" height=\"450\" style=\"border:0;\" allowfullscreen=\"\" loading=\"lazy\" referrerpolicy=\"no-referrer-when-downgrade\"><\/iframe>[\/et_pb_code][\/et_pb_column][\/et_pb_row][\/et_pb_section]","protected":false},"excerpt":{"rendered":"<p>Federa\u00e7\u00e3o Portuguesa de Petanca &nbsp; Morada:Rua Poeta Bernardo Passos n\u00ba208150-115 S\u00e3o Br\u00e1s de Alportel Telefone:(+351) 289 843 777(+351) 917 636 738 Email:geral@fppetanca.ptf.p.petanca@sapo.pt Presidente:Maria Cesaltina de Jesus Concei\u00e7\u00e3opresidente@fppetanca.pt &nbsp; Hor\u00e1rio de funcionamento:Segunda &#8211; Sexta10h00 &gt; 13h00\u00a0 |\u00a0 14h00 &gt; 17h00<\/p>\n","protected":false},"author":1,"featured_media":0,"parent":0,"menu_order":8,"comment_status":"closed","ping_status":"closed","template":"","meta":{"_et_pb_use_builder":"on","_et_pb_old_content":"<p><b>Federa\u00e7\u00e3o Portuguesa de Petanca<\/b><\/p>\n<p>Rua Poeta Bernardo Passos n\u00ba20<br>8150-115 S\u00e3o Br\u00e1s de Alportel<br>Tel: (+351)&nbsp;289 843 777 \/ Tlm: (+351) 917 636 738<br>Email:&nbsp;<a href=\"mailto:f.p.petanca@sapo.pt\">f.p.petanca@sapo.pt<\/a><\/p>\n<p>Presidente - Maria Cesaltina de Jesus Concei\u00e7\u00e3o<\/p>\n<p><strong style=\"font-size: 13px; line-height: 19px;\">Hor\u00e1rio de funcionamento:<\/strong><\/p>\n<p>Segunda - Sexta - 10h00 &gt; 13h00&nbsp; |&nbsp; 14h00 &gt; 17h00<\/p>\n\n<!-- wp:paragraph -->\n<p><\/p>\n<!-- \/wp:paragraph -->","_et_gb_content_width":"","ngg_post_thumbnail":0,"footnotes":""},"class_list":["post-50","page","type-page","status-publish","hentry"],"_links":{"self":[{"href":"https:\/\/fppetanca.pt\/fpp\/wp-json\/wp\/v2\/pages\/50","targetHints":{"allow":["GET"]}}],"collection":[{"href":"https:\/\/fppetanca.pt\/fpp\/wp-json\/wp\/v2\/pages"}],"about":[{"href":"https:\/\/fppetanca.pt\/fpp\/wp-json\/wp\/v2\/types\/page"}],"author":[{"embeddable":true,"href":"https:\/\/fppetanca.pt\/fpp\/wp-json\/wp\/v2\/users\/1"}],"replies":[{"embeddable":true,"href":"https:\/\/fppetanca.pt\/fpp\/wp-json\/wp\/v2\/comments?post=50"}],"version-history":[{"count":13,"href":"https:\/\/fppetanca.pt\/fpp\/wp-json\/wp\/v2\/pages\/50\/revisions"}],"predecessor-version":[{"id":2458,"href":"https:\/\/fppetanca.pt\/fpp\/wp-json\/wp\/v2\/pages\/50\/revisions\/2458"}],"wp:attachment":[{"href":"https:\/\/fppetanca.pt\/fpp\/wp-json\/wp\/v2\/media?parent=50"}],"curies":[{"name":"wp","href":"https:\/\/api.w.org\/{rel}","templated":true}]}}