{"id":84,"date":"2013-12-03T23:38:02","date_gmt":"2013-12-03T23:38:02","guid":{"rendered":"http:\/\/fppetanca.pt\/fpp\/?page_id=84"},"modified":"2025-09-09T11:23:39","modified_gmt":"2025-09-09T11:23:39","slug":"regulamentos","status":"publish","type":"page","link":"https:\/\/fppetanca.pt\/fpp\/documentacao\/regulamentos\/","title":{"rendered":"Regulamentos complementares"},"content":{"rendered":"<p>[et_pb_section fb_built=&#8221;1&#8243; _builder_version=&#8221;4.16&#8243; global_colors_info=&#8221;{}&#8221;][et_pb_row _builder_version=&#8221;4.16&#8243; background_size=&#8221;initial&#8221; background_position=&#8221;top_left&#8221; background_repeat=&#8221;repeat&#8221; global_colors_info=&#8221;{}&#8221;][et_pb_column type=&#8221;4_4&#8243; _builder_version=&#8221;4.16&#8243; custom_padding=&#8221;|||&#8221; global_colors_info=&#8221;{}&#8221; custom_padding__hover=&#8221;|||&#8221;][et_pb_text _builder_version=&#8221;4.27.4&#8243; background_size=&#8221;initial&#8221; background_position=&#8221;top_left&#8221; background_repeat=&#8221;repeat&#8221; global_colors_info=&#8221;{}&#8221;]<\/p>\n<h2>Regulamentos complementares<\/h2>\n<p>Consulte neste espa\u00e7o os documentos que regulam as provas nas v\u00e1rias vertentes da modalidade, bem como a conduta desportiva de todos os interveniente.<\/p>\n<p>[\/et_pb_text][et_pb_accordion _builder_version=&#8221;4.27.4&#8243; _module_preset=&#8221;default&#8221; hover_enabled=&#8221;0&#8243; global_colors_info=&#8221;{%22gcid-primary-color%22:%91%22body_quote_text_color%22,%22quote_text_color%22,%22body_quote_text_color%22,%22quote_text_color%22,%22body_quote_text_color%22,%22quote_text_color%22%93,%22gcid-secondary-color%22:%91%22icon_color%22,%22icon_color%22,%22icon_color%22%93,%22gcid-heading-color%22:%91%22toggle_text_color%22,%22toggle_text_color%22,%22toggle_text_color%22%93,%22gcid-00af8519-940d-4f62-84af-484aba407c29%22:%91%22border_color_all%22,%22border_color_all%22,%22border_color_all%22%93}&#8221; sticky_enabled=&#8221;0&#8243; body_quote_text_color=&#8221;#e3530b&#8221; icon_color=&#8221;#0d58b3&#8243; toggle_text_color=&#8221;#000000&#8243; border_color_all=&#8221;rgba(0,0,0,0.2)&#8221; border_width_all=&#8221;0px&#8221; border_width_bottom=&#8221;1px&#8221;][et_pb_accordion_item title=&#8221;Regulamento de Disciplina&#8221; open=&#8221;on&#8221; _builder_version=&#8221;4.27.4&#8243; _module_preset=&#8221;default&#8221; global_colors_info=&#8221;{}&#8221;]<\/p>\n<ul>\n<li><a href=\"https:\/\/fppetanca.pt\/fpp\/wp-content\/uploads\/2025\/09\/Regulamento-Disciplina_-FPP_-Definitivo_22082025.pdf\" rel=\"attachment noopener wp-att-2477\" target=\"_blank\">Regulamento de Disciplina (2025)- (atualizado em 22-08-2025)<\/a><\/li>\n<li><a href=\"https:\/\/fppetanca.pt\/fpp\/wp-content\/uploads\/2024\/01\/202401_Regulamento_Disciplina.pdf\" target=\"_blank\" rel=\"noopener\">Regulamento de Disciplina (2023) &#8211; Revogado<\/a><\/li>\n<li><a href=\"https:\/\/fppetanca.pt\/fpp\/wp-content\/uploads\/2023\/01\/20230102_REGULAMENTO_DISCIPLINA_FPP.pdf\" target=\"_blank\" rel=\"noopener\">Regulamento de Disciplina (2022) &#8211; Revogado<\/a><\/li>\n<li><a href=\"https:\/\/fppetanca.pt\/fpp\/wp-content\/uploads\/2016\/06\/REGULAMENTO-DE-DISCIPLINA.pdf\" target=\"_blank\" rel=\"noopener\">Regulamento de Disciplina (2014) &#8211; Revogado<\/a><\/li>\n<\/ul>\n<p>[\/et_pb_accordion_item][et_pb_accordion_item title=&#8221;Regulamento Oficial de Petanca&#8221; _builder_version=&#8221;4.27.4&#8243; _module_preset=&#8221;default&#8221; global_colors_info=&#8221;{}&#8221; open=&#8221;off&#8221;]<\/p>\n<ul>\n<li><a href=\"https:\/\/fppetanca.pt\/fpp\/wp-content\/uploads\/2024\/01\/202401_Regulamento_Oficial_Petanca_2021correcao.pdf\" target=\"_blank\" rel=\"noopener\">Regulamento Oficial de Petanca (2021) [Atualiza\u00e7\u00e3o]<\/a><\/li>\n<li><a href=\"https:\/\/fppetanca.pt\/fpp\/wp-content\/uploads\/2021\/06\/Regulamento-Oficial-Petanca-Versao-Atual.pdf\" target=\"_blank\" rel=\"noopener\">Regulamento Oficial de Petanca (2021)<\/a><\/li>\n<li><a href=\"https:\/\/fppetanca.pt\/fpp\/wp-content\/uploads\/2013\/12\/regulamento_oficial_petanca_2013.pdf\" target=\"_blank\" rel=\"noopener\">Regulamento Oficial de Petanca (2010)<\/a><\/li>\n<\/ul>\n<p>[\/et_pb_accordion_item][et_pb_accordion_item title=&#8221;Regulamentos Administrativos&#8221; _builder_version=&#8221;4.27.4&#8243; _module_preset=&#8221;default&#8221; global_colors_info=&#8221;{}&#8221; open=&#8221;off&#8221;]<\/p>\n<ul>\n<li><a href=\"https:\/\/fppetanca.pt\/fpp\/wp-content\/uploads\/2021\/06\/Regulamento-Administrativo-e-Desportivo.pdf\" target=\"_blank\" rel=\"noopener\">Regulamento Administrativo e Desportivo (2021)<\/a><\/li>\n<li><a href=\"https:\/\/fppetanca.pt\/fpp\/wp-content\/uploads\/2016\/06\/REGULAMENTOS-ADMINISTRATIVOS.pdf\" target=\"_blank\" rel=\"noopener\">Regulamentos Administrativos (2016)<\/a><\/li>\n<li><a href=\"https:\/\/fppetanca.pt\/fpp\/wp-content\/uploads\/2016\/06\/REGULAMENTO-DE-AGENTES-DESPORTIVOS.pdf\" target=\"_blank\" rel=\"noopener\">Regulamento de Forma\u00e7\u00e3o, Inscri\u00e7\u00e3o e atua\u00e7\u00e3o de Agentes Desportivos (2014)<\/a><\/li>\n<\/ul>\n<p>[\/et_pb_accordion_item][et_pb_accordion_item title=&#8221;Regulamento da Antidopagem&#8221; _builder_version=&#8221;4.27.4&#8243; _module_preset=&#8221;default&#8221; hover_enabled=&#8221;0&#8243; global_colors_info=&#8221;{}&#8221; open=&#8221;off&#8221; sticky_enabled=&#8221;0&#8243;]<\/p>\n<ul>\n<li><a href=\"https:\/\/fppetanca.pt\/fpp\/wp-content\/uploads\/2025\/09\/Regulamento-da-Antidopagem_-FPP_-Definitivo_22082025_-Aprovado-pela-ADoP_-27.08.2025.pdf\" rel=\"attachment wp-att-2476\">Regulamento da Anti-doping\u00a0 (2025)<\/a> &#8211;\u00a0actualizado a 22\/08\/2025, registado na ADoP a 27\/08\/2025, e com entrada em pr\u00e1tica na \u00e9poca 2025\/2026<\/li>\n<li><a href=\"https:\/\/fppetanca.pt\/fpp\/wp-content\/uploads\/2013\/12\/regulamento_controlo_AntiDoping.pdf\" target=\"_blank\" rel=\"noopener\">Regulamento Anti-doping (Revogado)<\/a><\/li>\n<\/ul>\n<p>[\/et_pb_accordion_item][et_pb_accordion_item title=&#8221;Regulamento de Integridade&#8221; _builder_version=&#8221;4.27.4&#8243; _module_preset=&#8221;default&#8221; global_colors_info=&#8221;{}&#8221; open=&#8221;off&#8221;]<\/p>\n<ul>\n<li><a href=\"https:\/\/fppetanca.pt\/fpp\/wp-content\/uploads\/2025\/09\/Regulamento-Integridade_-FPP_-Definitivo_22082025.pdf\" rel=\"attachment noopener wp-att-2478\" target=\"_blank\">Regulamento Integridade (atualizado em 22\/08\/2025)<\/a><\/li>\n<\/ul>\n<p>[\/et_pb_accordion_item][et_pb_accordion_item title=&#8221;Regulamento Contra o Racismo e Viol\u00eancia no Desporto&#8221; _builder_version=&#8221;4.27.4&#8243; _module_preset=&#8221;default&#8221; global_colors_info=&#8221;{}&#8221; open=&#8221;off&#8221;]<\/p>\n<ul>\n<li><a href=\"https:\/\/fppetanca.pt\/fpp\/wp-content\/uploads\/2016\/06\/Regulamento-de-Preven\u00e7\u00e3o.pdf\" target=\"_blank\" rel=\"noopener\">Regulamento de Preven\u00e7\u00e3o e Puni\u00e7\u00e3o das Manifesta\u00e7\u00f5es de Viol\u00eancia, Racismo, Xenofobia e Intoler\u00e2ncia nos Espet\u00e1culos Desportivos (2010)<\/a><\/li>\n<\/ul>\n<p>[\/et_pb_accordion_item][et_pb_accordion_item title=&#8221;Regulamentos de Competi\u00e7\u00f5es (Tiro de precis\u00e3o\/Petanca)&#8221; _builder_version=&#8221;4.27.4&#8243; _module_preset=&#8221;default&#8221; global_colors_info=&#8221;{}&#8221; open=&#8221;off&#8221;]<\/p>\n<ul>\n<li><a href=\"https:\/\/fppetanca.pt\/fpp\/wp-content\/uploads\/2024\/02\/FPP_Reg_CampMundo_Tiro_Precisao_VFinal_atualizacao_2021.pdf\" target=\"_blank\" rel=\"noopener\">Regulamento Mundial de Tiro de Precis\u00e3o (Atualiza\u00e7\u00e3o 2021)<\/a><\/li>\n<li><a href=\"https:\/\/fppetanca.pt\/fpp\/wp-content\/uploads\/2021\/06\/TIRO-DE-PETANCA-DE-PRECISAO-2021.pdf\">Regulamento Mundial de Tiro de Precis\u00e3o (2021)<\/a><\/li>\n<li><a href=\"https:\/\/fppetanca.pt\/fpp\/wp-content\/uploads\/2016\/09\/REGULAMENTO-TA\u00c7A-DE-PORTUGAL.pdf\" target=\"_blank\" rel=\"noopener\">Regulamento da Ta\u00e7a de Portugal (2013)<\/a><\/li>\n<li><a href=\"https:\/\/fppetanca.pt\/fpp\/wp-content\/uploads\/2016\/04\/Regulamento-Campeonato-Nacional.pdf\" target=\"_blank\" rel=\"noopener\">Regulamento do Campeonato Nacional de Petanca (2013)<\/a><\/li>\n<li><a href=\"https:\/\/fppetanca.pt\/fpp\/wp-content\/uploads\/2013\/12\/REGULAMENTO-DO-CAMPEONATO-NACIONAL-DE-PETANCA-E-TIRO-DE-PRECIS\u00c3O.pdf\" target=\"_blank\" rel=\"noopener\">Regulamento do Campeonato Nacional de Petanca e Tiro de Precis\u00e3o (2013)<\/a>\u00a0<\/li>\n<\/ul>\n<p>[\/et_pb_accordion_item][\/et_pb_accordion][\/et_pb_column][\/et_pb_row][\/et_pb_section]<\/p>\n","protected":false},"excerpt":{"rendered":"<p>Regulamentos complementares Consulte neste espa\u00e7o os documentos que regulam as provas nas v\u00e1rias vertentes da modalidade, bem como a conduta desportiva de todos os interveniente. Regulamento de Disciplina (2025)- (atualizado em 22-08-2025) Regulamento de Disciplina (2023) &#8211; Revogado Regulamento de Disciplina (2022) &#8211; Revogado Regulamento de Disciplina (2014) &#8211; Revogado Regulamento Oficial de Petanca (2021) [&hellip;]<\/p>\n","protected":false},"author":1,"featured_media":0,"parent":716,"menu_order":0,"comment_status":"closed","ping_status":"closed","template":"","meta":{"_et_pb_use_builder":"on","_et_pb_old_content":"Consulte neste espa\u00e7o os documentos que regulam as provas nas v\u00e1rias vertentes da modalidade, bem como a conduta desportiva de todos os intervenientes.\n\n&nbsp;\n<ul>\n \t<li><a href=\"https:\/\/fppetanca.pt\/fpp\/wp-content\/uploads\/2024\/01\/202401_Regulamento_Disciplina.pdf\" target=\"_blank\" rel=\"noopener\">Regulamento de Disciplina (2023)<\/a><\/li>\n \t<li><a href=\"https:\/\/fppetanca.pt\/fpp\/wp-content\/uploads\/2023\/01\/20230102_REGULAMENTO_DISCIPLINA_FPP.pdf\" target=\"_blank\" rel=\"noopener\">Regulamento de Disciplina (2022)<\/a><\/li>\n \t<li><a href=\"http:\/\/fppetanca.pt\/fpp\/wp-content\/uploads\/2016\/06\/REGULAMENTO-DE-DISCIPLINA.pdf\" target=\"_blank\" rel=\"noopener\">Regulamento de Disciplina (2014)<\/a><\/li>\n<\/ul>\n&nbsp;\n<ul>\n \t<li><a href=\"https:\/\/fppetanca.pt\/fpp\/wp-content\/uploads\/2024\/01\/202401_Regulamento_Oficial_Petanca_2021correcao.pdf\" target=\"_blank\" rel=\"noopener\">Regulamento Oficial de Petanca (2021) [Atualiza\u00e7\u00e3o]<\/a><\/li>\n \t<li><a href=\"http:\/\/fppetanca.pt\/fpp\/wp-content\/uploads\/2021\/06\/Regulamento-Oficial-Petanca-Versao-Atual.pdf\" target=\"_blank\" rel=\"noopener\">Regulamento Oficial de Petanca (2021)<\/a><\/li>\n \t<li><a href=\"http:\/\/fppetanca.pt\/fpp\/wp-content\/uploads\/2013\/12\/regulamento_oficial_petanca_2013.pdf\" target=\"_blank\" rel=\"noopener\">Regulamento Oficial de Petanca (2010)<\/a><\/li>\n<\/ul>\n&nbsp;\n<ul>\n \t<li><a href=\"https:\/\/fppetanca.pt\/fpp\/wp-content\/uploads\/2022\/12\/2022_Regulamento_Eleitoral.pdf\" target=\"_blank\" rel=\"noopener\">Regulamento Eleitoral (2022)<\/a><\/li>\n \t<li><a href=\"http:\/\/fppetanca.pt\/fpp\/wp-content\/uploads\/2021\/06\/Regulamento-Administrativo-e-Desportivo.pdf\" target=\"_blank\" rel=\"noopener\">Regulamento Administrativo e Desportivo (2021)<\/a><\/li>\n \t<li><a href=\"http:\/\/fppetanca.pt\/fpp\/wp-content\/uploads\/2016\/06\/REGULAMENTOS-ADMINISTRATIVOS.pdf\" target=\"_blank\" rel=\"noopener\">Regulamentos Administrativos (2016)<\/a><\/li>\n \t<li><a href=\"http:\/\/fppetanca.pt\/fpp\/wp-content\/uploads\/2016\/06\/REGULAMENTO-DE-AGENTES-DESPORTIVOS.pdf\" target=\"_blank\" rel=\"noopener\">Regulamento de Forma\u00e7\u00e3o, Inscri\u00e7\u00e3o e atua\u00e7\u00e3o de Agentes Desportivos (2014)<\/a><\/li>\n<\/ul>\n&nbsp;\n<ul>\n \t<li><a href=\"https:\/\/fppetanca.pt\/fpp\/wp-content\/uploads\/2024\/02\/FPP_Reg_CampMundo_Tiro_Precisao_VFinal_atualizacao_2021.pdf\" target=\"_blank\" rel=\"noopener\">Regulamento Mundial de Tiro de Precis\u00e3o (Atualiza\u00e7\u00e3o 2021)<\/a><\/li>\n \t<li><a href=\"http:\/\/fppetanca.pt\/fpp\/wp-content\/uploads\/2021\/06\/TIRO-DE-PETANCA-DE-PRECISAO-2021.pdf\">Regulamento Mundial de Tiro de Precis\u00e3o (2021)<\/a><\/li>\n \t<li><a href=\"http:\/\/fppetanca.pt\/fpp\/wp-content\/uploads\/2016\/09\/REGULAMENTO-TA\u00c7A-DE-PORTUGAL.pdf\" target=\"_blank\" rel=\"noopener\">Regulamento da Ta\u00e7a de Portugal (2013)<\/a><\/li>\n \t<li><a href=\"http:\/\/fppetanca.pt\/fpp\/wp-content\/uploads\/2016\/04\/Regulamento-Campeonato-Nacional.pdf\" target=\"_blank\" rel=\"noopener\">Regulamento do Campeonato Nacional de Petanca (2013)<\/a><\/li>\n \t<li><a href=\"http:\/\/fppetanca.pt\/fpp\/wp-content\/uploads\/2013\/12\/REGULAMENTO-DO-CAMPEONATO-NACIONAL-DE-PETANCA-E-TIRO-DE-PRECIS\u00c3O.pdf\" target=\"_blank\" rel=\"noopener\">Regulamento do Campeonato Nacional de Petanca e Tiro de Precis\u00e3o (2013)<\/a>&nbsp;<\/li>\n<\/ul>\n&nbsp;\n<ul>\n \t<li><a href=\"http:\/\/fppetanca.pt\/fpp\/wp-content\/uploads\/2013\/12\/regulamento_controlo_AntiDoping.pdf\" target=\"_blank\" rel=\"noopener\">Regulamento Anti-doping<\/a><\/li>\n \t<li><a href=\"http:\/\/fppetanca.pt\/fpp\/wp-content\/uploads\/2016\/06\/Regulamento-de-Preven\u00e7\u00e3o.pdf\" target=\"_blank\" rel=\"noopener\">Regulamento de Preven\u00e7\u00e3o e Puni\u00e7\u00e3o das Manifesta\u00e7\u00f5es de Viol\u00eancia, Racismo, Xenofobia e Intoler\u00e2ncia nos Espet\u00e1culos Desportivos (2010)<\/a><\/li>\n<\/ul>","_et_gb_content_width":"","ngg_post_thumbnail":0,"footnotes":""},"class_list":["post-84","page","type-page","status-publish","hentry"],"_links":{"self":[{"href":"https:\/\/fppetanca.pt\/fpp\/wp-json\/wp\/v2\/pages\/84","targetHints":{"allow":["GET"]}}],"collection":[{"href":"https:\/\/fppetanca.pt\/fpp\/wp-json\/wp\/v2\/pages"}],"about":[{"href":"https:\/\/fppetanca.pt\/fpp\/wp-json\/wp\/v2\/types\/page"}],"author":[{"embeddable":true,"href":"https:\/\/fppetanca.pt\/fpp\/wp-json\/wp\/v2\/users\/1"}],"replies":[{"embeddable":true,"href":"https:\/\/fppetanca.pt\/fpp\/wp-json\/wp\/v2\/comments?post=84"}],"version-history":[{"count":32,"href":"https:\/\/fppetanca.pt\/fpp\/wp-json\/wp\/v2\/pages\/84\/revisions"}],"predecessor-version":[{"id":2496,"href":"https:\/\/fppetanca.pt\/fpp\/wp-json\/wp\/v2\/pages\/84\/revisions\/2496"}],"up":[{"embeddable":true,"href":"https:\/\/fppetanca.pt\/fpp\/wp-json\/wp\/v2\/pages\/716"}],"wp:attachment":[{"href":"https:\/\/fppetanca.pt\/fpp\/wp-json\/wp\/v2\/media?parent=84"}],"curies":[{"name":"wp","href":"https:\/\/api.w.org\/{rel}","templated":true}]}}