{"id":939,"date":"2016-06-06T15:03:21","date_gmt":"2016-06-06T15:03:21","guid":{"rendered":"http:\/\/fppetanca.pt\/fpp\/?page_id=939"},"modified":"2018-05-02T22:45:12","modified_gmt":"2018-05-02T22:45:12","slug":"formacao-continua-de-treinadores","status":"publish","type":"page","link":"https:\/\/fppetanca.pt\/fpp\/gabinete-tecnico\/formacao-continua-de-treinadores\/","title":{"rendered":"Forma\u00e7\u00e3o"},"content":{"rendered":"<p>Forma\u00e7\u00e3o Continua de Treinadores<\/p>\n<ul>\n<li><a href=\"https:\/\/fppetanca.pt\/fpp\/wp-content\/uploads\/2016\/06\/Forma\u00e7\u00e3o-continua-treinadores-2016.pdf\" target=\"_blank\" rel=\"noopener\">Forma\u00e7\u00e3o continua de treinadores e delegados t\u00e9cnicos &#8211; 2016<\/a><\/li>\n<\/ul>\n","protected":false},"excerpt":{"rendered":"<p>Forma\u00e7\u00e3o Continua de Treinadores Forma\u00e7\u00e3o continua de treinadores e delegados t\u00e9cnicos &#8211; 2016<\/p>\n","protected":false},"author":1,"featured_media":0,"parent":254,"menu_order":4,"comment_status":"closed","ping_status":"closed","template":"","meta":{"_et_pb_use_builder":"","_et_pb_old_content":"","_et_gb_content_width":"","ngg_post_thumbnail":0,"footnotes":""},"class_list":["post-939","page","type-page","status-publish","hentry"],"_links":{"self":[{"href":"https:\/\/fppetanca.pt\/fpp\/wp-json\/wp\/v2\/pages\/939","targetHints":{"allow":["GET"]}}],"collection":[{"href":"https:\/\/fppetanca.pt\/fpp\/wp-json\/wp\/v2\/pages"}],"about":[{"href":"https:\/\/fppetanca.pt\/fpp\/wp-json\/wp\/v2\/types\/page"}],"author":[{"embeddable":true,"href":"https:\/\/fppetanca.pt\/fpp\/wp-json\/wp\/v2\/users\/1"}],"replies":[{"embeddable":true,"href":"https:\/\/fppetanca.pt\/fpp\/wp-json\/wp\/v2\/comments?post=939"}],"version-history":[{"count":3,"href":"https:\/\/fppetanca.pt\/fpp\/wp-json\/wp\/v2\/pages\/939\/revisions"}],"predecessor-version":[{"id":1554,"href":"https:\/\/fppetanca.pt\/fpp\/wp-json\/wp\/v2\/pages\/939\/revisions\/1554"}],"up":[{"embeddable":true,"href":"https:\/\/fppetanca.pt\/fpp\/wp-json\/wp\/v2\/pages\/254"}],"wp:attachment":[{"href":"https:\/\/fppetanca.pt\/fpp\/wp-json\/wp\/v2\/media?parent=939"}],"curies":[{"name":"wp","href":"https:\/\/api.w.org\/{rel}","templated":true}]}}