{"id":951,"date":"2016-06-06T15:11:25","date_gmt":"2016-06-06T15:11:25","guid":{"rendered":"http:\/\/fppetanca.pt\/fpp\/?page_id=951"},"modified":"2017-01-24T11:12:49","modified_gmt":"2017-01-24T11:12:49","slug":"951-2","status":"publish","type":"page","link":"https:\/\/fppetanca.pt\/fpp\/00_manutencao\/951-2\/","title":{"rendered":"Regulamento de Competi\u00e7\u00e3o de Petanca"},"content":{"rendered":"<p><a href=\"https:\/\/fppetanca.pt\/fpp\/wp-content\/uploads\/2016\/06\/Regulamento-de-Competi\u00e7\u00e3o-de-P\u00e9tanca.pdf\">Regulamento de Competi\u00e7\u00e3o de P\u00e9tanca<\/a><\/p>\n","protected":false},"excerpt":{"rendered":"<p>Regulamento de Competi\u00e7\u00e3o de P\u00e9tanca<\/p>\n","protected":false},"author":1,"featured_media":0,"parent":1283,"menu_order":4,"comment_status":"closed","ping_status":"closed","template":"","meta":{"_et_pb_use_builder":"","_et_pb_old_content":"","_et_gb_content_width":"","ngg_post_thumbnail":0,"footnotes":""},"class_list":["post-951","page","type-page","status-publish","hentry"],"_links":{"self":[{"href":"https:\/\/fppetanca.pt\/fpp\/wp-json\/wp\/v2\/pages\/951","targetHints":{"allow":["GET"]}}],"collection":[{"href":"https:\/\/fppetanca.pt\/fpp\/wp-json\/wp\/v2\/pages"}],"about":[{"href":"https:\/\/fppetanca.pt\/fpp\/wp-json\/wp\/v2\/types\/page"}],"author":[{"embeddable":true,"href":"https:\/\/fppetanca.pt\/fpp\/wp-json\/wp\/v2\/users\/1"}],"replies":[{"embeddable":true,"href":"https:\/\/fppetanca.pt\/fpp\/wp-json\/wp\/v2\/comments?post=951"}],"version-history":[{"count":2,"href":"https:\/\/fppetanca.pt\/fpp\/wp-json\/wp\/v2\/pages\/951\/revisions"}],"predecessor-version":[{"id":954,"href":"https:\/\/fppetanca.pt\/fpp\/wp-json\/wp\/v2\/pages\/951\/revisions\/954"}],"up":[{"embeddable":true,"href":"https:\/\/fppetanca.pt\/fpp\/wp-json\/wp\/v2\/pages\/1283"}],"wp:attachment":[{"href":"https:\/\/fppetanca.pt\/fpp\/wp-json\/wp\/v2\/media?parent=951"}],"curies":[{"name":"wp","href":"https:\/\/api.w.org\/{rel}","templated":true}]}}